{"id":136,"date":"2016-09-18T15:31:49","date_gmt":"2016-09-18T18:31:49","guid":{"rendered":"https:\/\/www.avancoti.com.br\/novo_site\/?page_id=136"},"modified":"2020-06-02T20:58:40","modified_gmt":"2020-06-02T23:58:40","slug":"redes-outdoor-salvador","status":"publish","type":"page","link":"http:\/\/www.avancoti.com.br\/novo_site\/servicos\/redes-sem-fio-salvador\/redes-outdoor-salvador\/","title":{"rendered":"Redes Outdoor"},"content":{"rendered":"<div id=\"pl-136\"  class=\"panel-layout\" ><div id=\"pg-136-0\"  class=\"panel-grid panel-has-style\" ><div class=\"siteorigin-panels-stretch panel-row-style-full-width panel-row-style panel-row-style-for-136-0\" data-stretch-type=\"full-stretched\" ><div id=\"pgc-136-0-0\"  class=\"panel-grid-cell\" ><div id=\"panel-136-0-0-0\" class=\"so-panel widget widget_black-studio-tinymce widget_black_studio_tinymce panel-first-child panel-last-child\" data-index=\"0\" ><div class=\"textwidget\"><p><span class=\"\" style=\"display:block;clear:both;height: 0px;margin-top: -75px;border-top-width:0px;border-bottom-width:0px;\"><\/span><\/p>\n<p><img loading=\"lazy\" decoding=\"async\" class=\"aligncenter size-full wp-image-244\" src=\"https:\/\/www.avancoti.com.br\/novo_site\/wp-content\/uploads\/2016\/09\/banner-servi\u00e7os-REDESOUTDOOR.jpg\" alt=\"banner-servicos-redesoutdoor\" width=\"1920\" height=\"400\" srcset=\"http:\/\/www.avancoti.com.br\/novo_site\/wp-content\/uploads\/2016\/09\/banner-servi\u00e7os-REDESOUTDOOR.jpg 1920w, http:\/\/www.avancoti.com.br\/novo_site\/wp-content\/uploads\/2016\/09\/banner-servi\u00e7os-REDESOUTDOOR-300x63.jpg 300w, http:\/\/www.avancoti.com.br\/novo_site\/wp-content\/uploads\/2016\/09\/banner-servi\u00e7os-REDESOUTDOOR-768x160.jpg 768w, http:\/\/www.avancoti.com.br\/novo_site\/wp-content\/uploads\/2016\/09\/banner-servi\u00e7os-REDESOUTDOOR-1024x213.jpg 1024w\" sizes=\"auto, (max-width: 1920px) 100vw, 1920px\" \/><\/p>\n<\/div><\/div><\/div><\/div><\/div><div id=\"pg-136-1\"  class=\"panel-grid panel-no-style\" ><div id=\"pgc-136-1-0\"  class=\"panel-grid-cell\" ><div id=\"panel-136-1-0-0\" class=\"so-panel widget widget_black-studio-tinymce widget_black_studio_tinymce panel-first-child panel-last-child\" data-index=\"1\" ><div class=\"textwidget\"><p><img loading=\"lazy\" decoding=\"async\" class=\"aligncenter size-large wp-image-352\" src=\"https:\/\/www.avancoti.com.br\/novo_site\/wp-content\/uploads\/2016\/09\/Ponto_a_Ponto_Multiponto-1024x533.png\" alt=\"Ponto_a_Ponto_Multiponto\" width=\"720\" height=\"375\" srcset=\"http:\/\/www.avancoti.com.br\/novo_site\/wp-content\/uploads\/2016\/09\/Ponto_a_Ponto_Multiponto-1024x533.png 1024w, http:\/\/www.avancoti.com.br\/novo_site\/wp-content\/uploads\/2016\/09\/Ponto_a_Ponto_Multiponto-300x156.png 300w, http:\/\/www.avancoti.com.br\/novo_site\/wp-content\/uploads\/2016\/09\/Ponto_a_Ponto_Multiponto-768x400.png 768w\" sizes=\"auto, (max-width: 720px) 100vw, 720px\" \/><\/p>\n<\/div><\/div><\/div><\/div><div id=\"pg-136-2\"  class=\"panel-grid panel-no-style\" ><div id=\"pgc-136-2-0\"  class=\"panel-grid-cell\" ><div id=\"panel-136-2-0-0\" class=\"so-panel widget widget_sow-editor panel-first-child\" data-index=\"2\" ><div\n\t\t\t\n\t\t\tclass=\"so-widget-sow-editor so-widget-sow-editor-base\"\n\t\t\t\n\t\t><h3 class=\"widget-title\">Redes Outdoor<\/h3>\n<div class=\"siteorigin-widget-tinymce textwidget\">\n\t<p>Imagine sua empresa interligada \u00e0 filiais atrav\u00e9s de uma rede wireless pr\u00f3pria com dist\u00e2ncias superiores a 30 Km com total estabilidade e seguran\u00e7a, tudo isso \u00e9 poss\u00edvel com nosso portf\u00f3lio de solu\u00e7\u00f5es wireless.<\/p>\n<\/div>\n<\/div><\/div><div id=\"panel-136-2-0-1\" class=\"so-panel widget widget_sow-editor\" data-index=\"3\" ><div\n\t\t\t\n\t\t\tclass=\"so-widget-sow-editor so-widget-sow-editor-base\"\n\t\t\t\n\t\t><h3 class=\"widget-title\">Profissionais Certificados <\/h3>\n<div class=\"siteorigin-widget-tinymce textwidget\">\n\t<p><span id=\"selectionBoundary_1453168658723_5809987413231283\"><\/span>Todos os nossos profissionais s\u00e3o especialistas em tecnologia de Redes Wireless.<\/p>\n<\/div>\n<\/div><\/div><div id=\"panel-136-2-0-2\" class=\"so-panel widget widget_sow-editor panel-last-child\" data-index=\"4\" ><div\n\t\t\t\n\t\t\tclass=\"so-widget-sow-editor so-widget-sow-editor-base\"\n\t\t\t\n\t\t><h3 class=\"widget-title\">Visita T\u00e9cnica<\/h3>\n<div class=\"siteorigin-widget-tinymce textwidget\">\n\t<p>Realizamos visitas em Salvador, Belo Horizonte e regi\u00f5es metropolitanas, sem compromisso para elabora\u00e7\u00e3o de or\u00e7amentos e projetos.\u00a0<\/p>\n<\/div>\n<\/div><\/div><\/div><div id=\"pgc-136-2-1\"  class=\"panel-grid-cell\" ><div id=\"panel-136-2-1-0\" class=\"so-panel widget widget_sow-editor panel-first-child\" data-index=\"5\" ><div\n\t\t\t\n\t\t\tclass=\"so-widget-sow-editor so-widget-sow-editor-base\"\n\t\t\t\n\t\t><h3 class=\"widget-title\">Projetos<\/h3>\n<div class=\"siteorigin-widget-tinymce textwidget\">\n\t<p>Realizamos projetos de redes outdoor planejados, visando escalabilidade, disponibilidade, desempenho, seguran\u00e7a e CustoxBenef\u00edcio<\/p>\n<\/div>\n<\/div><\/div><div id=\"panel-136-2-1-1\" class=\"so-panel widget widget_sow-editor panel-last-child\" data-index=\"6\" ><div\n\t\t\t\n\t\t\tclass=\"so-widget-sow-editor so-widget-sow-editor-base\"\n\t\t\t\n\t\t><h3 class=\"widget-title\">Consultorias<\/h3>\n<div class=\"siteorigin-widget-tinymce textwidget\">\n\t<p>Realizamos tamb\u00e9m servi\u00e7os de manuten\u00e7\u00e3o e consultorias para provedores de internet.<\/p>\n<\/div>\n<\/div><\/div><\/div><\/div><\/div>","protected":false},"excerpt":{"rendered":"<p>Redes Outdoor Imagine sua empresa interligada \u00e0 filiais atrav\u00e9s de uma rede wireless pr\u00f3pria com dist\u00e2ncias superiores a 30 Km com total estabilidade e seguran\u00e7a, tudo isso \u00e9 poss\u00edvel com nosso portf\u00f3lio de solu\u00e7\u00f5es wireless. Profissionais Certificados Todos os nossos profissionais s\u00e3o especialistas em tecnologia de Redes Wireless. Visita T\u00e9cnica Realizamos visitas em Salvador, Belo [&hellip;]<\/p>\n","protected":false},"author":1,"featured_media":0,"parent":37,"menu_order":0,"comment_status":"closed","ping_status":"closed","template":"home-panels.php","meta":{"footnotes":""},"class_list":["post-136","page","type-page","status-publish","hentry","post"],"yoast_head":"<!-- This site is optimized with the Yoast SEO plugin v26.9 - https:\/\/yoast.com\/product\/yoast-seo-wordpress\/ -->\n<title>Instala\u00e7\u00e3o de Redes externas em Salvador | Redes Outdoor<\/title>\n<meta name=\"description\" content=\"Desenvolvemos uma rede wireless pr\u00f3pria com dist\u00e2ncias superiores a 30 Km com total estabilidade e seguran\u00e7a. Agendamos visita.\" \/>\n<meta name=\"robots\" content=\"index, follow, max-snippet:-1, max-image-preview:large, max-video-preview:-1\" \/>\n<link rel=\"canonical\" href=\"https:\/\/www.avancoti.com.br\/novo_site\/servicos\/redes-sem-fio-salvador\/redes-outdoor-salvador\/\" \/>\n<meta property=\"og:locale\" content=\"pt_BR\" \/>\n<meta property=\"og:type\" content=\"article\" \/>\n<meta property=\"og:title\" content=\"Instala\u00e7\u00e3o de Redes externas em Salvador | Redes Outdoor\" \/>\n<meta property=\"og:description\" content=\"Desenvolvemos uma rede wireless pr\u00f3pria com dist\u00e2ncias superiores a 30 Km com total estabilidade e seguran\u00e7a. Agendamos visita.\" \/>\n<meta property=\"og:url\" content=\"https:\/\/www.avancoti.com.br\/novo_site\/servicos\/redes-sem-fio-salvador\/redes-outdoor-salvador\/\" \/>\n<meta property=\"og:site_name\" content=\"Avan\u00e7o T.I - Solu\u00e7\u00f5es em Tecnologia\" \/>\n<meta property=\"article:publisher\" content=\"https:\/\/www.facebook.com\/avancoti\/\" \/>\n<meta property=\"article:modified_time\" content=\"2020-06-02T23:58:40+00:00\" \/>\n<meta property=\"og:image\" content=\"https:\/\/www.avancoti.com.br\/novo_site\/wp-content\/uploads\/2016\/09\/Ponto_a_Ponto_Multiponto-1024x533.png\" \/>\n<meta name=\"twitter:card\" content=\"summary_large_image\" \/>\n<meta name=\"twitter:label1\" content=\"Est. tempo de leitura\" \/>\n\t<meta name=\"twitter:data1\" content=\"1 minuto\" \/>\n<script type=\"application\/ld+json\" class=\"yoast-schema-graph\">{\"@context\":\"https:\/\/schema.org\",\"@graph\":[{\"@type\":\"WebPage\",\"@id\":\"https:\/\/www.avancoti.com.br\/novo_site\/servicos\/redes-sem-fio-salvador\/redes-outdoor-salvador\/\",\"url\":\"https:\/\/www.avancoti.com.br\/novo_site\/servicos\/redes-sem-fio-salvador\/redes-outdoor-salvador\/\",\"name\":\"Instala\u00e7\u00e3o de Redes externas em Salvador | Redes Outdoor\",\"isPartOf\":{\"@id\":\"http:\/\/www.avancoti.com.br\/novo_site\/#website\"},\"primaryImageOfPage\":{\"@id\":\"https:\/\/www.avancoti.com.br\/novo_site\/servicos\/redes-sem-fio-salvador\/redes-outdoor-salvador\/#primaryimage\"},\"image\":{\"@id\":\"https:\/\/www.avancoti.com.br\/novo_site\/servicos\/redes-sem-fio-salvador\/redes-outdoor-salvador\/#primaryimage\"},\"thumbnailUrl\":\"https:\/\/www.avancoti.com.br\/novo_site\/wp-content\/uploads\/2016\/09\/Ponto_a_Ponto_Multiponto-1024x533.png\",\"datePublished\":\"2016-09-18T18:31:49+00:00\",\"dateModified\":\"2020-06-02T23:58:40+00:00\",\"description\":\"Desenvolvemos uma rede wireless pr\u00f3pria com dist\u00e2ncias superiores a 30 Km com total estabilidade e seguran\u00e7a. Agendamos visita.\",\"breadcrumb\":{\"@id\":\"https:\/\/www.avancoti.com.br\/novo_site\/servicos\/redes-sem-fio-salvador\/redes-outdoor-salvador\/#breadcrumb\"},\"inLanguage\":\"pt-BR\",\"potentialAction\":[{\"@type\":\"ReadAction\",\"target\":[\"https:\/\/www.avancoti.com.br\/novo_site\/servicos\/redes-sem-fio-salvador\/redes-outdoor-salvador\/\"]}]},{\"@type\":\"ImageObject\",\"inLanguage\":\"pt-BR\",\"@id\":\"https:\/\/www.avancoti.com.br\/novo_site\/servicos\/redes-sem-fio-salvador\/redes-outdoor-salvador\/#primaryimage\",\"url\":\"http:\/\/www.avancoti.com.br\/novo_site\/wp-content\/uploads\/2016\/09\/Ponto_a_Ponto_Multiponto.png\",\"contentUrl\":\"http:\/\/www.avancoti.com.br\/novo_site\/wp-content\/uploads\/2016\/09\/Ponto_a_Ponto_Multiponto.png\",\"width\":2326,\"height\":1210},{\"@type\":\"BreadcrumbList\",\"@id\":\"https:\/\/www.avancoti.com.br\/novo_site\/servicos\/redes-sem-fio-salvador\/redes-outdoor-salvador\/#breadcrumb\",\"itemListElement\":[{\"@type\":\"ListItem\",\"position\":1,\"name\":\"In\u00edcio\",\"item\":\"http:\/\/www.avancoti.com.br\/novo_site\/\"},{\"@type\":\"ListItem\",\"position\":2,\"name\":\"Servi\u00e7os\",\"item\":\"http:\/\/www.avancoti.com.br\/novo_site\/servicos\/\"},{\"@type\":\"ListItem\",\"position\":3,\"name\":\"Rede sem Fio\",\"item\":\"https:\/\/www.avancoti.com.br\/novo_site\/servicos\/redes-sem-fio-salvador\/\"},{\"@type\":\"ListItem\",\"position\":4,\"name\":\"Redes Outdoor\"}]},{\"@type\":\"WebSite\",\"@id\":\"http:\/\/www.avancoti.com.br\/novo_site\/#website\",\"url\":\"http:\/\/www.avancoti.com.br\/novo_site\/\",\"name\":\"Avan\u00e7o T.I - Solu\u00e7\u00f5es em Tecnologia\",\"description\":\"Solu\u00e7\u00f5es em Tecnologia\",\"publisher\":{\"@id\":\"http:\/\/www.avancoti.com.br\/novo_site\/#organization\"},\"potentialAction\":[{\"@type\":\"SearchAction\",\"target\":{\"@type\":\"EntryPoint\",\"urlTemplate\":\"http:\/\/www.avancoti.com.br\/novo_site\/?s={search_term_string}\"},\"query-input\":{\"@type\":\"PropertyValueSpecification\",\"valueRequired\":true,\"valueName\":\"search_term_string\"}}],\"inLanguage\":\"pt-BR\"},{\"@type\":\"Organization\",\"@id\":\"http:\/\/www.avancoti.com.br\/novo_site\/#organization\",\"name\":\"Avan\u00e7o T.I - Solu\u00e7\u00f5es em Tecnologia\",\"url\":\"http:\/\/www.avancoti.com.br\/novo_site\/\",\"logo\":{\"@type\":\"ImageObject\",\"inLanguage\":\"pt-BR\",\"@id\":\"http:\/\/www.avancoti.com.br\/novo_site\/#\/schema\/logo\/image\/\",\"url\":\"http:\/\/www.avancoti.com.br\/novo_site\/wp-content\/uploads\/2016\/09\/cropped-logo-avanco-verde.png\",\"contentUrl\":\"http:\/\/www.avancoti.com.br\/novo_site\/wp-content\/uploads\/2016\/09\/cropped-logo-avanco-verde.png\",\"width\":1940,\"height\":512,\"caption\":\"Avan\u00e7o T.I - Solu\u00e7\u00f5es em Tecnologia\"},\"image\":{\"@id\":\"http:\/\/www.avancoti.com.br\/novo_site\/#\/schema\/logo\/image\/\"},\"sameAs\":[\"https:\/\/www.facebook.com\/avancoti\/\",\"https:\/\/www.instagram.com\/avancoti\/\"]}]}<\/script>\n<!-- \/ Yoast SEO plugin. -->","yoast_head_json":{"title":"Instala\u00e7\u00e3o de Redes externas em Salvador | Redes Outdoor","description":"Desenvolvemos uma rede wireless pr\u00f3pria com dist\u00e2ncias superiores a 30 Km com total estabilidade e seguran\u00e7a. Agendamos visita.","robots":{"index":"index","follow":"follow","max-snippet":"max-snippet:-1","max-image-preview":"max-image-preview:large","max-video-preview":"max-video-preview:-1"},"canonical":"https:\/\/www.avancoti.com.br\/novo_site\/servicos\/redes-sem-fio-salvador\/redes-outdoor-salvador\/","og_locale":"pt_BR","og_type":"article","og_title":"Instala\u00e7\u00e3o de Redes externas em Salvador | Redes Outdoor","og_description":"Desenvolvemos uma rede wireless pr\u00f3pria com dist\u00e2ncias superiores a 30 Km com total estabilidade e seguran\u00e7a. Agendamos visita.","og_url":"https:\/\/www.avancoti.com.br\/novo_site\/servicos\/redes-sem-fio-salvador\/redes-outdoor-salvador\/","og_site_name":"Avan\u00e7o T.I - Solu\u00e7\u00f5es em Tecnologia","article_publisher":"https:\/\/www.facebook.com\/avancoti\/","article_modified_time":"2020-06-02T23:58:40+00:00","og_image":[{"url":"https:\/\/www.avancoti.com.br\/novo_site\/wp-content\/uploads\/2016\/09\/Ponto_a_Ponto_Multiponto-1024x533.png","type":"","width":"","height":""}],"twitter_card":"summary_large_image","twitter_misc":{"Est. tempo de leitura":"1 minuto"},"schema":{"@context":"https:\/\/schema.org","@graph":[{"@type":"WebPage","@id":"https:\/\/www.avancoti.com.br\/novo_site\/servicos\/redes-sem-fio-salvador\/redes-outdoor-salvador\/","url":"https:\/\/www.avancoti.com.br\/novo_site\/servicos\/redes-sem-fio-salvador\/redes-outdoor-salvador\/","name":"Instala\u00e7\u00e3o de Redes externas em Salvador | Redes Outdoor","isPartOf":{"@id":"http:\/\/www.avancoti.com.br\/novo_site\/#website"},"primaryImageOfPage":{"@id":"https:\/\/www.avancoti.com.br\/novo_site\/servicos\/redes-sem-fio-salvador\/redes-outdoor-salvador\/#primaryimage"},"image":{"@id":"https:\/\/www.avancoti.com.br\/novo_site\/servicos\/redes-sem-fio-salvador\/redes-outdoor-salvador\/#primaryimage"},"thumbnailUrl":"https:\/\/www.avancoti.com.br\/novo_site\/wp-content\/uploads\/2016\/09\/Ponto_a_Ponto_Multiponto-1024x533.png","datePublished":"2016-09-18T18:31:49+00:00","dateModified":"2020-06-02T23:58:40+00:00","description":"Desenvolvemos uma rede wireless pr\u00f3pria com dist\u00e2ncias superiores a 30 Km com total estabilidade e seguran\u00e7a. Agendamos visita.","breadcrumb":{"@id":"https:\/\/www.avancoti.com.br\/novo_site\/servicos\/redes-sem-fio-salvador\/redes-outdoor-salvador\/#breadcrumb"},"inLanguage":"pt-BR","potentialAction":[{"@type":"ReadAction","target":["https:\/\/www.avancoti.com.br\/novo_site\/servicos\/redes-sem-fio-salvador\/redes-outdoor-salvador\/"]}]},{"@type":"ImageObject","inLanguage":"pt-BR","@id":"https:\/\/www.avancoti.com.br\/novo_site\/servicos\/redes-sem-fio-salvador\/redes-outdoor-salvador\/#primaryimage","url":"http:\/\/www.avancoti.com.br\/novo_site\/wp-content\/uploads\/2016\/09\/Ponto_a_Ponto_Multiponto.png","contentUrl":"http:\/\/www.avancoti.com.br\/novo_site\/wp-content\/uploads\/2016\/09\/Ponto_a_Ponto_Multiponto.png","width":2326,"height":1210},{"@type":"BreadcrumbList","@id":"https:\/\/www.avancoti.com.br\/novo_site\/servicos\/redes-sem-fio-salvador\/redes-outdoor-salvador\/#breadcrumb","itemListElement":[{"@type":"ListItem","position":1,"name":"In\u00edcio","item":"http:\/\/www.avancoti.com.br\/novo_site\/"},{"@type":"ListItem","position":2,"name":"Servi\u00e7os","item":"http:\/\/www.avancoti.com.br\/novo_site\/servicos\/"},{"@type":"ListItem","position":3,"name":"Rede sem Fio","item":"https:\/\/www.avancoti.com.br\/novo_site\/servicos\/redes-sem-fio-salvador\/"},{"@type":"ListItem","position":4,"name":"Redes Outdoor"}]},{"@type":"WebSite","@id":"http:\/\/www.avancoti.com.br\/novo_site\/#website","url":"http:\/\/www.avancoti.com.br\/novo_site\/","name":"Avan\u00e7o T.I - Solu\u00e7\u00f5es em Tecnologia","description":"Solu\u00e7\u00f5es em Tecnologia","publisher":{"@id":"http:\/\/www.avancoti.com.br\/novo_site\/#organization"},"potentialAction":[{"@type":"SearchAction","target":{"@type":"EntryPoint","urlTemplate":"http:\/\/www.avancoti.com.br\/novo_site\/?s={search_term_string}"},"query-input":{"@type":"PropertyValueSpecification","valueRequired":true,"valueName":"search_term_string"}}],"inLanguage":"pt-BR"},{"@type":"Organization","@id":"http:\/\/www.avancoti.com.br\/novo_site\/#organization","name":"Avan\u00e7o T.I - Solu\u00e7\u00f5es em Tecnologia","url":"http:\/\/www.avancoti.com.br\/novo_site\/","logo":{"@type":"ImageObject","inLanguage":"pt-BR","@id":"http:\/\/www.avancoti.com.br\/novo_site\/#\/schema\/logo\/image\/","url":"http:\/\/www.avancoti.com.br\/novo_site\/wp-content\/uploads\/2016\/09\/cropped-logo-avanco-verde.png","contentUrl":"http:\/\/www.avancoti.com.br\/novo_site\/wp-content\/uploads\/2016\/09\/cropped-logo-avanco-verde.png","width":1940,"height":512,"caption":"Avan\u00e7o T.I - Solu\u00e7\u00f5es em Tecnologia"},"image":{"@id":"http:\/\/www.avancoti.com.br\/novo_site\/#\/schema\/logo\/image\/"},"sameAs":["https:\/\/www.facebook.com\/avancoti\/","https:\/\/www.instagram.com\/avancoti\/"]}]}},"_links":{"self":[{"href":"http:\/\/www.avancoti.com.br\/novo_site\/wp-json\/wp\/v2\/pages\/136","targetHints":{"allow":["GET"]}}],"collection":[{"href":"http:\/\/www.avancoti.com.br\/novo_site\/wp-json\/wp\/v2\/pages"}],"about":[{"href":"http:\/\/www.avancoti.com.br\/novo_site\/wp-json\/wp\/v2\/types\/page"}],"author":[{"embeddable":true,"href":"http:\/\/www.avancoti.com.br\/novo_site\/wp-json\/wp\/v2\/users\/1"}],"replies":[{"embeddable":true,"href":"http:\/\/www.avancoti.com.br\/novo_site\/wp-json\/wp\/v2\/comments?post=136"}],"version-history":[{"count":9,"href":"http:\/\/www.avancoti.com.br\/novo_site\/wp-json\/wp\/v2\/pages\/136\/revisions"}],"predecessor-version":[{"id":353,"href":"http:\/\/www.avancoti.com.br\/novo_site\/wp-json\/wp\/v2\/pages\/136\/revisions\/353"}],"up":[{"embeddable":true,"href":"http:\/\/www.avancoti.com.br\/novo_site\/wp-json\/wp\/v2\/pages\/37"}],"wp:attachment":[{"href":"http:\/\/www.avancoti.com.br\/novo_site\/wp-json\/wp\/v2\/media?parent=136"}],"curies":[{"name":"wp","href":"https:\/\/api.w.org\/{rel}","templated":true}]}}