{"id":142,"date":"2016-09-18T15:40:32","date_gmt":"2016-09-18T18:40:32","guid":{"rendered":"https:\/\/www.avancoti.com.br\/novo_site\/?page_id=142"},"modified":"2017-03-30T20:52:28","modified_gmt":"2017-03-30T23:52:28","slug":"redes-indoor-salvador","status":"publish","type":"page","link":"http:\/\/www.avancoti.com.br\/novo_site\/servicos\/redes-sem-fio-salvador\/redes-indoor-salvador\/","title":{"rendered":"Redes Indoor"},"content":{"rendered":"<div id=\"pl-142\"  class=\"panel-layout\" ><div id=\"pg-142-0\"  class=\"panel-grid panel-has-style\" ><div class=\"siteorigin-panels-stretch panel-row-style-full-width panel-row-style panel-row-style-for-142-0\" data-stretch-type=\"full-stretched\" ><div id=\"pgc-142-0-0\"  class=\"panel-grid-cell\" ><div id=\"panel-142-0-0-0\" class=\"so-panel widget widget_black-studio-tinymce widget_black_studio_tinymce panel-first-child panel-last-child\" data-index=\"0\" ><div class=\"textwidget\"><p><span class=\"\" style=\"display:block;clear:both;height: 0px;margin-top: -75px;border-top-width:0px;border-bottom-width:0px;\"><\/span><\/p>\n<p><img loading=\"lazy\" decoding=\"async\" class=\"aligncenter size-full wp-image-243\" src=\"https:\/\/www.avancoti.com.br\/novo_site\/wp-content\/uploads\/2016\/09\/banner-servi\u00e7os-REDESINDOOR.jpg\" alt=\"banner-servicos-redesindoor\" width=\"1920\" height=\"400\" srcset=\"http:\/\/www.avancoti.com.br\/novo_site\/wp-content\/uploads\/2016\/09\/banner-servi\u00e7os-REDESINDOOR.jpg 1920w, http:\/\/www.avancoti.com.br\/novo_site\/wp-content\/uploads\/2016\/09\/banner-servi\u00e7os-REDESINDOOR-300x63.jpg 300w, http:\/\/www.avancoti.com.br\/novo_site\/wp-content\/uploads\/2016\/09\/banner-servi\u00e7os-REDESINDOOR-768x160.jpg 768w, http:\/\/www.avancoti.com.br\/novo_site\/wp-content\/uploads\/2016\/09\/banner-servi\u00e7os-REDESINDOOR-1024x213.jpg 1024w\" sizes=\"auto, (max-width: 1920px) 100vw, 1920px\" \/><\/p>\n<\/div><\/div><\/div><\/div><\/div><div id=\"pg-142-1\"  class=\"panel-grid panel-no-style\" ><div id=\"pgc-142-1-0\"  class=\"panel-grid-cell\" ><div id=\"panel-142-1-0-0\" class=\"so-panel widget widget_black-studio-tinymce widget_black_studio_tinymce panel-first-child panel-last-child\" data-index=\"1\" ><div class=\"textwidget\"><p><img loading=\"lazy\" decoding=\"async\" class=\"aligncenter  wp-image-348\" src=\"https:\/\/www.avancoti.com.br\/novo_site\/wp-content\/uploads\/2016\/09\/AvancoTI_WIFI_corporativo-1024x498.jpg\" alt=\"AvancoTI_WIFI_corporativo\" width=\"584\" height=\"284\" srcset=\"http:\/\/www.avancoti.com.br\/novo_site\/wp-content\/uploads\/2016\/09\/AvancoTI_WIFI_corporativo-1024x498.jpg 1024w, http:\/\/www.avancoti.com.br\/novo_site\/wp-content\/uploads\/2016\/09\/AvancoTI_WIFI_corporativo-300x146.jpg 300w, http:\/\/www.avancoti.com.br\/novo_site\/wp-content\/uploads\/2016\/09\/AvancoTI_WIFI_corporativo-768x373.jpg 768w\" sizes=\"auto, (max-width: 584px) 100vw, 584px\" \/><\/p>\n<\/div><\/div><\/div><\/div><div id=\"pg-142-2\"  class=\"panel-grid panel-no-style\" ><div id=\"pgc-142-2-0\"  class=\"panel-grid-cell\" ><div id=\"panel-142-2-0-0\" class=\"so-panel widget widget_sow-editor panel-first-child\" data-index=\"2\" ><div\n\t\t\t\n\t\t\tclass=\"so-widget-sow-editor so-widget-sow-editor-base\"\n\t\t\t\n\t\t><h3 class=\"widget-title\">Redes Indoor<\/h3>\n<div class=\"siteorigin-widget-tinymce textwidget\">\n\t<p>Mobilidade, flexibilidade e aumento de produtividade de sua equipe! Imagine sua rede de dados presente em qualquer parte de sua empresa com total privacidade e seguran\u00e7a.\u00a0<\/p>\n<\/div>\n<\/div><\/div><div id=\"panel-142-2-0-1\" class=\"so-panel widget widget_sow-editor\" data-index=\"3\" ><div\n\t\t\t\n\t\t\tclass=\"so-widget-sow-editor so-widget-sow-editor-base\"\n\t\t\t\n\t\t><h3 class=\"widget-title\">Profissionais Certificados<\/h3>\n<div class=\"siteorigin-widget-tinymce textwidget\">\n\t<p><span id=\"selectionBoundary_1453168658723_5809987413231283\"><\/span>Todos os nossos profissionais s\u00e3o especialistas em tecnologia de Redes Wireless.<\/p>\n<\/div>\n<\/div><\/div><div id=\"panel-142-2-0-2\" class=\"so-panel widget widget_sow-editor panel-last-child\" data-index=\"4\" ><div\n\t\t\t\n\t\t\tclass=\"so-widget-sow-editor so-widget-sow-editor-base\"\n\t\t\t\n\t\t><h3 class=\"widget-title\">Visita T\u00e9cnica<\/h3>\n<div class=\"siteorigin-widget-tinymce textwidget\">\n\t<p>Realizamos visitas em Salvador, Belo Horizonte e regi\u00f5es metropolitanas, sem compromisso para elabora\u00e7\u00e3o de or\u00e7amentos e projetos.\u00a0<\/p>\n<\/div>\n<\/div><\/div><\/div><div id=\"pgc-142-2-1\"  class=\"panel-grid-cell\" ><div id=\"panel-142-2-1-0\" class=\"so-panel widget widget_sow-editor panel-first-child\" data-index=\"5\" ><div\n\t\t\t\n\t\t\tclass=\"so-widget-sow-editor so-widget-sow-editor-base\"\n\t\t\t\n\t\t><h3 class=\"widget-title\">Projetos<\/h3>\n<div class=\"siteorigin-widget-tinymce textwidget\">\n\t<p>Realizamos projetos de redes indoor planejados, visando est\u00e9tica, escalabilidade, disponibilidade, desempenho, seguran\u00e7a e CustoxBenef\u00edcio<\/p>\n<\/div>\n<\/div><\/div><div id=\"panel-142-2-1-1\" class=\"so-panel widget widget_sow-editor panel-last-child\" data-index=\"6\" ><div\n\t\t\t\n\t\t\tclass=\"so-widget-sow-editor so-widget-sow-editor-base\"\n\t\t\t\n\t\t><h3 class=\"widget-title\">Consultorias<\/h3>\n<div class=\"siteorigin-widget-tinymce textwidget\">\n\t<p>Realizamos tamb\u00e9m servi\u00e7os de manuten\u00e7\u00e3o e consultorias para empresas<\/p>\n<\/div>\n<\/div><\/div><\/div><\/div><\/div>","protected":false},"excerpt":{"rendered":"<p>Redes Indoor Mobilidade, flexibilidade e aumento de produtividade de sua equipe! Imagine sua rede de dados presente em qualquer parte de sua empresa com total privacidade e seguran\u00e7a.\u00a0 Profissionais Certificados Todos os nossos profissionais s\u00e3o especialistas em tecnologia de Redes Wireless. Visita T\u00e9cnica Realizamos visitas em Salvador, Belo Horizonte e regi\u00f5es metropolitanas, sem compromisso para [&hellip;]<\/p>\n","protected":false},"author":1,"featured_media":0,"parent":37,"menu_order":0,"comment_status":"closed","ping_status":"closed","template":"home-panels.php","meta":{"footnotes":""},"class_list":["post-142","page","type-page","status-publish","hentry","post"],"yoast_head":"<!-- This site is optimized with the Yoast SEO plugin v26.9 - https:\/\/yoast.com\/product\/yoast-seo-wordpress\/ -->\n<title>Instala\u00e7\u00e3o de Rede sem fio interna em Salvador | Rede Indoor<\/title>\n<meta name=\"description\" content=\"Mobilidade, flexibilidade e aumento de produtividade de sua equipe, sua rede de dados presente em sua empresa com privacidade e seguran\u00e7a.\" \/>\n<meta name=\"robots\" content=\"index, follow, max-snippet:-1, max-image-preview:large, max-video-preview:-1\" \/>\n<link rel=\"canonical\" href=\"https:\/\/www.avancoti.com.br\/novo_site\/servicos\/redes-sem-fio-salvador\/redes-indoor-salvador\/\" \/>\n<meta property=\"og:locale\" content=\"pt_BR\" \/>\n<meta property=\"og:type\" content=\"article\" \/>\n<meta property=\"og:title\" content=\"Instala\u00e7\u00e3o de Rede sem fio interna em Salvador | Rede Indoor\" \/>\n<meta property=\"og:description\" content=\"Mobilidade, flexibilidade e aumento de produtividade de sua equipe, sua rede de dados presente em sua empresa com privacidade e seguran\u00e7a.\" \/>\n<meta property=\"og:url\" content=\"https:\/\/www.avancoti.com.br\/novo_site\/servicos\/redes-sem-fio-salvador\/redes-indoor-salvador\/\" \/>\n<meta property=\"og:site_name\" content=\"Avan\u00e7o T.I - Solu\u00e7\u00f5es em Tecnologia\" \/>\n<meta property=\"article:publisher\" content=\"https:\/\/www.facebook.com\/avancoti\/\" \/>\n<meta property=\"article:modified_time\" content=\"2017-03-30T23:52:28+00:00\" \/>\n<meta property=\"og:image\" content=\"https:\/\/www.avancoti.com.br\/novo_site\/wp-content\/uploads\/2016\/09\/AvancoTI_WIFI_corporativo-1024x498.jpg\" \/>\n<meta name=\"twitter:card\" content=\"summary_large_image\" \/>\n<script type=\"application\/ld+json\" class=\"yoast-schema-graph\">{\"@context\":\"https:\/\/schema.org\",\"@graph\":[{\"@type\":\"WebPage\",\"@id\":\"https:\/\/www.avancoti.com.br\/novo_site\/servicos\/redes-sem-fio-salvador\/redes-indoor-salvador\/\",\"url\":\"https:\/\/www.avancoti.com.br\/novo_site\/servicos\/redes-sem-fio-salvador\/redes-indoor-salvador\/\",\"name\":\"Instala\u00e7\u00e3o de Rede sem fio interna em Salvador | Rede Indoor\",\"isPartOf\":{\"@id\":\"http:\/\/www.avancoti.com.br\/novo_site\/#website\"},\"primaryImageOfPage\":{\"@id\":\"https:\/\/www.avancoti.com.br\/novo_site\/servicos\/redes-sem-fio-salvador\/redes-indoor-salvador\/#primaryimage\"},\"image\":{\"@id\":\"https:\/\/www.avancoti.com.br\/novo_site\/servicos\/redes-sem-fio-salvador\/redes-indoor-salvador\/#primaryimage\"},\"thumbnailUrl\":\"https:\/\/www.avancoti.com.br\/novo_site\/wp-content\/uploads\/2016\/09\/AvancoTI_WIFI_corporativo-1024x498.jpg\",\"datePublished\":\"2016-09-18T18:40:32+00:00\",\"dateModified\":\"2017-03-30T23:52:28+00:00\",\"description\":\"Mobilidade, flexibilidade e aumento de produtividade de sua equipe, sua rede de dados presente em sua empresa com privacidade e seguran\u00e7a.\",\"breadcrumb\":{\"@id\":\"https:\/\/www.avancoti.com.br\/novo_site\/servicos\/redes-sem-fio-salvador\/redes-indoor-salvador\/#breadcrumb\"},\"inLanguage\":\"pt-BR\",\"potentialAction\":[{\"@type\":\"ReadAction\",\"target\":[\"https:\/\/www.avancoti.com.br\/novo_site\/servicos\/redes-sem-fio-salvador\/redes-indoor-salvador\/\"]}]},{\"@type\":\"ImageObject\",\"inLanguage\":\"pt-BR\",\"@id\":\"https:\/\/www.avancoti.com.br\/novo_site\/servicos\/redes-sem-fio-salvador\/redes-indoor-salvador\/#primaryimage\",\"url\":\"http:\/\/www.avancoti.com.br\/novo_site\/wp-content\/uploads\/2016\/09\/AvancoTI_WIFI_corporativo.jpg\",\"contentUrl\":\"http:\/\/www.avancoti.com.br\/novo_site\/wp-content\/uploads\/2016\/09\/AvancoTI_WIFI_corporativo.jpg\",\"width\":3190,\"height\":1550},{\"@type\":\"BreadcrumbList\",\"@id\":\"https:\/\/www.avancoti.com.br\/novo_site\/servicos\/redes-sem-fio-salvador\/redes-indoor-salvador\/#breadcrumb\",\"itemListElement\":[{\"@type\":\"ListItem\",\"position\":1,\"name\":\"In\u00edcio\",\"item\":\"http:\/\/www.avancoti.com.br\/novo_site\/\"},{\"@type\":\"ListItem\",\"position\":2,\"name\":\"Servi\u00e7os\",\"item\":\"http:\/\/www.avancoti.com.br\/novo_site\/servicos\/\"},{\"@type\":\"ListItem\",\"position\":3,\"name\":\"Rede sem Fio\",\"item\":\"https:\/\/www.avancoti.com.br\/novo_site\/servicos\/redes-sem-fio-salvador\/\"},{\"@type\":\"ListItem\",\"position\":4,\"name\":\"Redes Indoor\"}]},{\"@type\":\"WebSite\",\"@id\":\"http:\/\/www.avancoti.com.br\/novo_site\/#website\",\"url\":\"http:\/\/www.avancoti.com.br\/novo_site\/\",\"name\":\"Avan\u00e7o T.I - Solu\u00e7\u00f5es em Tecnologia\",\"description\":\"Solu\u00e7\u00f5es em Tecnologia\",\"publisher\":{\"@id\":\"http:\/\/www.avancoti.com.br\/novo_site\/#organization\"},\"potentialAction\":[{\"@type\":\"SearchAction\",\"target\":{\"@type\":\"EntryPoint\",\"urlTemplate\":\"http:\/\/www.avancoti.com.br\/novo_site\/?s={search_term_string}\"},\"query-input\":{\"@type\":\"PropertyValueSpecification\",\"valueRequired\":true,\"valueName\":\"search_term_string\"}}],\"inLanguage\":\"pt-BR\"},{\"@type\":\"Organization\",\"@id\":\"http:\/\/www.avancoti.com.br\/novo_site\/#organization\",\"name\":\"Avan\u00e7o T.I - Solu\u00e7\u00f5es em Tecnologia\",\"url\":\"http:\/\/www.avancoti.com.br\/novo_site\/\",\"logo\":{\"@type\":\"ImageObject\",\"inLanguage\":\"pt-BR\",\"@id\":\"http:\/\/www.avancoti.com.br\/novo_site\/#\/schema\/logo\/image\/\",\"url\":\"http:\/\/www.avancoti.com.br\/novo_site\/wp-content\/uploads\/2016\/09\/cropped-logo-avanco-verde.png\",\"contentUrl\":\"http:\/\/www.avancoti.com.br\/novo_site\/wp-content\/uploads\/2016\/09\/cropped-logo-avanco-verde.png\",\"width\":1940,\"height\":512,\"caption\":\"Avan\u00e7o T.I - Solu\u00e7\u00f5es em Tecnologia\"},\"image\":{\"@id\":\"http:\/\/www.avancoti.com.br\/novo_site\/#\/schema\/logo\/image\/\"},\"sameAs\":[\"https:\/\/www.facebook.com\/avancoti\/\",\"https:\/\/www.instagram.com\/avancoti\/\"]}]}<\/script>\n<!-- \/ Yoast SEO plugin. -->","yoast_head_json":{"title":"Instala\u00e7\u00e3o de Rede sem fio interna em Salvador | Rede Indoor","description":"Mobilidade, flexibilidade e aumento de produtividade de sua equipe, sua rede de dados presente em sua empresa com privacidade e seguran\u00e7a.","robots":{"index":"index","follow":"follow","max-snippet":"max-snippet:-1","max-image-preview":"max-image-preview:large","max-video-preview":"max-video-preview:-1"},"canonical":"https:\/\/www.avancoti.com.br\/novo_site\/servicos\/redes-sem-fio-salvador\/redes-indoor-salvador\/","og_locale":"pt_BR","og_type":"article","og_title":"Instala\u00e7\u00e3o de Rede sem fio interna em Salvador | Rede Indoor","og_description":"Mobilidade, flexibilidade e aumento de produtividade de sua equipe, sua rede de dados presente em sua empresa com privacidade e seguran\u00e7a.","og_url":"https:\/\/www.avancoti.com.br\/novo_site\/servicos\/redes-sem-fio-salvador\/redes-indoor-salvador\/","og_site_name":"Avan\u00e7o T.I - Solu\u00e7\u00f5es em Tecnologia","article_publisher":"https:\/\/www.facebook.com\/avancoti\/","article_modified_time":"2017-03-30T23:52:28+00:00","og_image":[{"url":"https:\/\/www.avancoti.com.br\/novo_site\/wp-content\/uploads\/2016\/09\/AvancoTI_WIFI_corporativo-1024x498.jpg","type":"","width":"","height":""}],"twitter_card":"summary_large_image","schema":{"@context":"https:\/\/schema.org","@graph":[{"@type":"WebPage","@id":"https:\/\/www.avancoti.com.br\/novo_site\/servicos\/redes-sem-fio-salvador\/redes-indoor-salvador\/","url":"https:\/\/www.avancoti.com.br\/novo_site\/servicos\/redes-sem-fio-salvador\/redes-indoor-salvador\/","name":"Instala\u00e7\u00e3o de Rede sem fio interna em Salvador | Rede Indoor","isPartOf":{"@id":"http:\/\/www.avancoti.com.br\/novo_site\/#website"},"primaryImageOfPage":{"@id":"https:\/\/www.avancoti.com.br\/novo_site\/servicos\/redes-sem-fio-salvador\/redes-indoor-salvador\/#primaryimage"},"image":{"@id":"https:\/\/www.avancoti.com.br\/novo_site\/servicos\/redes-sem-fio-salvador\/redes-indoor-salvador\/#primaryimage"},"thumbnailUrl":"https:\/\/www.avancoti.com.br\/novo_site\/wp-content\/uploads\/2016\/09\/AvancoTI_WIFI_corporativo-1024x498.jpg","datePublished":"2016-09-18T18:40:32+00:00","dateModified":"2017-03-30T23:52:28+00:00","description":"Mobilidade, flexibilidade e aumento de produtividade de sua equipe, sua rede de dados presente em sua empresa com privacidade e seguran\u00e7a.","breadcrumb":{"@id":"https:\/\/www.avancoti.com.br\/novo_site\/servicos\/redes-sem-fio-salvador\/redes-indoor-salvador\/#breadcrumb"},"inLanguage":"pt-BR","potentialAction":[{"@type":"ReadAction","target":["https:\/\/www.avancoti.com.br\/novo_site\/servicos\/redes-sem-fio-salvador\/redes-indoor-salvador\/"]}]},{"@type":"ImageObject","inLanguage":"pt-BR","@id":"https:\/\/www.avancoti.com.br\/novo_site\/servicos\/redes-sem-fio-salvador\/redes-indoor-salvador\/#primaryimage","url":"http:\/\/www.avancoti.com.br\/novo_site\/wp-content\/uploads\/2016\/09\/AvancoTI_WIFI_corporativo.jpg","contentUrl":"http:\/\/www.avancoti.com.br\/novo_site\/wp-content\/uploads\/2016\/09\/AvancoTI_WIFI_corporativo.jpg","width":3190,"height":1550},{"@type":"BreadcrumbList","@id":"https:\/\/www.avancoti.com.br\/novo_site\/servicos\/redes-sem-fio-salvador\/redes-indoor-salvador\/#breadcrumb","itemListElement":[{"@type":"ListItem","position":1,"name":"In\u00edcio","item":"http:\/\/www.avancoti.com.br\/novo_site\/"},{"@type":"ListItem","position":2,"name":"Servi\u00e7os","item":"http:\/\/www.avancoti.com.br\/novo_site\/servicos\/"},{"@type":"ListItem","position":3,"name":"Rede sem Fio","item":"https:\/\/www.avancoti.com.br\/novo_site\/servicos\/redes-sem-fio-salvador\/"},{"@type":"ListItem","position":4,"name":"Redes Indoor"}]},{"@type":"WebSite","@id":"http:\/\/www.avancoti.com.br\/novo_site\/#website","url":"http:\/\/www.avancoti.com.br\/novo_site\/","name":"Avan\u00e7o T.I - Solu\u00e7\u00f5es em Tecnologia","description":"Solu\u00e7\u00f5es em Tecnologia","publisher":{"@id":"http:\/\/www.avancoti.com.br\/novo_site\/#organization"},"potentialAction":[{"@type":"SearchAction","target":{"@type":"EntryPoint","urlTemplate":"http:\/\/www.avancoti.com.br\/novo_site\/?s={search_term_string}"},"query-input":{"@type":"PropertyValueSpecification","valueRequired":true,"valueName":"search_term_string"}}],"inLanguage":"pt-BR"},{"@type":"Organization","@id":"http:\/\/www.avancoti.com.br\/novo_site\/#organization","name":"Avan\u00e7o T.I - Solu\u00e7\u00f5es em Tecnologia","url":"http:\/\/www.avancoti.com.br\/novo_site\/","logo":{"@type":"ImageObject","inLanguage":"pt-BR","@id":"http:\/\/www.avancoti.com.br\/novo_site\/#\/schema\/logo\/image\/","url":"http:\/\/www.avancoti.com.br\/novo_site\/wp-content\/uploads\/2016\/09\/cropped-logo-avanco-verde.png","contentUrl":"http:\/\/www.avancoti.com.br\/novo_site\/wp-content\/uploads\/2016\/09\/cropped-logo-avanco-verde.png","width":1940,"height":512,"caption":"Avan\u00e7o T.I - Solu\u00e7\u00f5es em Tecnologia"},"image":{"@id":"http:\/\/www.avancoti.com.br\/novo_site\/#\/schema\/logo\/image\/"},"sameAs":["https:\/\/www.facebook.com\/avancoti\/","https:\/\/www.instagram.com\/avancoti\/"]}]}},"_links":{"self":[{"href":"http:\/\/www.avancoti.com.br\/novo_site\/wp-json\/wp\/v2\/pages\/142","targetHints":{"allow":["GET"]}}],"collection":[{"href":"http:\/\/www.avancoti.com.br\/novo_site\/wp-json\/wp\/v2\/pages"}],"about":[{"href":"http:\/\/www.avancoti.com.br\/novo_site\/wp-json\/wp\/v2\/types\/page"}],"author":[{"embeddable":true,"href":"http:\/\/www.avancoti.com.br\/novo_site\/wp-json\/wp\/v2\/users\/1"}],"replies":[{"embeddable":true,"href":"http:\/\/www.avancoti.com.br\/novo_site\/wp-json\/wp\/v2\/comments?post=142"}],"version-history":[{"count":7,"href":"http:\/\/www.avancoti.com.br\/novo_site\/wp-json\/wp\/v2\/pages\/142\/revisions"}],"predecessor-version":[{"id":349,"href":"http:\/\/www.avancoti.com.br\/novo_site\/wp-json\/wp\/v2\/pages\/142\/revisions\/349"}],"up":[{"embeddable":true,"href":"http:\/\/www.avancoti.com.br\/novo_site\/wp-json\/wp\/v2\/pages\/37"}],"wp:attachment":[{"href":"http:\/\/www.avancoti.com.br\/novo_site\/wp-json\/wp\/v2\/media?parent=142"}],"curies":[{"name":"wp","href":"https:\/\/api.w.org\/{rel}","templated":true}]}}