{"id":168,"date":"2016-10-16T18:07:18","date_gmt":"2016-10-16T21:07:18","guid":{"rendered":"https:\/\/www.avancoti.com.br\/novo_site\/?page_id=168"},"modified":"2024-11-15T19:01:36","modified_gmt":"2024-11-15T22:01:36","slug":"servicos","status":"publish","type":"page","link":"http:\/\/www.avancoti.com.br\/novo_site\/servicos\/","title":{"rendered":"Servi\u00e7os"},"content":{"rendered":"<div id=\"pl-168\"  class=\"panel-layout\" ><div id=\"pg-168-0\"  class=\"panel-grid panel-has-style\" ><div class=\"siteorigin-panels-stretch panel-row-style-full-width panel-row-style panel-row-style-for-168-0\" data-stretch-type=\"full-width-stretch\" ><div id=\"pgc-168-0-0\"  class=\"panel-grid-cell\" ><div id=\"panel-168-0-0-0\" class=\"so-panel widget widget_black-studio-tinymce widget_black_studio_tinymce panel-first-child panel-last-child\" data-index=\"0\" ><div class=\"textwidget\"><p><span class=\"\" style=\"display:block;clear:both;height: 0px;margin-top: -75px;border-top-width:0px;border-bottom-width:0px;\"><\/span><\/p>\n<p><img loading=\"lazy\" decoding=\"async\" class=\"aligncenter size-full wp-image-212\" src=\"https:\/\/www.avancoti.com.br\/novo_site\/wp-content\/uploads\/2016\/10\/banner-servi\u00e7os.jpg\" alt=\"banner-servicos\" width=\"1920\" height=\"400\" srcset=\"http:\/\/www.avancoti.com.br\/novo_site\/wp-content\/uploads\/2016\/10\/banner-servi\u00e7os.jpg 1920w, http:\/\/www.avancoti.com.br\/novo_site\/wp-content\/uploads\/2016\/10\/banner-servi\u00e7os-300x63.jpg 300w, http:\/\/www.avancoti.com.br\/novo_site\/wp-content\/uploads\/2016\/10\/banner-servi\u00e7os-768x160.jpg 768w, http:\/\/www.avancoti.com.br\/novo_site\/wp-content\/uploads\/2016\/10\/banner-servi\u00e7os-1024x213.jpg 1024w\" sizes=\"auto, (max-width: 1920px) 100vw, 1920px\" \/><\/p>\n<\/div><\/div><\/div><\/div><\/div><div id=\"pg-168-1\"  class=\"panel-grid panel-no-style\" ><div id=\"pgc-168-1-0\"  class=\"panel-grid-cell\" ><div id=\"panel-168-1-0-0\" class=\"so-panel widget widget_sow-headline panel-first-child panel-last-child\" data-index=\"1\" ><div\n\t\t\t\n\t\t\tclass=\"so-widget-sow-headline so-widget-sow-headline-default-23416f45e576-168\"\n\t\t\t\n\t\t><div class=\"sow-headline-container \">\n\t\t\t\t\t\t\t<h1 class=\"sow-headline\">\n\t\t\t\t\t\tNossos Servi\u00e7os\t\t\t\t\t\t<\/h1>\n\t\t\t\t\t\t\t\t\t\t\t\t<h6 class=\"sow-sub-headline\">\n\t\t\t\t\t\tConhe\u00e7a nossos servi\u00e7os\t\t\t\t\t\t<\/h6>\n\t\t\t\t\t\t\t\t\t\t\t<div class=\"decoration\">\n\t\t\t\t\t\t<div class=\"decoration-inside\"><\/div>\n\t\t\t\t\t<\/div>\n\t\t\t\t\t<\/div>\n<\/div><\/div><\/div><\/div><div id=\"pg-168-2\"  class=\"panel-grid panel-no-style\" ><div id=\"pgc-168-2-0\"  class=\"panel-grid-cell\" ><div id=\"panel-168-2-0-0\" class=\"so-panel widget widget_circleicon-widget panel-first-child panel-last-child\" data-index=\"2\" >\t\t<div class=\"circle-icon-box circle-icon-position-top circle-icon-hide-box circle-icon-size-medium \">\n\t\t\t\t\t\t\t<div class=\"circle-icon-wrapper\">\n\t\t\t\t\t\t\t\t\t\t<a href=\"https:\/\/www.avancoti.com.br\/novo_site\/servicos\/cabeamento-estruturado\/\" class=\"link-icon\" >\t\t\t\t\t<div class=\"circle-icon icon-style-set\" style=\"background-image: url(https:\/\/www.avancoti.com.br\/novo_site\/wp-content\/uploads\/2016\/09\/cabeamento-icon.fw_.png)\">\n\t\t\t\t\t\t\t\t\t\t\t<\/div> \n\t\t\t\t\t<\/a>\t\t\t\t<\/div>\n\t\t\t\n\t\t\t\t\t\t\t<a href=\"https:\/\/www.avancoti.com.br\/novo_site\/servicos\/cabeamento-estruturado\/\" class=\"link-title\" >\n\t\t\t\t\t\t\t\t\t\t<h4 >\n\t\t\t\t\tCabeamento Estruturado\t\t\t\t<\/h4>\n\t\t\t\t\t\t\t\t\t\t<\/a>\n\t\t\t\n\t\t\t\t\t\t\t<p class=\"text\" >Projetos de implementa\u00e7\u00e3o de Cabeamento estruturado baseado nas normas EIATIA<\/p>\n\t\t\t\t\t\t\t\t\t\t<a href=\"https:\/\/www.avancoti.com.br\/novo_site\/servicos\/cabeamento-estruturado\/\" class=\"more-button\" >Saiba Mais <i><\/i><\/a>\n\t\t\t\t\t<\/div>\n\t\t<\/div><\/div><div id=\"pgc-168-2-1\"  class=\"panel-grid-cell\" ><div id=\"panel-168-2-1-0\" class=\"so-panel widget widget_circleicon-widget panel-first-child panel-last-child\" data-index=\"3\" >\t\t<div class=\"circle-icon-box circle-icon-position-top circle-icon-hide-box circle-icon-size-medium \">\n\t\t\t\t\t\t\t<div class=\"circle-icon-wrapper\">\n\t\t\t\t\t\t\t\t\t\t<a href=\"https:\/\/www.avancoti.com.br\/novo_site\/servicos\/contrato-de-manutencao\/\" class=\"link-icon\" >\t\t\t\t\t<div class=\"circle-icon icon-style-set\" style=\"background-image: url(https:\/\/www.avancoti.com.br\/novo_site\/wp-content\/uploads\/2016\/09\/rack-server-2_icon-icons.com_52829.png)\">\n\t\t\t\t\t\t\t\t\t\t\t<\/div> \n\t\t\t\t\t<\/a>\t\t\t\t<\/div>\n\t\t\t\n\t\t\t\t\t\t\t<a href=\"https:\/\/www.avancoti.com.br\/novo_site\/servicos\/contrato-de-manutencao\/\" class=\"link-title\" >\n\t\t\t\t\t\t\t\t\t\t<h4 >\n\t\t\t\t\tContrato de Manuten\u00e7\u00e3o\t\t\t\t<\/h4>\n\t\t\t\t\t\t\t\t\t\t<\/a>\n\t\t\t\n\t\t\t\t\t\t\t<p class=\"text\" >Contrato de manuten\u00e7\u00e3o em computadores e servidores para empresas.<\/p>\n\t\t\t\t\t\t\t\t\t\t<a href=\"https:\/\/www.avancoti.com.br\/novo_site\/servicos\/contrato-de-manutencao\/\" class=\"more-button\" >Saiba Mais <i><\/i><\/a>\n\t\t\t\t\t<\/div>\n\t\t<\/div><\/div><div id=\"pgc-168-2-2\"  class=\"panel-grid-cell\" ><div id=\"panel-168-2-2-0\" class=\"so-panel widget widget_circleicon-widget panel-first-child panel-last-child\" data-index=\"4\" >\t\t<div class=\"circle-icon-box circle-icon-position-top circle-icon-hide-box circle-icon-size-medium \">\n\t\t\t\t\t\t\t<div class=\"circle-icon-wrapper\">\n\t\t\t\t\t\t\t\t\t\t<a href=\"https:\/\/www.avancoti.com.br\/novo_site\/servicos\/redes-sem-fio\/\" class=\"link-icon\" >\t\t\t\t\t<div class=\"circle-icon icon-style-set\" style=\"background-image: url(https:\/\/www.avancoti.com.br\/novo_site\/wp-content\/uploads\/2016\/09\/wireless.fw_.png)\">\n\t\t\t\t\t\t\t\t\t\t\t<\/div> \n\t\t\t\t\t<\/a>\t\t\t\t<\/div>\n\t\t\t\n\t\t\t\t\t\t\t<a href=\"https:\/\/www.avancoti.com.br\/novo_site\/servicos\/redes-sem-fio\/\" class=\"link-title\" >\n\t\t\t\t\t\t\t\t\t\t<h4 >\n\t\t\t\t\tRede Wireless\t\t\t\t<\/h4>\n\t\t\t\t\t\t\t\t\t\t<\/a>\n\t\t\t\n\t\t\t\t\t\t\t<p class=\"text\" >Projetos de rede sem fio profissional, indoor e Outdoor.<\/p>\n\t\t\t\t\t\t\t\t\t\t<a href=\"https:\/\/www.avancoti.com.br\/novo_site\/servicos\/redes-sem-fio\/\" class=\"more-button\" >Saiba Mais <i><\/i><\/a>\n\t\t\t\t\t<\/div>\n\t\t<\/div><\/div><\/div><div id=\"pg-168-3\"  class=\"panel-grid panel-no-style\" ><div id=\"pgc-168-3-0\"  class=\"panel-grid-cell\" ><div id=\"panel-168-3-0-0\" class=\"so-panel widget widget_circleicon-widget panel-first-child panel-last-child\" data-index=\"5\" >\t\t<div class=\"circle-icon-box circle-icon-position-top circle-icon-hide-box circle-icon-size-medium \">\n\t\t\t\t\t\t\t<div class=\"circle-icon-wrapper\">\n\t\t\t\t\t\t\t\t\t\t<a href=\"https:\/\/www.avancoti.com.br\/novo_site\/servicos\/seguranca-eletronica\/\" class=\"link-icon\" >\t\t\t\t\t<div class=\"circle-icon\" >\n\t\t\t\t\t\t\t\t\t\t\t\t\t<div class=\"fa fa-video-camera\" ><\/div>\n\t\t\t\t\t\t\t\t\t\t\t<\/div> \n\t\t\t\t\t<\/a>\t\t\t\t<\/div>\n\t\t\t\n\t\t\t\t\t\t\t<a href=\"https:\/\/www.avancoti.com.br\/novo_site\/servicos\/seguranca-eletronica\/\" class=\"link-title\" >\n\t\t\t\t\t\t\t\t\t\t<h4 >\n\t\t\t\t\tSeguran\u00e7a Eletr\u00f4nica\t\t\t\t<\/h4>\n\t\t\t\t\t\t\t\t\t\t<\/a>\n\t\t\t\n\t\t\t\t\t\t\t<p class=\"text\" >Sistema de C\u00e2meras para empresas e resid\u00eancias, grava\u00e7\u00e3o cont\u00ednua e acesso de qualquer lugar do mundo utilizando  SmartPhone, Tablet ou Computador<\/p>\n\t\t\t\t\t\t\t\t\t\t<a href=\"https:\/\/www.avancoti.com.br\/novo_site\/servicos\/seguranca-eletronica\/\" class=\"more-button\" >Saiba Mais <i><\/i><\/a>\n\t\t\t\t\t<\/div>\n\t\t<\/div><\/div><div id=\"pgc-168-3-1\"  class=\"panel-grid-cell\" ><div id=\"panel-168-3-1-0\" class=\"so-panel widget widget_circleicon-widget panel-first-child panel-last-child\" data-index=\"6\" >\t\t<div class=\"circle-icon-box circle-icon-position-top circle-icon-hide-box circle-icon-size-medium \">\n\t\t\t\t\t\t\t<div class=\"circle-icon-wrapper\">\n\t\t\t\t\t\t\t\t\t\t<a href=\"https:\/\/www.avancoti.com.br\/novo_site\/servicos\/consultoria\/\" class=\"link-icon\" >\t\t\t\t\t<div class=\"circle-icon icon-style-set\" style=\"background-image: url(https:\/\/www.avancoti.com.br\/novo_site\/wp-content\/uploads\/2016\/09\/consultoria.fw_.png)\">\n\t\t\t\t\t\t\t\t\t\t\t<\/div> \n\t\t\t\t\t<\/a>\t\t\t\t<\/div>\n\t\t\t\n\t\t\t\t\t\t\t<a href=\"https:\/\/www.avancoti.com.br\/novo_site\/servicos\/consultoria\/\" class=\"link-title\" >\n\t\t\t\t\t\t\t\t\t\t<h4 >\n\t\t\t\t\tConsultoria\t\t\t\t<\/h4>\n\t\t\t\t\t\t\t\t\t\t<\/a>\n\t\t\t\n\t\t\t\t\t\t\t<p class=\"text\" >Consultorias em Tecnologia da Informa\u00e7\u00e3o. Realizando diagn\u00f3stico e formulando solu\u00e7\u00f5es para Empresas. <\/p>\n\t\t\t\t\t\t\t\t\t\t<a href=\"https:\/\/www.avancoti.com.br\/novo_site\/servicos\/consultoria\/\" class=\"more-button\" >Saiba Mais <i><\/i><\/a>\n\t\t\t\t\t<\/div>\n\t\t<\/div><\/div><div id=\"pgc-168-3-2\"  class=\"panel-grid-cell\" ><div id=\"panel-168-3-2-0\" class=\"so-panel widget widget_circleicon-widget panel-first-child panel-last-child\" data-index=\"7\" >\t\t<div class=\"circle-icon-box circle-icon-position-top circle-icon-hide-box circle-icon-size-medium \">\n\t\t\t\t\t\t\t<div class=\"circle-icon-wrapper\">\n\t\t\t\t\t\t\t\t\t\t<a href=\"https:\/\/www.avancoti.com.br\/novo_site\/servicos\/backup-salvador\/\" class=\"link-icon\" >\t\t\t\t\t<div class=\"circle-icon icon-style-set\" style=\"background-image: url(https:\/\/www.avancoti.com.br\/novo_site\/wp-content\/uploads\/2016\/09\/sites-icons.fw_.png)\">\n\t\t\t\t\t\t\t\t\t\t\t<\/div> \n\t\t\t\t\t<\/a>\t\t\t\t<\/div>\n\t\t\t\n\t\t\t\t\t\t\t<a href=\"https:\/\/www.avancoti.com.br\/novo_site\/servicos\/backup-salvador\/\" class=\"link-title\" >\n\t\t\t\t\t\t\t\t\t\t<h4 >\n\t\t\t\t\tSites\t\t\t\t<\/h4>\n\t\t\t\t\t\t\t\t\t\t<\/a>\n\t\t\t\n\t\t\t\t\t\t\t<p class=\"text\" >Desenvolvimento de sites responsivos adaptado aos diversos tipos de display e plataformas com otimiza\u00e7\u00e3o para sites de buscas<\/p>\n\t\t\t\t\t\t\t\t\t\t<a href=\"https:\/\/www.avancoti.com.br\/novo_site\/servicos\/backup-salvador\/\" class=\"more-button\" >Saiba MAis <i><\/i><\/a>\n\t\t\t\t\t<\/div>\n\t\t<\/div><\/div><\/div><div id=\"pg-168-4\"  class=\"panel-grid panel-no-style\" ><div id=\"pgc-168-4-0\"  class=\"panel-grid-cell panel-grid-cell-empty\" ><\/div><div id=\"pgc-168-4-1\"  class=\"panel-grid-cell panel-grid-cell-empty panel-grid-cell-mobile-last\" ><\/div><div id=\"pgc-168-4-2\"  class=\"panel-grid-cell panel-grid-cell-empty\" ><\/div><\/div><div id=\"pg-168-5\"  class=\"panel-grid panel-no-style\" ><div id=\"pgc-168-5-0\"  class=\"panel-grid-cell\" ><div id=\"panel-168-5-0-0\" class=\"so-panel widget widget_sow-cta panel-first-child panel-last-child\" data-index=\"8\" ><div\n\t\t\t\n\t\t\tclass=\"so-widget-sow-cta so-widget-sow-cta-default-4b4616b4bcb6-168\"\n\t\t\t\n\t\t><div\n\tclass=\"sow-cta-base\"\n\t>\n\t\n\t<div class=\"sow-cta-wrapper\">\n\n\t\t<div class=\"sow-cta-text\">\n\t\t\t\t\t\t\t<h4 class=\"sow-cta-title\">\n\t\t\t\t\tTem interesse em algum servi\u00e7o?\t\t\t\t<\/h4>\n\t\t\t\n\t\t\t\t\t\t\t<h4 class=\"sow-cta-subtitle\">\n\t\t\t\t\tEntre em contato e solicite um or\u00e7amento sem compromisso. Enviamos por email em at\u00e9 24 horas.\t\t\t\t<\/h4>\n\t\t\t\t\t<\/div>\n\n\t\t<div\n\t\t\t\n\t\t\tclass=\"so-widget-sow-button so-widget-sow-button-atom-f54c0409268f\"\n\t\t\t\n\t\t><div class=\"ow-button-base ow-button-align-center\"\n>\n\t\t\t<a\n\t\t\t\t\thref=\"https:\/\/www.avancoti.com.br\/novo_site\/contato\/\"\n\t\t\t\t\tclass=\"sowb-button ow-icon-placement-left ow-button-hover\" \t>\n\t\t<span>\n\t\t\t\n\t\t\tSOLICITE UMA PROPOSTA\t\t<\/span>\n\t\t\t<\/a>\n\t<\/div>\n<\/div>\n\t<\/div>\n\n\t<\/div>\n<\/div><\/div><\/div><\/div><\/div>","protected":false},"excerpt":{"rendered":"<p>Nossos Servi\u00e7os Conhe\u00e7a nossos servi\u00e7os Cabeamento Estruturado Projetos de implementa\u00e7\u00e3o de Cabeamento estruturado baseado nas normas EIATIA Saiba Mais Contrato de Manuten\u00e7\u00e3o Contrato de manuten\u00e7\u00e3o em computadores e servidores para empresas. Saiba Mais Rede Wireless Projetos de rede sem fio profissional, indoor e Outdoor. Saiba Mais Seguran\u00e7a Eletr\u00f4nica Sistema de C\u00e2meras para empresas e resid\u00eancias, [&hellip;]<\/p>\n","protected":false},"author":1,"featured_media":0,"parent":0,"menu_order":0,"comment_status":"closed","ping_status":"closed","template":"home-panels.php","meta":{"footnotes":""},"class_list":["post-168","page","type-page","status-publish","hentry","post"],"yoast_head":"<!-- This site is optimized with the Yoast SEO plugin v26.9 - https:\/\/yoast.com\/product\/yoast-seo-wordpress\/ -->\n<title>Servi\u00e7os &#187; Avan\u00e7o T.I - Solu\u00e7\u00f5es em Tecnologia<\/title>\n<meta name=\"description\" content=\"Cabeamento estruturado em salvador, Desenvolvimento de Sites, Contrato de manuten\u00e7\u00e3o de computadores e servidores em salvador e muito mais...\" \/>\n<meta name=\"robots\" content=\"index, follow, max-snippet:-1, max-image-preview:large, max-video-preview:-1\" \/>\n<link rel=\"canonical\" href=\"http:\/\/www.avancoti.com.br\/novo_site\/servicos\/\" \/>\n<meta property=\"og:locale\" content=\"pt_BR\" \/>\n<meta property=\"og:type\" content=\"article\" \/>\n<meta property=\"og:title\" content=\"Servi\u00e7os &#187; Avan\u00e7o T.I - Solu\u00e7\u00f5es em Tecnologia\" \/>\n<meta property=\"og:description\" content=\"Cabeamento estruturado em salvador, Desenvolvimento de Sites, Contrato de manuten\u00e7\u00e3o de computadores e servidores em salvador e muito mais...\" \/>\n<meta property=\"og:url\" content=\"http:\/\/www.avancoti.com.br\/novo_site\/servicos\/\" \/>\n<meta property=\"og:site_name\" content=\"Avan\u00e7o T.I - Solu\u00e7\u00f5es em Tecnologia\" \/>\n<meta property=\"article:publisher\" content=\"https:\/\/www.facebook.com\/avancoti\/\" \/>\n<meta property=\"article:modified_time\" content=\"2024-11-15T22:01:36+00:00\" \/>\n<meta name=\"twitter:card\" content=\"summary_large_image\" \/>\n<meta name=\"twitter:label1\" content=\"Est. tempo de leitura\" \/>\n\t<meta name=\"twitter:data1\" content=\"1 minuto\" \/>\n<script type=\"application\/ld+json\" class=\"yoast-schema-graph\">{\"@context\":\"https:\/\/schema.org\",\"@graph\":[{\"@type\":\"WebPage\",\"@id\":\"http:\/\/www.avancoti.com.br\/novo_site\/servicos\/\",\"url\":\"http:\/\/www.avancoti.com.br\/novo_site\/servicos\/\",\"name\":\"Servi\u00e7os &#187; Avan\u00e7o T.I - Solu\u00e7\u00f5es em Tecnologia\",\"isPartOf\":{\"@id\":\"http:\/\/www.avancoti.com.br\/novo_site\/#website\"},\"datePublished\":\"2016-10-16T21:07:18+00:00\",\"dateModified\":\"2024-11-15T22:01:36+00:00\",\"description\":\"Cabeamento estruturado em salvador, Desenvolvimento de Sites, Contrato de manuten\u00e7\u00e3o de computadores e servidores em salvador e muito mais...\",\"breadcrumb\":{\"@id\":\"http:\/\/www.avancoti.com.br\/novo_site\/servicos\/#breadcrumb\"},\"inLanguage\":\"pt-BR\",\"potentialAction\":[{\"@type\":\"ReadAction\",\"target\":[\"http:\/\/www.avancoti.com.br\/novo_site\/servicos\/\"]}]},{\"@type\":\"BreadcrumbList\",\"@id\":\"http:\/\/www.avancoti.com.br\/novo_site\/servicos\/#breadcrumb\",\"itemListElement\":[{\"@type\":\"ListItem\",\"position\":1,\"name\":\"In\u00edcio\",\"item\":\"http:\/\/www.avancoti.com.br\/novo_site\/\"},{\"@type\":\"ListItem\",\"position\":2,\"name\":\"Servi\u00e7os\"}]},{\"@type\":\"WebSite\",\"@id\":\"http:\/\/www.avancoti.com.br\/novo_site\/#website\",\"url\":\"http:\/\/www.avancoti.com.br\/novo_site\/\",\"name\":\"Avan\u00e7o T.I - Solu\u00e7\u00f5es em Tecnologia\",\"description\":\"Solu\u00e7\u00f5es em Tecnologia\",\"publisher\":{\"@id\":\"http:\/\/www.avancoti.com.br\/novo_site\/#organization\"},\"potentialAction\":[{\"@type\":\"SearchAction\",\"target\":{\"@type\":\"EntryPoint\",\"urlTemplate\":\"http:\/\/www.avancoti.com.br\/novo_site\/?s={search_term_string}\"},\"query-input\":{\"@type\":\"PropertyValueSpecification\",\"valueRequired\":true,\"valueName\":\"search_term_string\"}}],\"inLanguage\":\"pt-BR\"},{\"@type\":\"Organization\",\"@id\":\"http:\/\/www.avancoti.com.br\/novo_site\/#organization\",\"name\":\"Avan\u00e7o T.I - Solu\u00e7\u00f5es em Tecnologia\",\"url\":\"http:\/\/www.avancoti.com.br\/novo_site\/\",\"logo\":{\"@type\":\"ImageObject\",\"inLanguage\":\"pt-BR\",\"@id\":\"http:\/\/www.avancoti.com.br\/novo_site\/#\/schema\/logo\/image\/\",\"url\":\"http:\/\/www.avancoti.com.br\/novo_site\/wp-content\/uploads\/2016\/09\/cropped-logo-avanco-verde.png\",\"contentUrl\":\"http:\/\/www.avancoti.com.br\/novo_site\/wp-content\/uploads\/2016\/09\/cropped-logo-avanco-verde.png\",\"width\":1940,\"height\":512,\"caption\":\"Avan\u00e7o T.I - Solu\u00e7\u00f5es em Tecnologia\"},\"image\":{\"@id\":\"http:\/\/www.avancoti.com.br\/novo_site\/#\/schema\/logo\/image\/\"},\"sameAs\":[\"https:\/\/www.facebook.com\/avancoti\/\",\"https:\/\/www.instagram.com\/avancoti\/\"]}]}<\/script>\n<!-- \/ Yoast SEO plugin. -->","yoast_head_json":{"title":"Servi\u00e7os &#187; Avan\u00e7o T.I - Solu\u00e7\u00f5es em Tecnologia","description":"Cabeamento estruturado em salvador, Desenvolvimento de Sites, Contrato de manuten\u00e7\u00e3o de computadores e servidores em salvador e muito mais...","robots":{"index":"index","follow":"follow","max-snippet":"max-snippet:-1","max-image-preview":"max-image-preview:large","max-video-preview":"max-video-preview:-1"},"canonical":"http:\/\/www.avancoti.com.br\/novo_site\/servicos\/","og_locale":"pt_BR","og_type":"article","og_title":"Servi\u00e7os &#187; Avan\u00e7o T.I - Solu\u00e7\u00f5es em Tecnologia","og_description":"Cabeamento estruturado em salvador, Desenvolvimento de Sites, Contrato de manuten\u00e7\u00e3o de computadores e servidores em salvador e muito mais...","og_url":"http:\/\/www.avancoti.com.br\/novo_site\/servicos\/","og_site_name":"Avan\u00e7o T.I - Solu\u00e7\u00f5es em Tecnologia","article_publisher":"https:\/\/www.facebook.com\/avancoti\/","article_modified_time":"2024-11-15T22:01:36+00:00","twitter_card":"summary_large_image","twitter_misc":{"Est. tempo de leitura":"1 minuto"},"schema":{"@context":"https:\/\/schema.org","@graph":[{"@type":"WebPage","@id":"http:\/\/www.avancoti.com.br\/novo_site\/servicos\/","url":"http:\/\/www.avancoti.com.br\/novo_site\/servicos\/","name":"Servi\u00e7os &#187; Avan\u00e7o T.I - Solu\u00e7\u00f5es em Tecnologia","isPartOf":{"@id":"http:\/\/www.avancoti.com.br\/novo_site\/#website"},"datePublished":"2016-10-16T21:07:18+00:00","dateModified":"2024-11-15T22:01:36+00:00","description":"Cabeamento estruturado em salvador, Desenvolvimento de Sites, Contrato de manuten\u00e7\u00e3o de computadores e servidores em salvador e muito mais...","breadcrumb":{"@id":"http:\/\/www.avancoti.com.br\/novo_site\/servicos\/#breadcrumb"},"inLanguage":"pt-BR","potentialAction":[{"@type":"ReadAction","target":["http:\/\/www.avancoti.com.br\/novo_site\/servicos\/"]}]},{"@type":"BreadcrumbList","@id":"http:\/\/www.avancoti.com.br\/novo_site\/servicos\/#breadcrumb","itemListElement":[{"@type":"ListItem","position":1,"name":"In\u00edcio","item":"http:\/\/www.avancoti.com.br\/novo_site\/"},{"@type":"ListItem","position":2,"name":"Servi\u00e7os"}]},{"@type":"WebSite","@id":"http:\/\/www.avancoti.com.br\/novo_site\/#website","url":"http:\/\/www.avancoti.com.br\/novo_site\/","name":"Avan\u00e7o T.I - Solu\u00e7\u00f5es em Tecnologia","description":"Solu\u00e7\u00f5es em Tecnologia","publisher":{"@id":"http:\/\/www.avancoti.com.br\/novo_site\/#organization"},"potentialAction":[{"@type":"SearchAction","target":{"@type":"EntryPoint","urlTemplate":"http:\/\/www.avancoti.com.br\/novo_site\/?s={search_term_string}"},"query-input":{"@type":"PropertyValueSpecification","valueRequired":true,"valueName":"search_term_string"}}],"inLanguage":"pt-BR"},{"@type":"Organization","@id":"http:\/\/www.avancoti.com.br\/novo_site\/#organization","name":"Avan\u00e7o T.I - Solu\u00e7\u00f5es em Tecnologia","url":"http:\/\/www.avancoti.com.br\/novo_site\/","logo":{"@type":"ImageObject","inLanguage":"pt-BR","@id":"http:\/\/www.avancoti.com.br\/novo_site\/#\/schema\/logo\/image\/","url":"http:\/\/www.avancoti.com.br\/novo_site\/wp-content\/uploads\/2016\/09\/cropped-logo-avanco-verde.png","contentUrl":"http:\/\/www.avancoti.com.br\/novo_site\/wp-content\/uploads\/2016\/09\/cropped-logo-avanco-verde.png","width":1940,"height":512,"caption":"Avan\u00e7o T.I - Solu\u00e7\u00f5es em Tecnologia"},"image":{"@id":"http:\/\/www.avancoti.com.br\/novo_site\/#\/schema\/logo\/image\/"},"sameAs":["https:\/\/www.facebook.com\/avancoti\/","https:\/\/www.instagram.com\/avancoti\/"]}]}},"_links":{"self":[{"href":"http:\/\/www.avancoti.com.br\/novo_site\/wp-json\/wp\/v2\/pages\/168","targetHints":{"allow":["GET"]}}],"collection":[{"href":"http:\/\/www.avancoti.com.br\/novo_site\/wp-json\/wp\/v2\/pages"}],"about":[{"href":"http:\/\/www.avancoti.com.br\/novo_site\/wp-json\/wp\/v2\/types\/page"}],"author":[{"embeddable":true,"href":"http:\/\/www.avancoti.com.br\/novo_site\/wp-json\/wp\/v2\/users\/1"}],"replies":[{"embeddable":true,"href":"http:\/\/www.avancoti.com.br\/novo_site\/wp-json\/wp\/v2\/comments?post=168"}],"version-history":[{"count":9,"href":"http:\/\/www.avancoti.com.br\/novo_site\/wp-json\/wp\/v2\/pages\/168\/revisions"}],"predecessor-version":[{"id":719,"href":"http:\/\/www.avancoti.com.br\/novo_site\/wp-json\/wp\/v2\/pages\/168\/revisions\/719"}],"wp:attachment":[{"href":"http:\/\/www.avancoti.com.br\/novo_site\/wp-json\/wp\/v2\/media?parent=168"}],"curies":[{"name":"wp","href":"https:\/\/api.w.org\/{rel}","templated":true}]}}