{"id":33,"date":"2016-09-12T14:26:39","date_gmt":"2016-09-12T17:26:39","guid":{"rendered":"https:\/\/www.avancoti.com.br\/novo_site\/?page_id=33"},"modified":"2020-06-02T21:26:52","modified_gmt":"2020-06-03T00:26:52","slug":"cabeamento-estruturado-salvador","status":"publish","type":"page","link":"http:\/\/www.avancoti.com.br\/novo_site\/servicos\/cabeamento-estruturado-salvador\/","title":{"rendered":"Cabeamento Estruturado"},"content":{"rendered":"<div id=\"pl-33\"  class=\"panel-layout\" ><div id=\"pg-33-0\"  class=\"panel-grid panel-has-style\" ><div class=\"siteorigin-panels-stretch panel-row-style-full-width panel-row-style panel-row-style-for-33-0\" data-stretch-type=\"full-stretched\" ><div id=\"pgc-33-0-0\"  class=\"panel-grid-cell\" ><div id=\"panel-33-0-0-0\" class=\"so-panel widget widget_black-studio-tinymce widget_black_studio_tinymce panel-first-child panel-last-child\" data-index=\"0\" ><div class=\"textwidget\"><p><span class=\"\" style=\"display:block;clear:both;height: 0px;margin-top: -75px;border-top-width:0px;border-bottom-width:0px;\"><\/span><\/p>\n<p><img loading=\"lazy\" decoding=\"async\" class=\"aligncenter size-full wp-image-215\" src=\"https:\/\/www.avancoti.com.br\/novo_site\/wp-content\/uploads\/2016\/09\/banner-servi\u00e7os-cabeamentoestruturado.jpg\" alt=\"banner-servicos-cabeamentoestruturado\" width=\"1920\" height=\"400\" srcset=\"http:\/\/www.avancoti.com.br\/novo_site\/wp-content\/uploads\/2016\/09\/banner-servi\u00e7os-cabeamentoestruturado.jpg 1920w, http:\/\/www.avancoti.com.br\/novo_site\/wp-content\/uploads\/2016\/09\/banner-servi\u00e7os-cabeamentoestruturado-300x63.jpg 300w, http:\/\/www.avancoti.com.br\/novo_site\/wp-content\/uploads\/2016\/09\/banner-servi\u00e7os-cabeamentoestruturado-768x160.jpg 768w, http:\/\/www.avancoti.com.br\/novo_site\/wp-content\/uploads\/2016\/09\/banner-servi\u00e7os-cabeamentoestruturado-1024x213.jpg 1024w\" sizes=\"auto, (max-width: 1920px) 100vw, 1920px\" \/><\/p>\n<\/div><\/div><\/div><\/div><\/div><div id=\"pg-33-1\"  class=\"panel-grid panel-no-style\" ><div id=\"pgc-33-1-0\"  class=\"panel-grid-cell\" ><div id=\"panel-33-1-0-0\" class=\"so-panel widget widget_black-studio-tinymce widget_black_studio_tinymce panel-first-child panel-last-child\" data-index=\"1\" ><div class=\"textwidget\"><p><img loading=\"lazy\" decoding=\"async\" class=\"aligncenter size-large wp-image-350\" src=\"https:\/\/www.avancoti.com.br\/novo_site\/wp-content\/uploads\/2016\/09\/Avan\u00e7o-1024x887.png\" alt=\"cabeamento-estruturado\" width=\"720\" height=\"624\" srcset=\"http:\/\/www.avancoti.com.br\/novo_site\/wp-content\/uploads\/2016\/09\/Avan\u00e7o-1024x887.png 1024w, http:\/\/www.avancoti.com.br\/novo_site\/wp-content\/uploads\/2016\/09\/Avan\u00e7o-300x260.png 300w, http:\/\/www.avancoti.com.br\/novo_site\/wp-content\/uploads\/2016\/09\/Avan\u00e7o-768x665.png 768w\" sizes=\"auto, (max-width: 720px) 100vw, 720px\" \/><\/p>\n<\/div><\/div><\/div><div id=\"pgc-33-1-1\"  class=\"panel-grid-cell\" ><div id=\"panel-33-1-1-0\" class=\"so-panel widget widget_sow-editor panel-first-child\" data-index=\"2\" ><div\n\t\t\t\n\t\t\tclass=\"so-widget-sow-editor so-widget-sow-editor-base\"\n\t\t\t\n\t\t><h3 class=\"widget-title\">Cabeamento Estruturado<\/h3>\n<div class=\"siteorigin-widget-tinymce textwidget\">\n\t<p>A Avan\u00e7o Ti \u00e9 uma empresa especialista na realiza\u00e7\u00e3o de projetos e montagens de redes 100% estruturadas. Implementa\u00e7\u00e3o de cabeamento 100% estruturado, suportando Dados, voz e V\u00eddeo. Projetos planejados, visando escalabilidade, disponibilidade e Custo x Benef\u00edcio.<\/p>\n<\/div>\n<\/div><\/div><div id=\"panel-33-1-1-1\" class=\"so-panel widget widget_sow-editor\" data-index=\"3\" ><div\n\t\t\t\n\t\t\tclass=\"so-widget-sow-editor so-widget-sow-editor-base\"\n\t\t\t\n\t\t><h3 class=\"widget-title\">Profissionais Certificados Furukawa<\/h3>\n<div class=\"siteorigin-widget-tinymce textwidget\">\n\t<p>Todos os nossos profissionais s\u00e3o especialistas em tecnologia de cabeamento estruturado. FCP - Furukawa Certified Professional.<\/p>\n<\/div>\n<\/div><\/div><div id=\"panel-33-1-1-2\" class=\"so-panel widget widget_sow-editor\" data-index=\"4\" ><div\n\t\t\t\n\t\t\tclass=\"so-widget-sow-editor so-widget-sow-editor-base\"\n\t\t\t\n\t\t><h3 class=\"widget-title\"> Normas T\u00e9cnicas<\/h3>\n<div class=\"siteorigin-widget-tinymce textwidget\">\n\t<p>Com base nas normas de cabeamento estruturado criadas pela EIA\/TIA, realizamos o projeto e a implementa\u00e7\u00e3o do cabeamento estruturado.<\/p>\n<\/div>\n<\/div><\/div><div id=\"panel-33-1-1-3\" class=\"so-panel widget widget_sow-editor panel-last-child\" data-index=\"5\" ><div\n\t\t\t\n\t\t\tclass=\"so-widget-sow-editor so-widget-sow-editor-base\"\n\t\t\t\n\t\t><h3 class=\"widget-title\"> Visita T\u00e9cnica<\/h3>\n<div class=\"siteorigin-widget-tinymce textwidget\">\n\t<p>Realizamos visitas em Salvador e regi\u00f5es metropolitanas sem compromisso para elabora\u00e7\u00e3o de or\u00e7amentos e projetos.<\/p>\n<\/div>\n<\/div><\/div><\/div><\/div><\/div>","protected":false},"excerpt":{"rendered":"<p>A Avan\u00e7o Ti \u00e9 uma empresa especialista na realiza\u00e7\u00e3o de projetos e montagens de redes 100% estruturadas. Implementa\u00e7\u00e3o de cabeamento 100% estruturado, suportando Dados, voz e V\u00eddeo. Projetos planejados, visando escalabilidade, disponibilidade e Custo x Benef\u00edcio. Todos os nossos profissionais s\u00e3o especialistas em tecnologia de cabeamento estruturado. FCP &#8211; Furukawa Certified Professional. Com base nas [&hellip;]<\/p>\n","protected":false},"author":1,"featured_media":0,"parent":168,"menu_order":0,"comment_status":"closed","ping_status":"closed","template":"home-panels.php","meta":{"footnotes":""},"class_list":["post-33","page","type-page","status-publish","hentry","post"],"yoast_head":"<!-- This site is optimized with the Yoast SEO plugin v26.9 - https:\/\/yoast.com\/product\/yoast-seo-wordpress\/ -->\n<title>Cabeamento Estruturado em Salvador | Baseado nas normas EIA\/TIA<\/title>\n<meta name=\"description\" content=\"Realizamos projetos de implementa\u00e7\u00e3o de cabeamento estruturado em salvador baseado nas normas EIA\/TIA. Agende uma visita.\" \/>\n<meta name=\"robots\" content=\"index, follow, max-snippet:-1, max-image-preview:large, max-video-preview:-1\" \/>\n<link rel=\"canonical\" href=\"https:\/\/www.avancoti.com.br\/novo_site\/servicos\/cabeamento-estruturado-salvador\/\" \/>\n<meta property=\"og:locale\" content=\"pt_BR\" \/>\n<meta property=\"og:type\" content=\"article\" \/>\n<meta property=\"og:title\" content=\"Cabeamento Estruturado em Salvador | Baseado nas normas EIA\/TIA\" \/>\n<meta property=\"og:description\" content=\"Realizamos projetos de implementa\u00e7\u00e3o de cabeamento estruturado em salvador baseado nas normas EIA\/TIA. Agende uma visita.\" \/>\n<meta property=\"og:url\" content=\"https:\/\/www.avancoti.com.br\/novo_site\/servicos\/cabeamento-estruturado-salvador\/\" \/>\n<meta property=\"og:site_name\" content=\"Avan\u00e7o T.I - Solu\u00e7\u00f5es em Tecnologia\" \/>\n<meta property=\"article:publisher\" content=\"https:\/\/www.facebook.com\/avancoti\/\" \/>\n<meta property=\"article:modified_time\" content=\"2020-06-03T00:26:52+00:00\" \/>\n<meta name=\"twitter:card\" content=\"summary_large_image\" \/>\n<meta name=\"twitter:label1\" content=\"Est. tempo de leitura\" \/>\n\t<meta name=\"twitter:data1\" content=\"1 minuto\" \/>\n<script type=\"application\/ld+json\" class=\"yoast-schema-graph\">{\"@context\":\"https:\/\/schema.org\",\"@graph\":[{\"@type\":\"WebPage\",\"@id\":\"https:\/\/www.avancoti.com.br\/novo_site\/servicos\/cabeamento-estruturado-salvador\/\",\"url\":\"https:\/\/www.avancoti.com.br\/novo_site\/servicos\/cabeamento-estruturado-salvador\/\",\"name\":\"Cabeamento Estruturado em Salvador | Baseado nas normas EIA\/TIA\",\"isPartOf\":{\"@id\":\"http:\/\/www.avancoti.com.br\/novo_site\/#website\"},\"datePublished\":\"2016-09-12T17:26:39+00:00\",\"dateModified\":\"2020-06-03T00:26:52+00:00\",\"description\":\"Realizamos projetos de implementa\u00e7\u00e3o de cabeamento estruturado em salvador baseado nas normas EIA\/TIA. Agende uma visita.\",\"breadcrumb\":{\"@id\":\"https:\/\/www.avancoti.com.br\/novo_site\/servicos\/cabeamento-estruturado-salvador\/#breadcrumb\"},\"inLanguage\":\"pt-BR\",\"potentialAction\":[{\"@type\":\"ReadAction\",\"target\":[\"https:\/\/www.avancoti.com.br\/novo_site\/servicos\/cabeamento-estruturado-salvador\/\"]}]},{\"@type\":\"BreadcrumbList\",\"@id\":\"https:\/\/www.avancoti.com.br\/novo_site\/servicos\/cabeamento-estruturado-salvador\/#breadcrumb\",\"itemListElement\":[{\"@type\":\"ListItem\",\"position\":1,\"name\":\"In\u00edcio\",\"item\":\"http:\/\/www.avancoti.com.br\/novo_site\/\"},{\"@type\":\"ListItem\",\"position\":2,\"name\":\"Servi\u00e7os\",\"item\":\"http:\/\/www.avancoti.com.br\/novo_site\/servicos\/\"},{\"@type\":\"ListItem\",\"position\":3,\"name\":\"Cabeamento Estruturado\"}]},{\"@type\":\"WebSite\",\"@id\":\"http:\/\/www.avancoti.com.br\/novo_site\/#website\",\"url\":\"http:\/\/www.avancoti.com.br\/novo_site\/\",\"name\":\"Avan\u00e7o T.I - Solu\u00e7\u00f5es em Tecnologia\",\"description\":\"Solu\u00e7\u00f5es em Tecnologia\",\"publisher\":{\"@id\":\"http:\/\/www.avancoti.com.br\/novo_site\/#organization\"},\"potentialAction\":[{\"@type\":\"SearchAction\",\"target\":{\"@type\":\"EntryPoint\",\"urlTemplate\":\"http:\/\/www.avancoti.com.br\/novo_site\/?s={search_term_string}\"},\"query-input\":{\"@type\":\"PropertyValueSpecification\",\"valueRequired\":true,\"valueName\":\"search_term_string\"}}],\"inLanguage\":\"pt-BR\"},{\"@type\":\"Organization\",\"@id\":\"http:\/\/www.avancoti.com.br\/novo_site\/#organization\",\"name\":\"Avan\u00e7o T.I - Solu\u00e7\u00f5es em Tecnologia\",\"url\":\"http:\/\/www.avancoti.com.br\/novo_site\/\",\"logo\":{\"@type\":\"ImageObject\",\"inLanguage\":\"pt-BR\",\"@id\":\"http:\/\/www.avancoti.com.br\/novo_site\/#\/schema\/logo\/image\/\",\"url\":\"http:\/\/www.avancoti.com.br\/novo_site\/wp-content\/uploads\/2016\/09\/cropped-logo-avanco-verde.png\",\"contentUrl\":\"http:\/\/www.avancoti.com.br\/novo_site\/wp-content\/uploads\/2016\/09\/cropped-logo-avanco-verde.png\",\"width\":1940,\"height\":512,\"caption\":\"Avan\u00e7o T.I - Solu\u00e7\u00f5es em Tecnologia\"},\"image\":{\"@id\":\"http:\/\/www.avancoti.com.br\/novo_site\/#\/schema\/logo\/image\/\"},\"sameAs\":[\"https:\/\/www.facebook.com\/avancoti\/\",\"https:\/\/www.instagram.com\/avancoti\/\"]}]}<\/script>\n<!-- \/ Yoast SEO plugin. -->","yoast_head_json":{"title":"Cabeamento Estruturado em Salvador | Baseado nas normas EIA\/TIA","description":"Realizamos projetos de implementa\u00e7\u00e3o de cabeamento estruturado em salvador baseado nas normas EIA\/TIA. Agende uma visita.","robots":{"index":"index","follow":"follow","max-snippet":"max-snippet:-1","max-image-preview":"max-image-preview:large","max-video-preview":"max-video-preview:-1"},"canonical":"https:\/\/www.avancoti.com.br\/novo_site\/servicos\/cabeamento-estruturado-salvador\/","og_locale":"pt_BR","og_type":"article","og_title":"Cabeamento Estruturado em Salvador | Baseado nas normas EIA\/TIA","og_description":"Realizamos projetos de implementa\u00e7\u00e3o de cabeamento estruturado em salvador baseado nas normas EIA\/TIA. Agende uma visita.","og_url":"https:\/\/www.avancoti.com.br\/novo_site\/servicos\/cabeamento-estruturado-salvador\/","og_site_name":"Avan\u00e7o T.I - Solu\u00e7\u00f5es em Tecnologia","article_publisher":"https:\/\/www.facebook.com\/avancoti\/","article_modified_time":"2020-06-03T00:26:52+00:00","twitter_card":"summary_large_image","twitter_misc":{"Est. tempo de leitura":"1 minuto"},"schema":{"@context":"https:\/\/schema.org","@graph":[{"@type":"WebPage","@id":"https:\/\/www.avancoti.com.br\/novo_site\/servicos\/cabeamento-estruturado-salvador\/","url":"https:\/\/www.avancoti.com.br\/novo_site\/servicos\/cabeamento-estruturado-salvador\/","name":"Cabeamento Estruturado em Salvador | Baseado nas normas EIA\/TIA","isPartOf":{"@id":"http:\/\/www.avancoti.com.br\/novo_site\/#website"},"datePublished":"2016-09-12T17:26:39+00:00","dateModified":"2020-06-03T00:26:52+00:00","description":"Realizamos projetos de implementa\u00e7\u00e3o de cabeamento estruturado em salvador baseado nas normas EIA\/TIA. Agende uma visita.","breadcrumb":{"@id":"https:\/\/www.avancoti.com.br\/novo_site\/servicos\/cabeamento-estruturado-salvador\/#breadcrumb"},"inLanguage":"pt-BR","potentialAction":[{"@type":"ReadAction","target":["https:\/\/www.avancoti.com.br\/novo_site\/servicos\/cabeamento-estruturado-salvador\/"]}]},{"@type":"BreadcrumbList","@id":"https:\/\/www.avancoti.com.br\/novo_site\/servicos\/cabeamento-estruturado-salvador\/#breadcrumb","itemListElement":[{"@type":"ListItem","position":1,"name":"In\u00edcio","item":"http:\/\/www.avancoti.com.br\/novo_site\/"},{"@type":"ListItem","position":2,"name":"Servi\u00e7os","item":"http:\/\/www.avancoti.com.br\/novo_site\/servicos\/"},{"@type":"ListItem","position":3,"name":"Cabeamento Estruturado"}]},{"@type":"WebSite","@id":"http:\/\/www.avancoti.com.br\/novo_site\/#website","url":"http:\/\/www.avancoti.com.br\/novo_site\/","name":"Avan\u00e7o T.I - Solu\u00e7\u00f5es em Tecnologia","description":"Solu\u00e7\u00f5es em Tecnologia","publisher":{"@id":"http:\/\/www.avancoti.com.br\/novo_site\/#organization"},"potentialAction":[{"@type":"SearchAction","target":{"@type":"EntryPoint","urlTemplate":"http:\/\/www.avancoti.com.br\/novo_site\/?s={search_term_string}"},"query-input":{"@type":"PropertyValueSpecification","valueRequired":true,"valueName":"search_term_string"}}],"inLanguage":"pt-BR"},{"@type":"Organization","@id":"http:\/\/www.avancoti.com.br\/novo_site\/#organization","name":"Avan\u00e7o T.I - Solu\u00e7\u00f5es em Tecnologia","url":"http:\/\/www.avancoti.com.br\/novo_site\/","logo":{"@type":"ImageObject","inLanguage":"pt-BR","@id":"http:\/\/www.avancoti.com.br\/novo_site\/#\/schema\/logo\/image\/","url":"http:\/\/www.avancoti.com.br\/novo_site\/wp-content\/uploads\/2016\/09\/cropped-logo-avanco-verde.png","contentUrl":"http:\/\/www.avancoti.com.br\/novo_site\/wp-content\/uploads\/2016\/09\/cropped-logo-avanco-verde.png","width":1940,"height":512,"caption":"Avan\u00e7o T.I - Solu\u00e7\u00f5es em Tecnologia"},"image":{"@id":"http:\/\/www.avancoti.com.br\/novo_site\/#\/schema\/logo\/image\/"},"sameAs":["https:\/\/www.facebook.com\/avancoti\/","https:\/\/www.instagram.com\/avancoti\/"]}]}},"_links":{"self":[{"href":"http:\/\/www.avancoti.com.br\/novo_site\/wp-json\/wp\/v2\/pages\/33","targetHints":{"allow":["GET"]}}],"collection":[{"href":"http:\/\/www.avancoti.com.br\/novo_site\/wp-json\/wp\/v2\/pages"}],"about":[{"href":"http:\/\/www.avancoti.com.br\/novo_site\/wp-json\/wp\/v2\/types\/page"}],"author":[{"embeddable":true,"href":"http:\/\/www.avancoti.com.br\/novo_site\/wp-json\/wp\/v2\/users\/1"}],"replies":[{"embeddable":true,"href":"http:\/\/www.avancoti.com.br\/novo_site\/wp-json\/wp\/v2\/comments?post=33"}],"version-history":[{"count":10,"href":"http:\/\/www.avancoti.com.br\/novo_site\/wp-json\/wp\/v2\/pages\/33\/revisions"}],"predecessor-version":[{"id":457,"href":"http:\/\/www.avancoti.com.br\/novo_site\/wp-json\/wp\/v2\/pages\/33\/revisions\/457"}],"up":[{"embeddable":true,"href":"http:\/\/www.avancoti.com.br\/novo_site\/wp-json\/wp\/v2\/pages\/168"}],"wp:attachment":[{"href":"http:\/\/www.avancoti.com.br\/novo_site\/wp-json\/wp\/v2\/media?parent=33"}],"curies":[{"name":"wp","href":"https:\/\/api.w.org\/{rel}","templated":true}]}}