{"id":35,"date":"2016-09-12T14:27:54","date_gmt":"2016-09-12T17:27:54","guid":{"rendered":"https:\/\/www.avancoti.com.br\/novo_site\/?page_id=35"},"modified":"2017-01-13T23:10:00","modified_gmt":"2017-01-14T02:10:00","slug":"contrato-de-manutencao-salvador","status":"publish","type":"page","link":"http:\/\/www.avancoti.com.br\/novo_site\/servicos\/contrato-de-manutencao-salvador\/","title":{"rendered":"Contrato de Manuten\u00e7\u00e3o"},"content":{"rendered":"<div id=\"pl-35\"  class=\"panel-layout\" ><div id=\"pg-35-0\"  class=\"panel-grid panel-has-style\" ><div class=\"siteorigin-panels-stretch panel-row-style-full-width panel-row-style panel-row-style-for-35-0\" data-stretch-type=\"full-stretched\" ><div id=\"pgc-35-0-0\"  class=\"panel-grid-cell\" ><div id=\"panel-35-0-0-0\" class=\"so-panel widget widget_black-studio-tinymce widget_black_studio_tinymce panel-first-child panel-last-child\" data-index=\"0\" ><div class=\"textwidget\"><p><span class=\"\" style=\"display:block;clear:both;height: 0px;margin-top: -75px;border-top-width:0px;border-bottom-width:0px;\"><\/span><\/p>\n<p><img loading=\"lazy\" decoding=\"async\" class=\"alignleft size-full wp-image-217\" src=\"https:\/\/www.avancoti.com.br\/novo_site\/wp-content\/uploads\/2016\/09\/banner-servi\u00e7os-CONTRATODEMANUTEN\u00c7\u00c3O.jpg\" alt=\"banner-servicos-contratodemanutencao\" width=\"1920\" height=\"400\" srcset=\"http:\/\/www.avancoti.com.br\/novo_site\/wp-content\/uploads\/2016\/09\/banner-servi\u00e7os-CONTRATODEMANUTEN\u00c7\u00c3O.jpg 1920w, http:\/\/www.avancoti.com.br\/novo_site\/wp-content\/uploads\/2016\/09\/banner-servi\u00e7os-CONTRATODEMANUTEN\u00c7\u00c3O-300x63.jpg 300w, http:\/\/www.avancoti.com.br\/novo_site\/wp-content\/uploads\/2016\/09\/banner-servi\u00e7os-CONTRATODEMANUTEN\u00c7\u00c3O-768x160.jpg 768w, http:\/\/www.avancoti.com.br\/novo_site\/wp-content\/uploads\/2016\/09\/banner-servi\u00e7os-CONTRATODEMANUTEN\u00c7\u00c3O-1024x213.jpg 1024w\" sizes=\"auto, (max-width: 1920px) 100vw, 1920px\" \/><\/p>\n<\/div><\/div><\/div><\/div><\/div><div id=\"pg-35-1\"  class=\"panel-grid panel-no-style\" ><div id=\"pgc-35-1-0\"  class=\"panel-grid-cell\" ><div id=\"panel-35-1-0-0\" class=\"so-panel widget widget_black-studio-tinymce widget_black_studio_tinymce panel-first-child\" data-index=\"1\" ><div class=\"textwidget\"><p><img loading=\"lazy\" decoding=\"async\" class=\"alignleft size-full wp-image-227\" src=\"https:\/\/www.avancoti.com.br\/novo_site\/wp-content\/uploads\/2016\/09\/servidores.fw_.png\" alt=\"servidores-fw\" width=\"392\" height=\"617\" srcset=\"http:\/\/www.avancoti.com.br\/novo_site\/wp-content\/uploads\/2016\/09\/servidores.fw_.png 392w, http:\/\/www.avancoti.com.br\/novo_site\/wp-content\/uploads\/2016\/09\/servidores.fw_-191x300.png 191w\" sizes=\"auto, (max-width: 392px) 100vw, 392px\" \/><\/p>\n<\/div><\/div><div id=\"panel-35-1-0-1\" class=\"so-panel widget widget_sow-image panel-last-child\" data-index=\"2\" ><div\n\t\t\t\n\t\t\tclass=\"so-widget-sow-image so-widget-sow-image-default-4e6925654b7a-35\"\n\t\t\t\n\t\t>\n<div class=\"sow-image-container\">\n\t\t<img \n\tsrc=\"http:\/\/www.avancoti.com.br\/novo_site\/wp-content\/uploads\/2016\/09\/imagem-conteudo-manuten\u00e7ao.fw_-300x64.png\" width=\"300\" height=\"64\" srcset=\"http:\/\/www.avancoti.com.br\/novo_site\/wp-content\/uploads\/2016\/09\/imagem-conteudo-manuten\u00e7ao.fw_-300x64.png 300w, http:\/\/www.avancoti.com.br\/novo_site\/wp-content\/uploads\/2016\/09\/imagem-conteudo-manuten\u00e7ao.fw_.png 700w\" sizes=\"(max-width: 300px) 100vw, 300px\" title=\"Certificados de Seguran\u00e7a e Tecnologia\" alt=\"\" \t\tclass=\"so-widget-image\"\/>\n\t<\/div>\n\n<\/div><\/div><\/div><div id=\"pgc-35-1-1\"  class=\"panel-grid-cell\" ><div id=\"panel-35-1-1-0\" class=\"so-panel widget widget_sow-editor panel-first-child\" data-index=\"3\" ><div\n\t\t\t\n\t\t\tclass=\"so-widget-sow-editor so-widget-sow-editor-base\"\n\t\t\t\n\t\t><h3 class=\"widget-title\">Contrato de Manuten\u00e7\u00e3o de Computadores, Servidores, Ativos e Passivos de Rede<\/h3>\n<div class=\"siteorigin-widget-tinymce textwidget\">\n\t<p>\u00a0A terceiriza\u00e7\u00e3o de servi\u00e7os de tecnologia da informa\u00e7\u00e3o vem se fazendo cada vez mais presente em empresas que desejam aprimorar o seu neg\u00f3cio e reduzir despesas sem abrir m\u00e3o da seguran\u00e7a e da qualidade. Em alguns cen\u00e1rios, ela tem se colocado de forma imperativa especialmente para empresas que precisam concentrar esfor\u00e7os e recursos no seu neg\u00f3cio em resposta \u00e0 demanda de um mercado competitivo.\u00a0<\/p>\n<\/div>\n<\/div><\/div><div id=\"panel-35-1-1-1\" class=\"so-panel widget widget_sow-editor\" data-index=\"4\" ><div\n\t\t\t\n\t\t\tclass=\"so-widget-sow-editor so-widget-sow-editor-base\"\n\t\t\t\n\t\t><h3 class=\"widget-title\">Suporte Remoto e Telef\u00f4nico<\/h3>\n<div class=\"siteorigin-widget-tinymce textwidget\">\n\t<p>O suporte remoto \u00e9 uma m\u00e9todo r\u00e1pido e eficaz para solucionar demandas do dia a dia, com um atendimento altamente capacitado e focado em otimizar as rotinas e os resultados da sua empresa.<\/p>\n<\/div>\n<\/div><\/div><div id=\"panel-35-1-1-2\" class=\"so-panel widget widget_sow-editor\" data-index=\"5\" ><div\n\t\t\t\n\t\t\tclass=\"so-widget-sow-editor so-widget-sow-editor-base\"\n\t\t\t\n\t\t><h3 class=\"widget-title\">Visita T\u00e9cnica<\/h3>\n<div class=\"siteorigin-widget-tinymce textwidget\">\n\t<p>Realizamos visita t\u00e9cnica corretiva e preventiva com prioridade de atendimento.<\/p>\n<\/div>\n<\/div><\/div><div id=\"panel-35-1-1-3\" class=\"so-panel widget widget_sow-editor\" data-index=\"6\" ><div\n\t\t\t\n\t\t\tclass=\"so-widget-sow-editor so-widget-sow-editor-base\"\n\t\t\t\n\t\t><h3 class=\"widget-title\">Profissionais T\u00e9cnicos<\/h3>\n<div class=\"siteorigin-widget-tinymce textwidget\">\n\t<p>Profissionais aptos e capacitados para atender a sua empresa.<\/p>\n<\/div>\n<\/div><\/div><div id=\"panel-35-1-1-4\" class=\"so-panel widget widget_sow-editor panel-last-child\" data-index=\"7\" ><div\n\t\t\t\n\t\t\tclass=\"so-widget-sow-editor so-widget-sow-editor-base\"\n\t\t\t\n\t\t><h3 class=\"widget-title\">Manuten\u00e7\u00e3o em computadores, Notebooks e Servidores<\/h3>\n<div class=\"siteorigin-widget-tinymce textwidget\">\n\t<p>Realizamos manuten\u00e7\u00e3o f\u00edsica e l\u00f3gica em computadores, notebooks e servidores.\u00a0<\/p>\n<\/div>\n<\/div><\/div><\/div><\/div><\/div>","protected":false},"excerpt":{"rendered":"<p>\u00a0A terceiriza\u00e7\u00e3o de servi\u00e7os de tecnologia da informa\u00e7\u00e3o vem se fazendo cada vez mais presente em empresas que desejam aprimorar o seu neg\u00f3cio e reduzir despesas sem abrir m\u00e3o da seguran\u00e7a e da qualidade. Em alguns cen\u00e1rios, ela tem se colocado de forma imperativa especialmente para empresas que precisam concentrar esfor\u00e7os e recursos no seu [&hellip;]<\/p>\n","protected":false},"author":1,"featured_media":0,"parent":168,"menu_order":0,"comment_status":"closed","ping_status":"closed","template":"home-panels.php","meta":{"footnotes":""},"class_list":["post-35","page","type-page","status-publish","hentry","post"],"yoast_head":"<!-- This site is optimized with the Yoast SEO plugin v26.9 - https:\/\/yoast.com\/product\/yoast-seo-wordpress\/ -->\n<title>Manuten\u00e7\u00e3o em Computadores, Notebooks e Servidores em Salvador.<\/title>\n<meta name=\"description\" content=\"Contrato de manuten\u00e7\u00e3o de computadores, servidores, ativos e passivos de rede em Salvador. Fazemos or\u00e7amento e agendamos visita.\" \/>\n<meta name=\"robots\" content=\"index, follow, max-snippet:-1, max-image-preview:large, max-video-preview:-1\" \/>\n<link rel=\"canonical\" href=\"https:\/\/www.avancoti.com.br\/novo_site\/servicos\/contrato-de-manutencao-salvador\/\" \/>\n<meta property=\"og:locale\" content=\"pt_BR\" \/>\n<meta property=\"og:type\" content=\"article\" \/>\n<meta property=\"og:title\" content=\"Manuten\u00e7\u00e3o em Computadores, Notebooks e Servidores em Salvador.\" \/>\n<meta property=\"og:description\" content=\"Contrato de manuten\u00e7\u00e3o de computadores, servidores, ativos e passivos de rede em Salvador. Fazemos or\u00e7amento e agendamos visita.\" \/>\n<meta property=\"og:url\" content=\"https:\/\/www.avancoti.com.br\/novo_site\/servicos\/contrato-de-manutencao-salvador\/\" \/>\n<meta property=\"og:site_name\" content=\"Avan\u00e7o T.I - Solu\u00e7\u00f5es em Tecnologia\" \/>\n<meta property=\"article:publisher\" content=\"https:\/\/www.facebook.com\/avancoti\/\" \/>\n<meta property=\"article:modified_time\" content=\"2017-01-14T02:10:00+00:00\" \/>\n<meta property=\"og:image\" content=\"https:\/\/www.avancoti.com.br\/novo_site\/wp-content\/uploads\/2016\/09\/servidores.fw_.png\" \/>\n<meta name=\"twitter:card\" content=\"summary_large_image\" \/>\n<meta name=\"twitter:label1\" content=\"Est. tempo de leitura\" \/>\n\t<meta name=\"twitter:data1\" content=\"1 minuto\" \/>\n<script type=\"application\/ld+json\" class=\"yoast-schema-graph\">{\"@context\":\"https:\/\/schema.org\",\"@graph\":[{\"@type\":\"WebPage\",\"@id\":\"https:\/\/www.avancoti.com.br\/novo_site\/servicos\/contrato-de-manutencao-salvador\/\",\"url\":\"https:\/\/www.avancoti.com.br\/novo_site\/servicos\/contrato-de-manutencao-salvador\/\",\"name\":\"Manuten\u00e7\u00e3o em Computadores, Notebooks e Servidores em Salvador.\",\"isPartOf\":{\"@id\":\"http:\/\/www.avancoti.com.br\/novo_site\/#website\"},\"primaryImageOfPage\":{\"@id\":\"https:\/\/www.avancoti.com.br\/novo_site\/servicos\/contrato-de-manutencao-salvador\/#primaryimage\"},\"image\":{\"@id\":\"https:\/\/www.avancoti.com.br\/novo_site\/servicos\/contrato-de-manutencao-salvador\/#primaryimage\"},\"thumbnailUrl\":\"https:\/\/www.avancoti.com.br\/novo_site\/wp-content\/uploads\/2016\/09\/servidores.fw_.png\",\"datePublished\":\"2016-09-12T17:27:54+00:00\",\"dateModified\":\"2017-01-14T02:10:00+00:00\",\"description\":\"Contrato de manuten\u00e7\u00e3o de computadores, servidores, ativos e passivos de rede em Salvador. Fazemos or\u00e7amento e agendamos visita.\",\"breadcrumb\":{\"@id\":\"https:\/\/www.avancoti.com.br\/novo_site\/servicos\/contrato-de-manutencao-salvador\/#breadcrumb\"},\"inLanguage\":\"pt-BR\",\"potentialAction\":[{\"@type\":\"ReadAction\",\"target\":[\"https:\/\/www.avancoti.com.br\/novo_site\/servicos\/contrato-de-manutencao-salvador\/\"]}]},{\"@type\":\"ImageObject\",\"inLanguage\":\"pt-BR\",\"@id\":\"https:\/\/www.avancoti.com.br\/novo_site\/servicos\/contrato-de-manutencao-salvador\/#primaryimage\",\"url\":\"http:\/\/www.avancoti.com.br\/novo_site\/wp-content\/uploads\/2016\/09\/servidores.fw_.png\",\"contentUrl\":\"http:\/\/www.avancoti.com.br\/novo_site\/wp-content\/uploads\/2016\/09\/servidores.fw_.png\",\"width\":392,\"height\":617},{\"@type\":\"BreadcrumbList\",\"@id\":\"https:\/\/www.avancoti.com.br\/novo_site\/servicos\/contrato-de-manutencao-salvador\/#breadcrumb\",\"itemListElement\":[{\"@type\":\"ListItem\",\"position\":1,\"name\":\"In\u00edcio\",\"item\":\"http:\/\/www.avancoti.com.br\/novo_site\/\"},{\"@type\":\"ListItem\",\"position\":2,\"name\":\"Servi\u00e7os\",\"item\":\"http:\/\/www.avancoti.com.br\/novo_site\/servicos\/\"},{\"@type\":\"ListItem\",\"position\":3,\"name\":\"Contrato de Manuten\u00e7\u00e3o\"}]},{\"@type\":\"WebSite\",\"@id\":\"http:\/\/www.avancoti.com.br\/novo_site\/#website\",\"url\":\"http:\/\/www.avancoti.com.br\/novo_site\/\",\"name\":\"Avan\u00e7o T.I - Solu\u00e7\u00f5es em Tecnologia\",\"description\":\"Solu\u00e7\u00f5es em Tecnologia\",\"publisher\":{\"@id\":\"http:\/\/www.avancoti.com.br\/novo_site\/#organization\"},\"potentialAction\":[{\"@type\":\"SearchAction\",\"target\":{\"@type\":\"EntryPoint\",\"urlTemplate\":\"http:\/\/www.avancoti.com.br\/novo_site\/?s={search_term_string}\"},\"query-input\":{\"@type\":\"PropertyValueSpecification\",\"valueRequired\":true,\"valueName\":\"search_term_string\"}}],\"inLanguage\":\"pt-BR\"},{\"@type\":\"Organization\",\"@id\":\"http:\/\/www.avancoti.com.br\/novo_site\/#organization\",\"name\":\"Avan\u00e7o T.I - Solu\u00e7\u00f5es em Tecnologia\",\"url\":\"http:\/\/www.avancoti.com.br\/novo_site\/\",\"logo\":{\"@type\":\"ImageObject\",\"inLanguage\":\"pt-BR\",\"@id\":\"http:\/\/www.avancoti.com.br\/novo_site\/#\/schema\/logo\/image\/\",\"url\":\"http:\/\/www.avancoti.com.br\/novo_site\/wp-content\/uploads\/2016\/09\/cropped-logo-avanco-verde.png\",\"contentUrl\":\"http:\/\/www.avancoti.com.br\/novo_site\/wp-content\/uploads\/2016\/09\/cropped-logo-avanco-verde.png\",\"width\":1940,\"height\":512,\"caption\":\"Avan\u00e7o T.I - Solu\u00e7\u00f5es em Tecnologia\"},\"image\":{\"@id\":\"http:\/\/www.avancoti.com.br\/novo_site\/#\/schema\/logo\/image\/\"},\"sameAs\":[\"https:\/\/www.facebook.com\/avancoti\/\",\"https:\/\/www.instagram.com\/avancoti\/\"]}]}<\/script>\n<!-- \/ Yoast SEO plugin. -->","yoast_head_json":{"title":"Manuten\u00e7\u00e3o em Computadores, Notebooks e Servidores em Salvador.","description":"Contrato de manuten\u00e7\u00e3o de computadores, servidores, ativos e passivos de rede em Salvador. Fazemos or\u00e7amento e agendamos visita.","robots":{"index":"index","follow":"follow","max-snippet":"max-snippet:-1","max-image-preview":"max-image-preview:large","max-video-preview":"max-video-preview:-1"},"canonical":"https:\/\/www.avancoti.com.br\/novo_site\/servicos\/contrato-de-manutencao-salvador\/","og_locale":"pt_BR","og_type":"article","og_title":"Manuten\u00e7\u00e3o em Computadores, Notebooks e Servidores em Salvador.","og_description":"Contrato de manuten\u00e7\u00e3o de computadores, servidores, ativos e passivos de rede em Salvador. Fazemos or\u00e7amento e agendamos visita.","og_url":"https:\/\/www.avancoti.com.br\/novo_site\/servicos\/contrato-de-manutencao-salvador\/","og_site_name":"Avan\u00e7o T.I - Solu\u00e7\u00f5es em Tecnologia","article_publisher":"https:\/\/www.facebook.com\/avancoti\/","article_modified_time":"2017-01-14T02:10:00+00:00","og_image":[{"url":"https:\/\/www.avancoti.com.br\/novo_site\/wp-content\/uploads\/2016\/09\/servidores.fw_.png","type":"","width":"","height":""}],"twitter_card":"summary_large_image","twitter_misc":{"Est. tempo de leitura":"1 minuto"},"schema":{"@context":"https:\/\/schema.org","@graph":[{"@type":"WebPage","@id":"https:\/\/www.avancoti.com.br\/novo_site\/servicos\/contrato-de-manutencao-salvador\/","url":"https:\/\/www.avancoti.com.br\/novo_site\/servicos\/contrato-de-manutencao-salvador\/","name":"Manuten\u00e7\u00e3o em Computadores, Notebooks e Servidores em Salvador.","isPartOf":{"@id":"http:\/\/www.avancoti.com.br\/novo_site\/#website"},"primaryImageOfPage":{"@id":"https:\/\/www.avancoti.com.br\/novo_site\/servicos\/contrato-de-manutencao-salvador\/#primaryimage"},"image":{"@id":"https:\/\/www.avancoti.com.br\/novo_site\/servicos\/contrato-de-manutencao-salvador\/#primaryimage"},"thumbnailUrl":"https:\/\/www.avancoti.com.br\/novo_site\/wp-content\/uploads\/2016\/09\/servidores.fw_.png","datePublished":"2016-09-12T17:27:54+00:00","dateModified":"2017-01-14T02:10:00+00:00","description":"Contrato de manuten\u00e7\u00e3o de computadores, servidores, ativos e passivos de rede em Salvador. Fazemos or\u00e7amento e agendamos visita.","breadcrumb":{"@id":"https:\/\/www.avancoti.com.br\/novo_site\/servicos\/contrato-de-manutencao-salvador\/#breadcrumb"},"inLanguage":"pt-BR","potentialAction":[{"@type":"ReadAction","target":["https:\/\/www.avancoti.com.br\/novo_site\/servicos\/contrato-de-manutencao-salvador\/"]}]},{"@type":"ImageObject","inLanguage":"pt-BR","@id":"https:\/\/www.avancoti.com.br\/novo_site\/servicos\/contrato-de-manutencao-salvador\/#primaryimage","url":"http:\/\/www.avancoti.com.br\/novo_site\/wp-content\/uploads\/2016\/09\/servidores.fw_.png","contentUrl":"http:\/\/www.avancoti.com.br\/novo_site\/wp-content\/uploads\/2016\/09\/servidores.fw_.png","width":392,"height":617},{"@type":"BreadcrumbList","@id":"https:\/\/www.avancoti.com.br\/novo_site\/servicos\/contrato-de-manutencao-salvador\/#breadcrumb","itemListElement":[{"@type":"ListItem","position":1,"name":"In\u00edcio","item":"http:\/\/www.avancoti.com.br\/novo_site\/"},{"@type":"ListItem","position":2,"name":"Servi\u00e7os","item":"http:\/\/www.avancoti.com.br\/novo_site\/servicos\/"},{"@type":"ListItem","position":3,"name":"Contrato de Manuten\u00e7\u00e3o"}]},{"@type":"WebSite","@id":"http:\/\/www.avancoti.com.br\/novo_site\/#website","url":"http:\/\/www.avancoti.com.br\/novo_site\/","name":"Avan\u00e7o T.I - Solu\u00e7\u00f5es em Tecnologia","description":"Solu\u00e7\u00f5es em Tecnologia","publisher":{"@id":"http:\/\/www.avancoti.com.br\/novo_site\/#organization"},"potentialAction":[{"@type":"SearchAction","target":{"@type":"EntryPoint","urlTemplate":"http:\/\/www.avancoti.com.br\/novo_site\/?s={search_term_string}"},"query-input":{"@type":"PropertyValueSpecification","valueRequired":true,"valueName":"search_term_string"}}],"inLanguage":"pt-BR"},{"@type":"Organization","@id":"http:\/\/www.avancoti.com.br\/novo_site\/#organization","name":"Avan\u00e7o T.I - Solu\u00e7\u00f5es em Tecnologia","url":"http:\/\/www.avancoti.com.br\/novo_site\/","logo":{"@type":"ImageObject","inLanguage":"pt-BR","@id":"http:\/\/www.avancoti.com.br\/novo_site\/#\/schema\/logo\/image\/","url":"http:\/\/www.avancoti.com.br\/novo_site\/wp-content\/uploads\/2016\/09\/cropped-logo-avanco-verde.png","contentUrl":"http:\/\/www.avancoti.com.br\/novo_site\/wp-content\/uploads\/2016\/09\/cropped-logo-avanco-verde.png","width":1940,"height":512,"caption":"Avan\u00e7o T.I - Solu\u00e7\u00f5es em Tecnologia"},"image":{"@id":"http:\/\/www.avancoti.com.br\/novo_site\/#\/schema\/logo\/image\/"},"sameAs":["https:\/\/www.facebook.com\/avancoti\/","https:\/\/www.instagram.com\/avancoti\/"]}]}},"_links":{"self":[{"href":"http:\/\/www.avancoti.com.br\/novo_site\/wp-json\/wp\/v2\/pages\/35","targetHints":{"allow":["GET"]}}],"collection":[{"href":"http:\/\/www.avancoti.com.br\/novo_site\/wp-json\/wp\/v2\/pages"}],"about":[{"href":"http:\/\/www.avancoti.com.br\/novo_site\/wp-json\/wp\/v2\/types\/page"}],"author":[{"embeddable":true,"href":"http:\/\/www.avancoti.com.br\/novo_site\/wp-json\/wp\/v2\/users\/1"}],"replies":[{"embeddable":true,"href":"http:\/\/www.avancoti.com.br\/novo_site\/wp-json\/wp\/v2\/comments?post=35"}],"version-history":[{"count":9,"href":"http:\/\/www.avancoti.com.br\/novo_site\/wp-json\/wp\/v2\/pages\/35\/revisions"}],"predecessor-version":[{"id":293,"href":"http:\/\/www.avancoti.com.br\/novo_site\/wp-json\/wp\/v2\/pages\/35\/revisions\/293"}],"up":[{"embeddable":true,"href":"http:\/\/www.avancoti.com.br\/novo_site\/wp-json\/wp\/v2\/pages\/168"}],"wp:attachment":[{"href":"http:\/\/www.avancoti.com.br\/novo_site\/wp-json\/wp\/v2\/media?parent=35"}],"curies":[{"name":"wp","href":"https:\/\/api.w.org\/{rel}","templated":true}]}}