{"id":37,"date":"2016-09-12T14:28:30","date_gmt":"2016-09-12T17:28:30","guid":{"rendered":"https:\/\/www.avancoti.com.br\/novo_site\/?page_id=37"},"modified":"2026-04-16T21:01:01","modified_gmt":"2026-04-17T00:01:01","slug":"redes-sem-fio-salvador","status":"publish","type":"page","link":"http:\/\/www.avancoti.com.br\/novo_site\/servicos\/redes-sem-fio-salvador\/","title":{"rendered":"Redes Sem Fio"},"content":{"rendered":"<div id=\"pl-37\"  class=\"panel-layout\" ><div id=\"pg-37-0\"  class=\"panel-grid panel-has-style\" ><div class=\"siteorigin-panels-stretch panel-row-style-full-width panel-row-style panel-row-style-for-37-0\" data-stretch-type=\"full-stretched\" ><div id=\"pgc-37-0-0\"  class=\"panel-grid-cell\" ><div id=\"panel-37-0-0-0\" class=\"so-panel widget widget_black-studio-tinymce widget_black_studio_tinymce panel-first-child panel-last-child\" data-index=\"0\" ><div class=\"textwidget\"><p><span class=\"\" style=\"display:block;clear:both;height: 0px;margin-top: -75px;border-top-width:0px;border-bottom-width:0px;\"><\/span><\/p>\n<p><img loading=\"lazy\" decoding=\"async\" class=\"aligncenter size-full wp-image-220\" src=\"https:\/\/www.avancoti.com.br\/novo_site\/wp-content\/uploads\/2016\/09\/banner-servi\u00e7os-redessemfio.jpg\" alt=\"banner-servicos-redessemfio\" width=\"1920\" height=\"400\" srcset=\"http:\/\/www.avancoti.com.br\/novo_site\/wp-content\/uploads\/2016\/09\/banner-servi\u00e7os-redessemfio.jpg 1920w, http:\/\/www.avancoti.com.br\/novo_site\/wp-content\/uploads\/2016\/09\/banner-servi\u00e7os-redessemfio-300x63.jpg 300w, http:\/\/www.avancoti.com.br\/novo_site\/wp-content\/uploads\/2016\/09\/banner-servi\u00e7os-redessemfio-768x160.jpg 768w, http:\/\/www.avancoti.com.br\/novo_site\/wp-content\/uploads\/2016\/09\/banner-servi\u00e7os-redessemfio-1024x213.jpg 1024w\" sizes=\"auto, (max-width: 1920px) 100vw, 1920px\" \/><\/p>\n<\/div><\/div><\/div><\/div><\/div><div id=\"pg-37-1\"  class=\"panel-grid panel-no-style\" ><div id=\"pgc-37-1-0\"  class=\"panel-grid-cell\" ><div id=\"panel-37-1-0-0\" class=\"so-panel widget widget_sow-editor panel-first-child panel-last-child\" data-index=\"1\" ><div\n\t\t\t\n\t\t\tclass=\"so-widget-sow-editor so-widget-sow-editor-base\"\n\t\t\t\n\t\t><h3 class=\"widget-title\">Redes Sem Fio<\/h3>\n<div class=\"siteorigin-widget-tinymce textwidget\">\n\t<p style=\"text-align: left;\">A rede sem fio \u00e9 a tecnologia que permite compartilhar recursos atrav\u00e9s do ar e frequ\u00eancias de r\u00e1dio. Tem se tornado comum no cen\u00e1rio atual das empresas e como principal ponto positivo a mobilidade e a est\u00e9tica, visto que a rede sem fio n\u00e3o utiliza cabos de rede para conectar usu\u00e1rios aos pontos de acesso.\u00a0A implementa\u00e7\u00e3o de uma rede sem fio deve ser bem dimensionada, levando em considera\u00e7\u00e3o a seguran\u00e7a, disponibilidade e o desempenho da rede.\u00a0A Avan\u00e7o Ti, oferece solu\u00e7\u00e3o completa em elabora\u00e7\u00e3o de projetos e implementa\u00e7\u00e3o de redes sem fio e conta com profissionais qualificados e preparados.<\/p>\n<p>\u00a0<\/p>\n<hr \/>\n<p>\u00a0<\/p>\n<\/div>\n<\/div><\/div><\/div><div id=\"pgc-37-1-1\"  class=\"panel-grid-cell\" ><div id=\"panel-37-1-1-0\" class=\"so-panel widget widget_sow-image panel-first-child panel-last-child\" data-index=\"2\" ><div\n\t\t\t\n\t\t\tclass=\"so-widget-sow-image so-widget-sow-image-default-8b5b6f678277-37\"\n\t\t\t\n\t\t><h3 class=\"widget-title\">Redes Outdoor<\/h3>\n<div class=\"sow-image-container\">\n\t\t\t<a href=\"http:\/\/www.avancoti.com.br\/novo_site\/servicos\/redes-sem-fio-salvador\/redes-outdoor-salvador\/\"\n\t\t\t\t\t>\n\t\t\t<img \n\tsrc=\"http:\/\/www.avancoti.com.br\/novo_site\/wp-content\/uploads\/2016\/09\/wireless.png\" width=\"328\" height=\"221\" srcset=\"http:\/\/www.avancoti.com.br\/novo_site\/wp-content\/uploads\/2016\/09\/wireless.png 328w, http:\/\/www.avancoti.com.br\/novo_site\/wp-content\/uploads\/2016\/09\/wireless-300x202.png 300w, http:\/\/www.avancoti.com.br\/novo_site\/wp-content\/uploads\/2016\/09\/wireless-272x182.png 272w\" sizes=\"(max-width: 328px) 100vw, 328px\" title=\"Redes Outdoor\" alt=\"Redes Outdoor em Salvador\" \t\tclass=\"so-widget-image\"\/>\n\t\t\t<\/a><\/div>\n\n<\/div><\/div><\/div><div id=\"pgc-37-1-2\"  class=\"panel-grid-cell\" ><div id=\"panel-37-1-2-0\" class=\"so-panel widget widget_sow-image panel-first-child panel-last-child\" data-index=\"3\" ><div\n\t\t\t\n\t\t\tclass=\"so-widget-sow-image so-widget-sow-image-default-8b5b6f678277-37\"\n\t\t\t\n\t\t><h3 class=\"widget-title\">Redes Indoor<\/h3>\n<div class=\"sow-image-container\">\n\t\t\t<a href=\"https:\/\/www.avancoti.com.br\/novo_site\/servicos\/redes-sem-fio-salvador\/redes-indoor-salvador\/\"\n\t\t\t\t\t>\n\t\t\t<img \n\tsrc=\"http:\/\/www.avancoti.com.br\/novo_site\/wp-content\/uploads\/2016\/09\/6703640_orig.jpg\" width=\"302\" height=\"215\" srcset=\"http:\/\/www.avancoti.com.br\/novo_site\/wp-content\/uploads\/2016\/09\/6703640_orig.jpg 302w, http:\/\/www.avancoti.com.br\/novo_site\/wp-content\/uploads\/2016\/09\/6703640_orig-300x214.jpg 300w\" sizes=\"(max-width: 302px) 100vw, 302px\" title=\"Redes Indoor\" alt=\"Redes Indoor em Salvador\" \t\tclass=\"so-widget-image\"\/>\n\t\t\t<\/a><\/div>\n\n<\/div><\/div><\/div><\/div><\/div>","protected":false},"excerpt":{"rendered":"<p>A rede sem fio \u00e9 a tecnologia que permite compartilhar recursos atrav\u00e9s do ar e frequ\u00eancias de r\u00e1dio. Tem se tornado comum no cen\u00e1rio atual das empresas e como principal ponto positivo a mobilidade e a est\u00e9tica, visto que a rede sem fio n\u00e3o utiliza cabos de rede para conectar usu\u00e1rios aos pontos de acesso.\u00a0A [&hellip;]<\/p>\n","protected":false},"author":1,"featured_media":0,"parent":168,"menu_order":0,"comment_status":"closed","ping_status":"closed","template":"home-panels.php","meta":{"footnotes":""},"class_list":["post-37","page","type-page","status-publish","hentry","post"],"yoast_head":"<!-- This site is optimized with the Yoast SEO plugin v26.9 - https:\/\/yoast.com\/product\/yoast-seo-wordpress\/ -->\n<title>Instala\u00e7\u00e3o de Redes sem Fio em Salvador | Redes Indoor e Outdoor<\/title>\n<meta name=\"description\" content=\"A rede sem fio \u00e9 a tecnologia que permite compartilhar recursos atrav\u00e9s do ar e frequ\u00eancias de r\u00e1dio. Fazemos or\u00e7amento e agendamos visita.\" \/>\n<meta name=\"robots\" content=\"index, follow, max-snippet:-1, max-image-preview:large, max-video-preview:-1\" \/>\n<link rel=\"canonical\" href=\"https:\/\/www.avancoti.com.br\/novo_site\/servicos\/redes-sem-fio-salvador\/\" \/>\n<meta property=\"og:locale\" content=\"pt_BR\" \/>\n<meta property=\"og:type\" content=\"article\" \/>\n<meta property=\"og:title\" content=\"Instala\u00e7\u00e3o de Redes sem Fio em Salvador | Redes Indoor e Outdoor\" \/>\n<meta property=\"og:description\" content=\"A rede sem fio \u00e9 a tecnologia que permite compartilhar recursos atrav\u00e9s do ar e frequ\u00eancias de r\u00e1dio. Fazemos or\u00e7amento e agendamos visita.\" \/>\n<meta property=\"og:url\" content=\"https:\/\/www.avancoti.com.br\/novo_site\/servicos\/redes-sem-fio-salvador\/\" \/>\n<meta property=\"og:site_name\" content=\"Avan\u00e7o T.I - Solu\u00e7\u00f5es em Tecnologia\" \/>\n<meta property=\"article:publisher\" content=\"https:\/\/www.facebook.com\/avancoti\/\" \/>\n<meta property=\"article:modified_time\" content=\"2026-04-17T00:01:01+00:00\" \/>\n<meta property=\"og:image\" content=\"https:\/\/www.avancoti.com.br\/novo_site\/wp-content\/uploads\/2016\/09\/wireless.png\" \/>\n<meta name=\"twitter:card\" content=\"summary_large_image\" \/>\n<meta name=\"twitter:label1\" content=\"Est. tempo de leitura\" \/>\n\t<meta name=\"twitter:data1\" content=\"1 minuto\" \/>\n<script type=\"application\/ld+json\" class=\"yoast-schema-graph\">{\"@context\":\"https:\/\/schema.org\",\"@graph\":[{\"@type\":\"WebPage\",\"@id\":\"https:\/\/www.avancoti.com.br\/novo_site\/servicos\/redes-sem-fio-salvador\/\",\"url\":\"https:\/\/www.avancoti.com.br\/novo_site\/servicos\/redes-sem-fio-salvador\/\",\"name\":\"Instala\u00e7\u00e3o de Redes sem Fio em Salvador | Redes Indoor e Outdoor\",\"isPartOf\":{\"@id\":\"http:\/\/www.avancoti.com.br\/novo_site\/#website\"},\"primaryImageOfPage\":{\"@id\":\"https:\/\/www.avancoti.com.br\/novo_site\/servicos\/redes-sem-fio-salvador\/#primaryimage\"},\"image\":{\"@id\":\"https:\/\/www.avancoti.com.br\/novo_site\/servicos\/redes-sem-fio-salvador\/#primaryimage\"},\"thumbnailUrl\":\"https:\/\/www.avancoti.com.br\/novo_site\/wp-content\/uploads\/2016\/09\/wireless.png\",\"datePublished\":\"2016-09-12T17:28:30+00:00\",\"dateModified\":\"2026-04-17T00:01:01+00:00\",\"description\":\"A rede sem fio \u00e9 a tecnologia que permite compartilhar recursos atrav\u00e9s do ar e frequ\u00eancias de r\u00e1dio. Fazemos or\u00e7amento e agendamos visita.\",\"breadcrumb\":{\"@id\":\"https:\/\/www.avancoti.com.br\/novo_site\/servicos\/redes-sem-fio-salvador\/#breadcrumb\"},\"inLanguage\":\"pt-BR\",\"potentialAction\":[{\"@type\":\"ReadAction\",\"target\":[\"https:\/\/www.avancoti.com.br\/novo_site\/servicos\/redes-sem-fio-salvador\/\"]}]},{\"@type\":\"ImageObject\",\"inLanguage\":\"pt-BR\",\"@id\":\"https:\/\/www.avancoti.com.br\/novo_site\/servicos\/redes-sem-fio-salvador\/#primaryimage\",\"url\":\"http:\/\/www.avancoti.com.br\/novo_site\/wp-content\/uploads\/2016\/09\/wireless.png\",\"contentUrl\":\"http:\/\/www.avancoti.com.br\/novo_site\/wp-content\/uploads\/2016\/09\/wireless.png\",\"width\":328,\"height\":221},{\"@type\":\"BreadcrumbList\",\"@id\":\"https:\/\/www.avancoti.com.br\/novo_site\/servicos\/redes-sem-fio-salvador\/#breadcrumb\",\"itemListElement\":[{\"@type\":\"ListItem\",\"position\":1,\"name\":\"In\u00edcio\",\"item\":\"http:\/\/www.avancoti.com.br\/novo_site\/\"},{\"@type\":\"ListItem\",\"position\":2,\"name\":\"Servi\u00e7os\",\"item\":\"http:\/\/www.avancoti.com.br\/novo_site\/servicos\/\"},{\"@type\":\"ListItem\",\"position\":3,\"name\":\"Rede sem Fio\"}]},{\"@type\":\"WebSite\",\"@id\":\"http:\/\/www.avancoti.com.br\/novo_site\/#website\",\"url\":\"http:\/\/www.avancoti.com.br\/novo_site\/\",\"name\":\"Avan\u00e7o T.I - Solu\u00e7\u00f5es em Tecnologia\",\"description\":\"Solu\u00e7\u00f5es em Tecnologia\",\"publisher\":{\"@id\":\"http:\/\/www.avancoti.com.br\/novo_site\/#organization\"},\"potentialAction\":[{\"@type\":\"SearchAction\",\"target\":{\"@type\":\"EntryPoint\",\"urlTemplate\":\"http:\/\/www.avancoti.com.br\/novo_site\/?s={search_term_string}\"},\"query-input\":{\"@type\":\"PropertyValueSpecification\",\"valueRequired\":true,\"valueName\":\"search_term_string\"}}],\"inLanguage\":\"pt-BR\"},{\"@type\":\"Organization\",\"@id\":\"http:\/\/www.avancoti.com.br\/novo_site\/#organization\",\"name\":\"Avan\u00e7o T.I - Solu\u00e7\u00f5es em Tecnologia\",\"url\":\"http:\/\/www.avancoti.com.br\/novo_site\/\",\"logo\":{\"@type\":\"ImageObject\",\"inLanguage\":\"pt-BR\",\"@id\":\"http:\/\/www.avancoti.com.br\/novo_site\/#\/schema\/logo\/image\/\",\"url\":\"http:\/\/www.avancoti.com.br\/novo_site\/wp-content\/uploads\/2016\/09\/cropped-logo-avanco-verde.png\",\"contentUrl\":\"http:\/\/www.avancoti.com.br\/novo_site\/wp-content\/uploads\/2016\/09\/cropped-logo-avanco-verde.png\",\"width\":1940,\"height\":512,\"caption\":\"Avan\u00e7o T.I - Solu\u00e7\u00f5es em Tecnologia\"},\"image\":{\"@id\":\"http:\/\/www.avancoti.com.br\/novo_site\/#\/schema\/logo\/image\/\"},\"sameAs\":[\"https:\/\/www.facebook.com\/avancoti\/\",\"https:\/\/www.instagram.com\/avancoti\/\"]}]}<\/script>\n<!-- \/ Yoast SEO plugin. -->","yoast_head_json":{"title":"Instala\u00e7\u00e3o de Redes sem Fio em Salvador | Redes Indoor e Outdoor","description":"A rede sem fio \u00e9 a tecnologia que permite compartilhar recursos atrav\u00e9s do ar e frequ\u00eancias de r\u00e1dio. Fazemos or\u00e7amento e agendamos visita.","robots":{"index":"index","follow":"follow","max-snippet":"max-snippet:-1","max-image-preview":"max-image-preview:large","max-video-preview":"max-video-preview:-1"},"canonical":"https:\/\/www.avancoti.com.br\/novo_site\/servicos\/redes-sem-fio-salvador\/","og_locale":"pt_BR","og_type":"article","og_title":"Instala\u00e7\u00e3o de Redes sem Fio em Salvador | Redes Indoor e Outdoor","og_description":"A rede sem fio \u00e9 a tecnologia que permite compartilhar recursos atrav\u00e9s do ar e frequ\u00eancias de r\u00e1dio. Fazemos or\u00e7amento e agendamos visita.","og_url":"https:\/\/www.avancoti.com.br\/novo_site\/servicos\/redes-sem-fio-salvador\/","og_site_name":"Avan\u00e7o T.I - Solu\u00e7\u00f5es em Tecnologia","article_publisher":"https:\/\/www.facebook.com\/avancoti\/","article_modified_time":"2026-04-17T00:01:01+00:00","og_image":[{"url":"https:\/\/www.avancoti.com.br\/novo_site\/wp-content\/uploads\/2016\/09\/wireless.png","type":"","width":"","height":""}],"twitter_card":"summary_large_image","twitter_misc":{"Est. tempo de leitura":"1 minuto"},"schema":{"@context":"https:\/\/schema.org","@graph":[{"@type":"WebPage","@id":"https:\/\/www.avancoti.com.br\/novo_site\/servicos\/redes-sem-fio-salvador\/","url":"https:\/\/www.avancoti.com.br\/novo_site\/servicos\/redes-sem-fio-salvador\/","name":"Instala\u00e7\u00e3o de Redes sem Fio em Salvador | Redes Indoor e Outdoor","isPartOf":{"@id":"http:\/\/www.avancoti.com.br\/novo_site\/#website"},"primaryImageOfPage":{"@id":"https:\/\/www.avancoti.com.br\/novo_site\/servicos\/redes-sem-fio-salvador\/#primaryimage"},"image":{"@id":"https:\/\/www.avancoti.com.br\/novo_site\/servicos\/redes-sem-fio-salvador\/#primaryimage"},"thumbnailUrl":"https:\/\/www.avancoti.com.br\/novo_site\/wp-content\/uploads\/2016\/09\/wireless.png","datePublished":"2016-09-12T17:28:30+00:00","dateModified":"2026-04-17T00:01:01+00:00","description":"A rede sem fio \u00e9 a tecnologia que permite compartilhar recursos atrav\u00e9s do ar e frequ\u00eancias de r\u00e1dio. Fazemos or\u00e7amento e agendamos visita.","breadcrumb":{"@id":"https:\/\/www.avancoti.com.br\/novo_site\/servicos\/redes-sem-fio-salvador\/#breadcrumb"},"inLanguage":"pt-BR","potentialAction":[{"@type":"ReadAction","target":["https:\/\/www.avancoti.com.br\/novo_site\/servicos\/redes-sem-fio-salvador\/"]}]},{"@type":"ImageObject","inLanguage":"pt-BR","@id":"https:\/\/www.avancoti.com.br\/novo_site\/servicos\/redes-sem-fio-salvador\/#primaryimage","url":"http:\/\/www.avancoti.com.br\/novo_site\/wp-content\/uploads\/2016\/09\/wireless.png","contentUrl":"http:\/\/www.avancoti.com.br\/novo_site\/wp-content\/uploads\/2016\/09\/wireless.png","width":328,"height":221},{"@type":"BreadcrumbList","@id":"https:\/\/www.avancoti.com.br\/novo_site\/servicos\/redes-sem-fio-salvador\/#breadcrumb","itemListElement":[{"@type":"ListItem","position":1,"name":"In\u00edcio","item":"http:\/\/www.avancoti.com.br\/novo_site\/"},{"@type":"ListItem","position":2,"name":"Servi\u00e7os","item":"http:\/\/www.avancoti.com.br\/novo_site\/servicos\/"},{"@type":"ListItem","position":3,"name":"Rede sem Fio"}]},{"@type":"WebSite","@id":"http:\/\/www.avancoti.com.br\/novo_site\/#website","url":"http:\/\/www.avancoti.com.br\/novo_site\/","name":"Avan\u00e7o T.I - Solu\u00e7\u00f5es em Tecnologia","description":"Solu\u00e7\u00f5es em Tecnologia","publisher":{"@id":"http:\/\/www.avancoti.com.br\/novo_site\/#organization"},"potentialAction":[{"@type":"SearchAction","target":{"@type":"EntryPoint","urlTemplate":"http:\/\/www.avancoti.com.br\/novo_site\/?s={search_term_string}"},"query-input":{"@type":"PropertyValueSpecification","valueRequired":true,"valueName":"search_term_string"}}],"inLanguage":"pt-BR"},{"@type":"Organization","@id":"http:\/\/www.avancoti.com.br\/novo_site\/#organization","name":"Avan\u00e7o T.I - Solu\u00e7\u00f5es em Tecnologia","url":"http:\/\/www.avancoti.com.br\/novo_site\/","logo":{"@type":"ImageObject","inLanguage":"pt-BR","@id":"http:\/\/www.avancoti.com.br\/novo_site\/#\/schema\/logo\/image\/","url":"http:\/\/www.avancoti.com.br\/novo_site\/wp-content\/uploads\/2016\/09\/cropped-logo-avanco-verde.png","contentUrl":"http:\/\/www.avancoti.com.br\/novo_site\/wp-content\/uploads\/2016\/09\/cropped-logo-avanco-verde.png","width":1940,"height":512,"caption":"Avan\u00e7o T.I - Solu\u00e7\u00f5es em Tecnologia"},"image":{"@id":"http:\/\/www.avancoti.com.br\/novo_site\/#\/schema\/logo\/image\/"},"sameAs":["https:\/\/www.facebook.com\/avancoti\/","https:\/\/www.instagram.com\/avancoti\/"]}]}},"_links":{"self":[{"href":"http:\/\/www.avancoti.com.br\/novo_site\/wp-json\/wp\/v2\/pages\/37","targetHints":{"allow":["GET"]}}],"collection":[{"href":"http:\/\/www.avancoti.com.br\/novo_site\/wp-json\/wp\/v2\/pages"}],"about":[{"href":"http:\/\/www.avancoti.com.br\/novo_site\/wp-json\/wp\/v2\/types\/page"}],"author":[{"embeddable":true,"href":"http:\/\/www.avancoti.com.br\/novo_site\/wp-json\/wp\/v2\/users\/1"}],"replies":[{"embeddable":true,"href":"http:\/\/www.avancoti.com.br\/novo_site\/wp-json\/wp\/v2\/comments?post=37"}],"version-history":[{"count":0,"href":"http:\/\/www.avancoti.com.br\/novo_site\/wp-json\/wp\/v2\/pages\/37\/revisions"}],"up":[{"embeddable":true,"href":"http:\/\/www.avancoti.com.br\/novo_site\/wp-json\/wp\/v2\/pages\/168"}],"wp:attachment":[{"href":"http:\/\/www.avancoti.com.br\/novo_site\/wp-json\/wp\/v2\/media?parent=37"}],"curies":[{"name":"wp","href":"https:\/\/api.w.org\/{rel}","templated":true}]}}