{"id":4,"date":"2016-09-12T11:31:34","date_gmt":"2016-09-12T14:31:34","guid":{"rendered":"https:\/\/www.avancoti.com.br\/novo_site\/?page_id=4"},"modified":"2024-12-25T19:09:05","modified_gmt":"2024-12-25T22:09:05","slug":"a-empresa","status":"publish","type":"page","link":"http:\/\/www.avancoti.com.br\/novo_site\/a-empresa\/","title":{"rendered":"A Empresa"},"content":{"rendered":"<div id=\"pl-4\"  class=\"panel-layout\" ><div id=\"pg-4-0\"  class=\"panel-grid panel-has-style\" ><div class=\"siteorigin-panels-stretch panel-row-style-full-width panel-row-style panel-row-style-for-4-0\" data-stretch-type=\"full-width-stretch\" ><div id=\"pgc-4-0-0\"  class=\"panel-grid-cell\" ><div id=\"panel-4-0-0-0\" class=\"so-panel widget widget_black-studio-tinymce widget_black_studio_tinymce panel-first-child panel-last-child\" data-index=\"0\" ><div class=\"textwidget\"><p><span class=\"\" style=\"display:block;clear:both;height: 0px;margin-top: -75px;border-top-width:0px;border-bottom-width:0px;\"><\/span><\/p>\n<p><img loading=\"lazy\" decoding=\"async\" class=\"aligncenter size-full wp-image-210\" src=\"https:\/\/www.avancoti.com.br\/novo_site\/wp-content\/uploads\/2016\/09\/banner-empresa.jpg\" alt=\"banner-empresa\" width=\"1920\" height=\"400\" srcset=\"http:\/\/www.avancoti.com.br\/novo_site\/wp-content\/uploads\/2016\/09\/banner-empresa.jpg 1920w, http:\/\/www.avancoti.com.br\/novo_site\/wp-content\/uploads\/2016\/09\/banner-empresa-300x63.jpg 300w, http:\/\/www.avancoti.com.br\/novo_site\/wp-content\/uploads\/2016\/09\/banner-empresa-768x160.jpg 768w, http:\/\/www.avancoti.com.br\/novo_site\/wp-content\/uploads\/2016\/09\/banner-empresa-1024x213.jpg 1024w\" sizes=\"auto, (max-width: 1920px) 100vw, 1920px\" \/><\/p>\n<\/div><\/div><\/div><\/div><\/div><div id=\"pg-4-1\"  class=\"panel-grid panel-has-style\" ><div class=\"panel-row-style panel-row-style-for-4-1\" ><div id=\"pgc-4-1-0\"  class=\"panel-grid-cell\" ><div id=\"panel-4-1-0-0\" class=\"so-panel widget widget_black-studio-tinymce widget_black_studio_tinymce panel-first-child panel-last-child\" data-index=\"1\" ><div class=\"textwidget\"><p style=\"text-align: center;\"><img loading=\"lazy\" decoding=\"async\" class=\"aligncenter size-full wp-image-208\" src=\"https:\/\/www.avancoti.com.br\/novo_site\/wp-content\/uploads\/2016\/09\/homem.fw_.png\" alt=\"homem-fw\" width=\"811\" height=\"1000\" srcset=\"http:\/\/www.avancoti.com.br\/novo_site\/wp-content\/uploads\/2016\/09\/homem.fw_.png 811w, http:\/\/www.avancoti.com.br\/novo_site\/wp-content\/uploads\/2016\/09\/homem.fw_-243x300.png 243w, http:\/\/www.avancoti.com.br\/novo_site\/wp-content\/uploads\/2016\/09\/homem.fw_-768x947.png 768w\" sizes=\"auto, (max-width: 811px) 100vw, 811px\" \/><\/p>\n<\/div><\/div><\/div><div id=\"pgc-4-1-1\"  class=\"panel-grid-cell\" ><div id=\"panel-4-1-1-0\" class=\"so-panel widget widget_sow-editor panel-first-child\" data-index=\"2\" ><div\n\t\t\t\n\t\t\tclass=\"so-widget-sow-editor so-widget-sow-editor-base\"\n\t\t\t\n\t\t><h3 class=\"widget-title\">A Empresa<\/h3>\n<div class=\"siteorigin-widget-tinymce textwidget\">\n\t<div>\n<div class=\"wsite-multicol\">\n<div class=\"wsite-multicol-table-wrap\">\n<table class=\"wsite-multicol-table\">\n<tbody class=\"wsite-multicol-tbody\">\n<tr class=\"wsite-multicol-tr\">\n<td class=\"wsite-multicol-col\">\n<div class=\"paragraph\">\n<p>Com sede em Salvador e filial em Minas Gerais, a Avan\u00e7o TI tem como principal objetivo, prestar servi\u00e7os de TI para empresas de pequeno, m\u00e9dio e grande porte.<\/p>\n<p>Trabalhamos com consultoria completa em ativos de rede, contratos de manuten\u00e7\u00f5es em computadores e servidores. Temos como especialidade a elabora\u00e7\u00e3o e implementa\u00e7\u00e3o de projetos de redes cabeadas e sem fio.<\/p>\n<p>- T\u00e9cnicos certificados pela Furukawa. FCP - Furukawa Certified \u00a0 \u00a0 \u00a0Professional;<br \/> - Melhores produtos do mercado de T.I;<br \/> - Garantia nos servi\u00e7os prestados.<\/p>\n<\/div>\n<\/td>\n<\/tr>\n<\/tbody>\n<\/table>\n<\/div>\n<\/div>\n<\/div>\n<div>\u00a0<\/div>\n<\/div>\n<\/div><\/div><div id=\"panel-4-1-1-1\" class=\"so-panel widget widget_sow-editor panel-last-child\" data-index=\"3\" ><div\n\t\t\t\n\t\t\tclass=\"so-widget-sow-editor so-widget-sow-editor-base\"\n\t\t\t\n\t\t>\n<div class=\"siteorigin-widget-tinymce textwidget\">\n\t<p><strong>MISS\u00c3O<\/strong> : \u00a0<\/p>\n<p>Prover servi\u00e7os e solu\u00e7\u00f5es de tecnologia atrav\u00e9s de profissionais qualificados, tornar-nos parceiros de nossos clientes prestando servi\u00e7os com qualidade e agregar conhecimento e criatividade de forma a superar as expectativas de nossos clientes.<\/p>\n<p>\u00a0<\/p>\n<p><strong>VALORES:<\/strong><\/p>\n<ul>\n<li>Compromisso e responsabilidade<\/li>\n<li>Compet\u00eancia e inova\u00e7\u00e3o<\/li>\n<li>Integridade e\u00a0honestidade<\/li>\n<\/ul>\n<\/div>\n<\/div><\/div><\/div><\/div><\/div><\/div>","protected":false},"excerpt":{"rendered":"<p>Com sede em Salvador e filial em Minas Gerais, a Avan\u00e7o TI tem como principal objetivo, prestar servi\u00e7os de TI para empresas de pequeno, m\u00e9dio e grande porte.Trabalhamos com consultoria completa em ativos de rede, contratos de manuten\u00e7\u00f5es em computadores e servidores. Temos como especialidade a elabora\u00e7\u00e3o e implementa\u00e7\u00e3o de projetos de redes cabeadas e [&hellip;]<\/p>\n","protected":false},"author":1,"featured_media":0,"parent":0,"menu_order":0,"comment_status":"closed","ping_status":"closed","template":"home-panels.php","meta":{"footnotes":""},"class_list":["post-4","page","type-page","status-publish","hentry","post"],"yoast_head":"<!-- This site is optimized with the Yoast SEO plugin v26.9 - https:\/\/yoast.com\/product\/yoast-seo-wordpress\/ -->\n<title>A Empresa &#187; Avan\u00e7o T.I - Solu\u00e7\u00f5es em Tecnologia<\/title>\n<meta name=\"description\" content=\"Oferecemos consultoria completa em ativos de rede, contratos de manuten\u00e7\u00f5es em computadores e servidores. Entre outros projetos.\" \/>\n<meta name=\"robots\" content=\"index, follow, max-snippet:-1, max-image-preview:large, max-video-preview:-1\" \/>\n<link rel=\"canonical\" href=\"http:\/\/www.avancoti.com.br\/novo_site\/a-empresa\/\" \/>\n<meta property=\"og:locale\" content=\"pt_BR\" \/>\n<meta property=\"og:type\" content=\"article\" \/>\n<meta property=\"og:title\" content=\"A Empresa &#187; Avan\u00e7o T.I - Solu\u00e7\u00f5es em Tecnologia\" \/>\n<meta property=\"og:description\" content=\"Oferecemos consultoria completa em ativos de rede, contratos de manuten\u00e7\u00f5es em computadores e servidores. Entre outros projetos.\" \/>\n<meta property=\"og:url\" content=\"http:\/\/www.avancoti.com.br\/novo_site\/a-empresa\/\" \/>\n<meta property=\"og:site_name\" content=\"Avan\u00e7o T.I - Solu\u00e7\u00f5es em Tecnologia\" \/>\n<meta property=\"article:publisher\" content=\"https:\/\/www.facebook.com\/avancoti\/\" \/>\n<meta property=\"article:modified_time\" content=\"2024-12-25T22:09:05+00:00\" \/>\n<meta property=\"og:image\" content=\"https:\/\/www.avancoti.com.br\/novo_site\/wp-content\/uploads\/2016\/09\/banner-empresa.jpg\" \/>\n<meta name=\"twitter:card\" content=\"summary_large_image\" \/>\n<meta name=\"twitter:label1\" content=\"Est. tempo de leitura\" \/>\n\t<meta name=\"twitter:data1\" content=\"2 minutos\" \/>\n<script type=\"application\/ld+json\" class=\"yoast-schema-graph\">{\"@context\":\"https:\/\/schema.org\",\"@graph\":[{\"@type\":\"WebPage\",\"@id\":\"http:\/\/www.avancoti.com.br\/novo_site\/a-empresa\/\",\"url\":\"http:\/\/www.avancoti.com.br\/novo_site\/a-empresa\/\",\"name\":\"A Empresa &#187; Avan\u00e7o T.I - Solu\u00e7\u00f5es em Tecnologia\",\"isPartOf\":{\"@id\":\"http:\/\/www.avancoti.com.br\/novo_site\/#website\"},\"primaryImageOfPage\":{\"@id\":\"http:\/\/www.avancoti.com.br\/novo_site\/a-empresa\/#primaryimage\"},\"image\":{\"@id\":\"http:\/\/www.avancoti.com.br\/novo_site\/a-empresa\/#primaryimage\"},\"thumbnailUrl\":\"https:\/\/www.avancoti.com.br\/novo_site\/wp-content\/uploads\/2016\/09\/banner-empresa.jpg\",\"datePublished\":\"2016-09-12T14:31:34+00:00\",\"dateModified\":\"2024-12-25T22:09:05+00:00\",\"description\":\"Oferecemos consultoria completa em ativos de rede, contratos de manuten\u00e7\u00f5es em computadores e servidores. Entre outros projetos.\",\"breadcrumb\":{\"@id\":\"http:\/\/www.avancoti.com.br\/novo_site\/a-empresa\/#breadcrumb\"},\"inLanguage\":\"pt-BR\",\"potentialAction\":[{\"@type\":\"ReadAction\",\"target\":[\"http:\/\/www.avancoti.com.br\/novo_site\/a-empresa\/\"]}]},{\"@type\":\"ImageObject\",\"inLanguage\":\"pt-BR\",\"@id\":\"http:\/\/www.avancoti.com.br\/novo_site\/a-empresa\/#primaryimage\",\"url\":\"http:\/\/www.avancoti.com.br\/novo_site\/wp-content\/uploads\/2016\/09\/banner-empresa.jpg\",\"contentUrl\":\"http:\/\/www.avancoti.com.br\/novo_site\/wp-content\/uploads\/2016\/09\/banner-empresa.jpg\",\"width\":1920,\"height\":400},{\"@type\":\"BreadcrumbList\",\"@id\":\"http:\/\/www.avancoti.com.br\/novo_site\/a-empresa\/#breadcrumb\",\"itemListElement\":[{\"@type\":\"ListItem\",\"position\":1,\"name\":\"In\u00edcio\",\"item\":\"http:\/\/www.avancoti.com.br\/novo_site\/\"},{\"@type\":\"ListItem\",\"position\":2,\"name\":\"A Empresa\"}]},{\"@type\":\"WebSite\",\"@id\":\"http:\/\/www.avancoti.com.br\/novo_site\/#website\",\"url\":\"http:\/\/www.avancoti.com.br\/novo_site\/\",\"name\":\"Avan\u00e7o T.I - Solu\u00e7\u00f5es em Tecnologia\",\"description\":\"Solu\u00e7\u00f5es em Tecnologia\",\"publisher\":{\"@id\":\"http:\/\/www.avancoti.com.br\/novo_site\/#organization\"},\"potentialAction\":[{\"@type\":\"SearchAction\",\"target\":{\"@type\":\"EntryPoint\",\"urlTemplate\":\"http:\/\/www.avancoti.com.br\/novo_site\/?s={search_term_string}\"},\"query-input\":{\"@type\":\"PropertyValueSpecification\",\"valueRequired\":true,\"valueName\":\"search_term_string\"}}],\"inLanguage\":\"pt-BR\"},{\"@type\":\"Organization\",\"@id\":\"http:\/\/www.avancoti.com.br\/novo_site\/#organization\",\"name\":\"Avan\u00e7o T.I - Solu\u00e7\u00f5es em Tecnologia\",\"url\":\"http:\/\/www.avancoti.com.br\/novo_site\/\",\"logo\":{\"@type\":\"ImageObject\",\"inLanguage\":\"pt-BR\",\"@id\":\"http:\/\/www.avancoti.com.br\/novo_site\/#\/schema\/logo\/image\/\",\"url\":\"http:\/\/www.avancoti.com.br\/novo_site\/wp-content\/uploads\/2016\/09\/cropped-logo-avanco-verde.png\",\"contentUrl\":\"http:\/\/www.avancoti.com.br\/novo_site\/wp-content\/uploads\/2016\/09\/cropped-logo-avanco-verde.png\",\"width\":1940,\"height\":512,\"caption\":\"Avan\u00e7o T.I - Solu\u00e7\u00f5es em Tecnologia\"},\"image\":{\"@id\":\"http:\/\/www.avancoti.com.br\/novo_site\/#\/schema\/logo\/image\/\"},\"sameAs\":[\"https:\/\/www.facebook.com\/avancoti\/\",\"https:\/\/www.instagram.com\/avancoti\/\"]}]}<\/script>\n<!-- \/ Yoast SEO plugin. -->","yoast_head_json":{"title":"A Empresa &#187; Avan\u00e7o T.I - Solu\u00e7\u00f5es em Tecnologia","description":"Oferecemos consultoria completa em ativos de rede, contratos de manuten\u00e7\u00f5es em computadores e servidores. Entre outros projetos.","robots":{"index":"index","follow":"follow","max-snippet":"max-snippet:-1","max-image-preview":"max-image-preview:large","max-video-preview":"max-video-preview:-1"},"canonical":"http:\/\/www.avancoti.com.br\/novo_site\/a-empresa\/","og_locale":"pt_BR","og_type":"article","og_title":"A Empresa &#187; Avan\u00e7o T.I - Solu\u00e7\u00f5es em Tecnologia","og_description":"Oferecemos consultoria completa em ativos de rede, contratos de manuten\u00e7\u00f5es em computadores e servidores. Entre outros projetos.","og_url":"http:\/\/www.avancoti.com.br\/novo_site\/a-empresa\/","og_site_name":"Avan\u00e7o T.I - Solu\u00e7\u00f5es em Tecnologia","article_publisher":"https:\/\/www.facebook.com\/avancoti\/","article_modified_time":"2024-12-25T22:09:05+00:00","og_image":[{"url":"https:\/\/www.avancoti.com.br\/novo_site\/wp-content\/uploads\/2016\/09\/banner-empresa.jpg","type":"","width":"","height":""}],"twitter_card":"summary_large_image","twitter_misc":{"Est. tempo de leitura":"2 minutos"},"schema":{"@context":"https:\/\/schema.org","@graph":[{"@type":"WebPage","@id":"http:\/\/www.avancoti.com.br\/novo_site\/a-empresa\/","url":"http:\/\/www.avancoti.com.br\/novo_site\/a-empresa\/","name":"A Empresa &#187; Avan\u00e7o T.I - Solu\u00e7\u00f5es em Tecnologia","isPartOf":{"@id":"http:\/\/www.avancoti.com.br\/novo_site\/#website"},"primaryImageOfPage":{"@id":"http:\/\/www.avancoti.com.br\/novo_site\/a-empresa\/#primaryimage"},"image":{"@id":"http:\/\/www.avancoti.com.br\/novo_site\/a-empresa\/#primaryimage"},"thumbnailUrl":"https:\/\/www.avancoti.com.br\/novo_site\/wp-content\/uploads\/2016\/09\/banner-empresa.jpg","datePublished":"2016-09-12T14:31:34+00:00","dateModified":"2024-12-25T22:09:05+00:00","description":"Oferecemos consultoria completa em ativos de rede, contratos de manuten\u00e7\u00f5es em computadores e servidores. Entre outros projetos.","breadcrumb":{"@id":"http:\/\/www.avancoti.com.br\/novo_site\/a-empresa\/#breadcrumb"},"inLanguage":"pt-BR","potentialAction":[{"@type":"ReadAction","target":["http:\/\/www.avancoti.com.br\/novo_site\/a-empresa\/"]}]},{"@type":"ImageObject","inLanguage":"pt-BR","@id":"http:\/\/www.avancoti.com.br\/novo_site\/a-empresa\/#primaryimage","url":"http:\/\/www.avancoti.com.br\/novo_site\/wp-content\/uploads\/2016\/09\/banner-empresa.jpg","contentUrl":"http:\/\/www.avancoti.com.br\/novo_site\/wp-content\/uploads\/2016\/09\/banner-empresa.jpg","width":1920,"height":400},{"@type":"BreadcrumbList","@id":"http:\/\/www.avancoti.com.br\/novo_site\/a-empresa\/#breadcrumb","itemListElement":[{"@type":"ListItem","position":1,"name":"In\u00edcio","item":"http:\/\/www.avancoti.com.br\/novo_site\/"},{"@type":"ListItem","position":2,"name":"A Empresa"}]},{"@type":"WebSite","@id":"http:\/\/www.avancoti.com.br\/novo_site\/#website","url":"http:\/\/www.avancoti.com.br\/novo_site\/","name":"Avan\u00e7o T.I - Solu\u00e7\u00f5es em Tecnologia","description":"Solu\u00e7\u00f5es em Tecnologia","publisher":{"@id":"http:\/\/www.avancoti.com.br\/novo_site\/#organization"},"potentialAction":[{"@type":"SearchAction","target":{"@type":"EntryPoint","urlTemplate":"http:\/\/www.avancoti.com.br\/novo_site\/?s={search_term_string}"},"query-input":{"@type":"PropertyValueSpecification","valueRequired":true,"valueName":"search_term_string"}}],"inLanguage":"pt-BR"},{"@type":"Organization","@id":"http:\/\/www.avancoti.com.br\/novo_site\/#organization","name":"Avan\u00e7o T.I - Solu\u00e7\u00f5es em Tecnologia","url":"http:\/\/www.avancoti.com.br\/novo_site\/","logo":{"@type":"ImageObject","inLanguage":"pt-BR","@id":"http:\/\/www.avancoti.com.br\/novo_site\/#\/schema\/logo\/image\/","url":"http:\/\/www.avancoti.com.br\/novo_site\/wp-content\/uploads\/2016\/09\/cropped-logo-avanco-verde.png","contentUrl":"http:\/\/www.avancoti.com.br\/novo_site\/wp-content\/uploads\/2016\/09\/cropped-logo-avanco-verde.png","width":1940,"height":512,"caption":"Avan\u00e7o T.I - Solu\u00e7\u00f5es em Tecnologia"},"image":{"@id":"http:\/\/www.avancoti.com.br\/novo_site\/#\/schema\/logo\/image\/"},"sameAs":["https:\/\/www.facebook.com\/avancoti\/","https:\/\/www.instagram.com\/avancoti\/"]}]}},"_links":{"self":[{"href":"http:\/\/www.avancoti.com.br\/novo_site\/wp-json\/wp\/v2\/pages\/4","targetHints":{"allow":["GET"]}}],"collection":[{"href":"http:\/\/www.avancoti.com.br\/novo_site\/wp-json\/wp\/v2\/pages"}],"about":[{"href":"http:\/\/www.avancoti.com.br\/novo_site\/wp-json\/wp\/v2\/types\/page"}],"author":[{"embeddable":true,"href":"http:\/\/www.avancoti.com.br\/novo_site\/wp-json\/wp\/v2\/users\/1"}],"replies":[{"embeddable":true,"href":"http:\/\/www.avancoti.com.br\/novo_site\/wp-json\/wp\/v2\/comments?post=4"}],"version-history":[{"count":11,"href":"http:\/\/www.avancoti.com.br\/novo_site\/wp-json\/wp\/v2\/pages\/4\/revisions"}],"predecessor-version":[{"id":729,"href":"http:\/\/www.avancoti.com.br\/novo_site\/wp-json\/wp\/v2\/pages\/4\/revisions\/729"}],"wp:attachment":[{"href":"http:\/\/www.avancoti.com.br\/novo_site\/wp-json\/wp\/v2\/media?parent=4"}],"curies":[{"name":"wp","href":"https:\/\/api.w.org\/{rel}","templated":true}]}}