{"id":41,"date":"2016-09-12T14:30:41","date_gmt":"2016-09-12T17:30:41","guid":{"rendered":"https:\/\/www.avancoti.com.br\/novo_site\/?page_id=41"},"modified":"2026-03-07T21:02:33","modified_gmt":"2026-03-08T00:02:33","slug":"backup-salvador","status":"publish","type":"page","link":"http:\/\/www.avancoti.com.br\/novo_site\/servicos\/backup-salvador\/","title":{"rendered":"Backup em Nuvem"},"content":{"rendered":"<div id=\"pl-41\"  class=\"panel-layout\" ><div id=\"pg-41-0\"  class=\"panel-grid panel-has-style\" ><div class=\"siteorigin-panels-stretch panel-row-style-full-width panel-row-style panel-row-style-for-41-0\" data-stretch-type=\"full-stretched\" ><div id=\"pgc-41-0-0\"  class=\"panel-grid-cell\" ><div id=\"panel-41-0-0-0\" class=\"so-panel widget widget_black-studio-tinymce widget_black_studio_tinymce panel-first-child panel-last-child\" data-index=\"0\" ><div class=\"textwidget\"><p><img loading=\"lazy\" decoding=\"async\" class=\"aligncenter size-full wp-image-648\" src=\"https:\/\/www.avancoti.com.br\/novo_site\/wp-content\/uploads\/2023\/01\/BACKUP-NUVEM.png\" alt=\"\" width=\"8000\" height=\"1666\" srcset=\"http:\/\/www.avancoti.com.br\/novo_site\/wp-content\/uploads\/2023\/01\/BACKUP-NUVEM.png 8000w, http:\/\/www.avancoti.com.br\/novo_site\/wp-content\/uploads\/2023\/01\/BACKUP-NUVEM-300x62.png 300w, http:\/\/www.avancoti.com.br\/novo_site\/wp-content\/uploads\/2023\/01\/BACKUP-NUVEM-1024x213.png 1024w, http:\/\/www.avancoti.com.br\/novo_site\/wp-content\/uploads\/2023\/01\/BACKUP-NUVEM-768x160.png 768w, http:\/\/www.avancoti.com.br\/novo_site\/wp-content\/uploads\/2023\/01\/BACKUP-NUVEM-1536x320.png 1536w, http:\/\/www.avancoti.com.br\/novo_site\/wp-content\/uploads\/2023\/01\/BACKUP-NUVEM-2048x426.png 2048w\" sizes=\"auto, (max-width: 8000px) 100vw, 8000px\" \/><\/p>\n<p>&nbsp;<\/p>\n<\/div><\/div><\/div><\/div><\/div><div id=\"pg-41-1\"  class=\"panel-grid panel-no-style\" ><div id=\"pgc-41-1-0\"  class=\"panel-grid-cell\" ><div id=\"panel-41-1-0-0\" class=\"so-panel widget widget_black-studio-tinymce widget_black_studio_tinymce panel-first-child panel-last-child\" data-index=\"1\" ><div class=\"textwidget\"><p><img loading=\"lazy\" decoding=\"async\" class=\"wp-image-647 alignleft\" src=\"https:\/\/www.avancoti.com.br\/novo_site\/wp-content\/uploads\/2023\/01\/avancoti_backup_nuvem.png\" alt=\"\" width=\"638\" height=\"300\" srcset=\"http:\/\/www.avancoti.com.br\/novo_site\/wp-content\/uploads\/2023\/01\/avancoti_backup_nuvem.png 753w, http:\/\/www.avancoti.com.br\/novo_site\/wp-content\/uploads\/2023\/01\/avancoti_backup_nuvem-300x141.png 300w\" sizes=\"auto, (max-width: 638px) 100vw, 638px\" \/><\/p>\n<\/div><\/div><\/div><div id=\"pgc-41-1-1\"  class=\"panel-grid-cell\" ><div id=\"panel-41-1-1-0\" class=\"so-panel widget widget_sow-editor panel-first-child panel-last-child\" data-index=\"2\" ><div\n\t\t\t\n\t\t\tclass=\"so-widget-sow-editor so-widget-sow-editor-base\"\n\t\t\t\n\t\t><h3 class=\"widget-title\">Backup em Nuvem<\/h3>\n<div class=\"siteorigin-widget-tinymce textwidget\">\n\t<h2><\/h2>\n<section class=\"row\">\n<div class=\"container\">\n<div class=\"row\">\n<div class=\"col-sm-12\">\n<p>Solu\u00e7\u00e3o corporativa de backup onde os dados s\u00e3o enviados diretamente dos servidores dos nossos clientes aos nossos ambientes de data center padr\u00e3o World Class Tier III localizados no Brasil.<\/p>\n<hr \/>\n<h4>Funcionalidades<\/h4>\n<ul class=\"hostpressUnList\">\n<li class=\"item\">Backup manual, agendado ou em tempo real<\/li>\n<li class=\"item\">Backup full, incremental e diferencial<\/li>\n<li class=\"item\">Backup de arquivos em ambiente Microsoft Windows e Linux<\/li>\n<li class=\"item\">Backup de bancos de dados Oracle, MS-SQL Server, MySQL, Firebird, Postgre<\/li>\n<li class=\"item\">Backup de m\u00e1quinas virtuais VMWARE e Hyper-V<\/li>\n<li class=\"item\">Backup de arquivos abertos<\/li>\n<li class=\"item\">Reten\u00e7\u00e3o e versionamento de dados<\/li>\n<li class=\"item\">Criptografia padr\u00e3o militar padr\u00e3o AES 256 bits<\/li>\n<li class=\"item\">Compress\u00e3o de dados em ratio de at\u00e9 80%<\/li>\n<li class=\"item\">Filtros de backup por tipos de arquivos<\/li>\n<li class=\"item\">Controle de banda de upload<\/li>\n<li class=\"item\">Op\u00e7\u00e3o para realizar backup local antes do envio para nuvem<\/li>\n<li class=\"item\">Multi-thread - permite a execu\u00e7\u00e3o de rotinas simult\u00e2neas no mesmo servidor<\/li>\n<li class=\"item\">Aplica\u00e7\u00e3o de backup como servi\u00e7o do Windows (RunAsService)<\/li>\n<li class=\"item\">Notifica\u00e7\u00e3o di\u00e1ria da execu\u00e7\u00e3o das rotinas de backups<\/li>\n<li class=\"item\">Emiss\u00e3o consolidada de relat\u00f3rios t\u00e9cnicos e executivos<\/li>\n<li class=\"item\">Portal de auditoria e gest\u00e3o de usu\u00e1rios<\/li>\n<li class=\"item\">Dados armazenados em Data Center World Class Tier III no Brasil, atendendo todos os requisitos de compliance e auditoria<\/li>\n<li class=\"item\">Permite a elimina\u00e7\u00e3o de qualquer outro tipo de solu\u00e7\u00e3o interna de backup (rob\u00f4s de backup, fitas, etc)<\/li>\n<li class=\"item\">Conectividade de 1Gbps de backbone Internet<\/li>\n<li class=\"item\">Suporte e monitora\u00e7\u00e3o<\/li>\n<\/ul>\n<\/div>\n<\/div>\n<\/div>\n<\/section>\n<\/div>\n<\/div><\/div><\/div><\/div><\/div>","protected":false},"excerpt":{"rendered":"<p>&nbsp; Solu\u00e7\u00e3o corporativa de backup onde os dados s\u00e3o enviados diretamente dos servidores dos nossos clientes aos nossos ambientes de data center padr\u00e3o World Class Tier III localizados no Brasil. Funcionalidades Backup manual, agendado ou em tempo real Backup full, incremental e diferencial Backup de arquivos em ambiente Microsoft Windows e Linux Backup de bancos [&hellip;]<\/p>\n","protected":false},"author":1,"featured_media":0,"parent":168,"menu_order":0,"comment_status":"closed","ping_status":"closed","template":"home-panels.php","meta":{"footnotes":""},"class_list":["post-41","page","type-page","status-publish","hentry","post"],"yoast_head":"<!-- This site is optimized with the Yoast SEO plugin v26.9 - https:\/\/yoast.com\/product\/yoast-seo-wordpress\/ -->\n<title>Cria\u00e7\u00e3o de Sites em Salvador | Celular, Tablet e PC<\/title>\n<meta name=\"description\" content=\"Desenvolvemos seu site responsivo que se adapta em todo tipo de tela, melhoramos a posi\u00e7\u00e3o do seu site no ranking do google.\" \/>\n<meta name=\"robots\" content=\"index, follow, max-snippet:-1, max-image-preview:large, max-video-preview:-1\" \/>\n<link rel=\"canonical\" href=\"http:\/\/www.avancoti.com.br\/novo_site\/servicos\/backup-salvador\/\" \/>\n<meta property=\"og:locale\" content=\"pt_BR\" \/>\n<meta property=\"og:type\" content=\"article\" \/>\n<meta property=\"og:title\" content=\"Cria\u00e7\u00e3o de Sites em Salvador | Celular, Tablet e PC\" \/>\n<meta property=\"og:description\" content=\"Desenvolvemos seu site responsivo que se adapta em todo tipo de tela, melhoramos a posi\u00e7\u00e3o do seu site no ranking do google.\" \/>\n<meta property=\"og:url\" content=\"http:\/\/www.avancoti.com.br\/novo_site\/servicos\/backup-salvador\/\" \/>\n<meta property=\"og:site_name\" content=\"Avan\u00e7o T.I - Solu\u00e7\u00f5es em Tecnologia\" \/>\n<meta property=\"article:publisher\" content=\"https:\/\/www.facebook.com\/avancoti\/\" \/>\n<meta property=\"article:modified_time\" content=\"2026-03-08T00:02:33+00:00\" \/>\n<meta property=\"og:image\" content=\"https:\/\/www.avancoti.com.br\/novo_site\/wp-content\/uploads\/2023\/01\/BACKUP-NUVEM.png\" \/>\n<meta name=\"twitter:card\" content=\"summary_large_image\" \/>\n<meta name=\"twitter:label1\" content=\"Est. tempo de leitura\" \/>\n\t<meta name=\"twitter:data1\" content=\"2 minutos\" \/>\n<script type=\"application\/ld+json\" class=\"yoast-schema-graph\">{\"@context\":\"https:\/\/schema.org\",\"@graph\":[{\"@type\":\"WebPage\",\"@id\":\"http:\/\/www.avancoti.com.br\/novo_site\/servicos\/backup-salvador\/\",\"url\":\"http:\/\/www.avancoti.com.br\/novo_site\/servicos\/backup-salvador\/\",\"name\":\"Cria\u00e7\u00e3o de Sites em Salvador | Celular, Tablet e PC\",\"isPartOf\":{\"@id\":\"http:\/\/www.avancoti.com.br\/novo_site\/#website\"},\"primaryImageOfPage\":{\"@id\":\"http:\/\/www.avancoti.com.br\/novo_site\/servicos\/backup-salvador\/#primaryimage\"},\"image\":{\"@id\":\"http:\/\/www.avancoti.com.br\/novo_site\/servicos\/backup-salvador\/#primaryimage\"},\"thumbnailUrl\":\"https:\/\/www.avancoti.com.br\/novo_site\/wp-content\/uploads\/2023\/01\/BACKUP-NUVEM.png\",\"datePublished\":\"2016-09-12T17:30:41+00:00\",\"dateModified\":\"2026-03-08T00:02:33+00:00\",\"description\":\"Desenvolvemos seu site responsivo que se adapta em todo tipo de tela, melhoramos a posi\u00e7\u00e3o do seu site no ranking do google.\",\"breadcrumb\":{\"@id\":\"http:\/\/www.avancoti.com.br\/novo_site\/servicos\/backup-salvador\/#breadcrumb\"},\"inLanguage\":\"pt-BR\",\"potentialAction\":[{\"@type\":\"ReadAction\",\"target\":[\"http:\/\/www.avancoti.com.br\/novo_site\/servicos\/backup-salvador\/\"]}]},{\"@type\":\"ImageObject\",\"inLanguage\":\"pt-BR\",\"@id\":\"http:\/\/www.avancoti.com.br\/novo_site\/servicos\/backup-salvador\/#primaryimage\",\"url\":\"https:\/\/www.avancoti.com.br\/novo_site\/wp-content\/uploads\/2023\/01\/BACKUP-NUVEM.png\",\"contentUrl\":\"https:\/\/www.avancoti.com.br\/novo_site\/wp-content\/uploads\/2023\/01\/BACKUP-NUVEM.png\"},{\"@type\":\"BreadcrumbList\",\"@id\":\"http:\/\/www.avancoti.com.br\/novo_site\/servicos\/backup-salvador\/#breadcrumb\",\"itemListElement\":[{\"@type\":\"ListItem\",\"position\":1,\"name\":\"In\u00edcio\",\"item\":\"http:\/\/www.avancoti.com.br\/novo_site\/\"},{\"@type\":\"ListItem\",\"position\":2,\"name\":\"Servi\u00e7os\",\"item\":\"http:\/\/www.avancoti.com.br\/novo_site\/servicos\/\"},{\"@type\":\"ListItem\",\"position\":3,\"name\":\"Sites\"}]},{\"@type\":\"WebSite\",\"@id\":\"http:\/\/www.avancoti.com.br\/novo_site\/#website\",\"url\":\"http:\/\/www.avancoti.com.br\/novo_site\/\",\"name\":\"Avan\u00e7o T.I - Solu\u00e7\u00f5es em Tecnologia\",\"description\":\"Solu\u00e7\u00f5es em Tecnologia\",\"publisher\":{\"@id\":\"http:\/\/www.avancoti.com.br\/novo_site\/#organization\"},\"potentialAction\":[{\"@type\":\"SearchAction\",\"target\":{\"@type\":\"EntryPoint\",\"urlTemplate\":\"http:\/\/www.avancoti.com.br\/novo_site\/?s={search_term_string}\"},\"query-input\":{\"@type\":\"PropertyValueSpecification\",\"valueRequired\":true,\"valueName\":\"search_term_string\"}}],\"inLanguage\":\"pt-BR\"},{\"@type\":\"Organization\",\"@id\":\"http:\/\/www.avancoti.com.br\/novo_site\/#organization\",\"name\":\"Avan\u00e7o T.I - Solu\u00e7\u00f5es em Tecnologia\",\"url\":\"http:\/\/www.avancoti.com.br\/novo_site\/\",\"logo\":{\"@type\":\"ImageObject\",\"inLanguage\":\"pt-BR\",\"@id\":\"http:\/\/www.avancoti.com.br\/novo_site\/#\/schema\/logo\/image\/\",\"url\":\"http:\/\/www.avancoti.com.br\/novo_site\/wp-content\/uploads\/2016\/09\/cropped-logo-avanco-verde.png\",\"contentUrl\":\"http:\/\/www.avancoti.com.br\/novo_site\/wp-content\/uploads\/2016\/09\/cropped-logo-avanco-verde.png\",\"width\":1940,\"height\":512,\"caption\":\"Avan\u00e7o T.I - Solu\u00e7\u00f5es em Tecnologia\"},\"image\":{\"@id\":\"http:\/\/www.avancoti.com.br\/novo_site\/#\/schema\/logo\/image\/\"},\"sameAs\":[\"https:\/\/www.facebook.com\/avancoti\/\",\"https:\/\/www.instagram.com\/avancoti\/\"]}]}<\/script>\n<!-- \/ Yoast SEO plugin. -->","yoast_head_json":{"title":"Cria\u00e7\u00e3o de Sites em Salvador | Celular, Tablet e PC","description":"Desenvolvemos seu site responsivo que se adapta em todo tipo de tela, melhoramos a posi\u00e7\u00e3o do seu site no ranking do google.","robots":{"index":"index","follow":"follow","max-snippet":"max-snippet:-1","max-image-preview":"max-image-preview:large","max-video-preview":"max-video-preview:-1"},"canonical":"http:\/\/www.avancoti.com.br\/novo_site\/servicos\/backup-salvador\/","og_locale":"pt_BR","og_type":"article","og_title":"Cria\u00e7\u00e3o de Sites em Salvador | Celular, Tablet e PC","og_description":"Desenvolvemos seu site responsivo que se adapta em todo tipo de tela, melhoramos a posi\u00e7\u00e3o do seu site no ranking do google.","og_url":"http:\/\/www.avancoti.com.br\/novo_site\/servicos\/backup-salvador\/","og_site_name":"Avan\u00e7o T.I - Solu\u00e7\u00f5es em Tecnologia","article_publisher":"https:\/\/www.facebook.com\/avancoti\/","article_modified_time":"2026-03-08T00:02:33+00:00","og_image":[{"url":"https:\/\/www.avancoti.com.br\/novo_site\/wp-content\/uploads\/2023\/01\/BACKUP-NUVEM.png","type":"","width":"","height":""}],"twitter_card":"summary_large_image","twitter_misc":{"Est. tempo de leitura":"2 minutos"},"schema":{"@context":"https:\/\/schema.org","@graph":[{"@type":"WebPage","@id":"http:\/\/www.avancoti.com.br\/novo_site\/servicos\/backup-salvador\/","url":"http:\/\/www.avancoti.com.br\/novo_site\/servicos\/backup-salvador\/","name":"Cria\u00e7\u00e3o de Sites em Salvador | Celular, Tablet e PC","isPartOf":{"@id":"http:\/\/www.avancoti.com.br\/novo_site\/#website"},"primaryImageOfPage":{"@id":"http:\/\/www.avancoti.com.br\/novo_site\/servicos\/backup-salvador\/#primaryimage"},"image":{"@id":"http:\/\/www.avancoti.com.br\/novo_site\/servicos\/backup-salvador\/#primaryimage"},"thumbnailUrl":"https:\/\/www.avancoti.com.br\/novo_site\/wp-content\/uploads\/2023\/01\/BACKUP-NUVEM.png","datePublished":"2016-09-12T17:30:41+00:00","dateModified":"2026-03-08T00:02:33+00:00","description":"Desenvolvemos seu site responsivo que se adapta em todo tipo de tela, melhoramos a posi\u00e7\u00e3o do seu site no ranking do google.","breadcrumb":{"@id":"http:\/\/www.avancoti.com.br\/novo_site\/servicos\/backup-salvador\/#breadcrumb"},"inLanguage":"pt-BR","potentialAction":[{"@type":"ReadAction","target":["http:\/\/www.avancoti.com.br\/novo_site\/servicos\/backup-salvador\/"]}]},{"@type":"ImageObject","inLanguage":"pt-BR","@id":"http:\/\/www.avancoti.com.br\/novo_site\/servicos\/backup-salvador\/#primaryimage","url":"https:\/\/www.avancoti.com.br\/novo_site\/wp-content\/uploads\/2023\/01\/BACKUP-NUVEM.png","contentUrl":"https:\/\/www.avancoti.com.br\/novo_site\/wp-content\/uploads\/2023\/01\/BACKUP-NUVEM.png"},{"@type":"BreadcrumbList","@id":"http:\/\/www.avancoti.com.br\/novo_site\/servicos\/backup-salvador\/#breadcrumb","itemListElement":[{"@type":"ListItem","position":1,"name":"In\u00edcio","item":"http:\/\/www.avancoti.com.br\/novo_site\/"},{"@type":"ListItem","position":2,"name":"Servi\u00e7os","item":"http:\/\/www.avancoti.com.br\/novo_site\/servicos\/"},{"@type":"ListItem","position":3,"name":"Sites"}]},{"@type":"WebSite","@id":"http:\/\/www.avancoti.com.br\/novo_site\/#website","url":"http:\/\/www.avancoti.com.br\/novo_site\/","name":"Avan\u00e7o T.I - Solu\u00e7\u00f5es em Tecnologia","description":"Solu\u00e7\u00f5es em Tecnologia","publisher":{"@id":"http:\/\/www.avancoti.com.br\/novo_site\/#organization"},"potentialAction":[{"@type":"SearchAction","target":{"@type":"EntryPoint","urlTemplate":"http:\/\/www.avancoti.com.br\/novo_site\/?s={search_term_string}"},"query-input":{"@type":"PropertyValueSpecification","valueRequired":true,"valueName":"search_term_string"}}],"inLanguage":"pt-BR"},{"@type":"Organization","@id":"http:\/\/www.avancoti.com.br\/novo_site\/#organization","name":"Avan\u00e7o T.I - Solu\u00e7\u00f5es em Tecnologia","url":"http:\/\/www.avancoti.com.br\/novo_site\/","logo":{"@type":"ImageObject","inLanguage":"pt-BR","@id":"http:\/\/www.avancoti.com.br\/novo_site\/#\/schema\/logo\/image\/","url":"http:\/\/www.avancoti.com.br\/novo_site\/wp-content\/uploads\/2016\/09\/cropped-logo-avanco-verde.png","contentUrl":"http:\/\/www.avancoti.com.br\/novo_site\/wp-content\/uploads\/2016\/09\/cropped-logo-avanco-verde.png","width":1940,"height":512,"caption":"Avan\u00e7o T.I - Solu\u00e7\u00f5es em Tecnologia"},"image":{"@id":"http:\/\/www.avancoti.com.br\/novo_site\/#\/schema\/logo\/image\/"},"sameAs":["https:\/\/www.facebook.com\/avancoti\/","https:\/\/www.instagram.com\/avancoti\/"]}]}},"_links":{"self":[{"href":"http:\/\/www.avancoti.com.br\/novo_site\/wp-json\/wp\/v2\/pages\/41","targetHints":{"allow":["GET"]}}],"collection":[{"href":"http:\/\/www.avancoti.com.br\/novo_site\/wp-json\/wp\/v2\/pages"}],"about":[{"href":"http:\/\/www.avancoti.com.br\/novo_site\/wp-json\/wp\/v2\/types\/page"}],"author":[{"embeddable":true,"href":"http:\/\/www.avancoti.com.br\/novo_site\/wp-json\/wp\/v2\/users\/1"}],"replies":[{"embeddable":true,"href":"http:\/\/www.avancoti.com.br\/novo_site\/wp-json\/wp\/v2\/comments?post=41"}],"version-history":[{"count":0,"href":"http:\/\/www.avancoti.com.br\/novo_site\/wp-json\/wp\/v2\/pages\/41\/revisions"}],"up":[{"embeddable":true,"href":"http:\/\/www.avancoti.com.br\/novo_site\/wp-json\/wp\/v2\/pages\/168"}],"wp:attachment":[{"href":"http:\/\/www.avancoti.com.br\/novo_site\/wp-json\/wp\/v2\/media?parent=41"}],"curies":[{"name":"wp","href":"https:\/\/api.w.org\/{rel}","templated":true}]}}