{"id":49,"date":"2016-09-12T14:32:51","date_gmt":"2016-09-12T17:32:51","guid":{"rendered":"https:\/\/www.avancoti.com.br\/novo_site\/?page_id=49"},"modified":"2020-06-02T20:58:11","modified_gmt":"2020-06-02T23:58:11","slug":"consultoria-salvador","status":"publish","type":"page","link":"http:\/\/www.avancoti.com.br\/novo_site\/servicos\/consultoria-salvador\/","title":{"rendered":"Consultoria"},"content":{"rendered":"<div id=\"pl-49\"  class=\"panel-layout\" ><div id=\"pg-49-0\"  class=\"panel-grid panel-has-style\" ><div class=\"siteorigin-panels-stretch panel-row-style-full-width panel-row-style panel-row-style-for-49-0\" data-stretch-type=\"full-stretched\" ><div id=\"pgc-49-0-0\"  class=\"panel-grid-cell\" ><div id=\"panel-49-0-0-0\" class=\"so-panel widget widget_black-studio-tinymce widget_black_studio_tinymce panel-first-child panel-last-child\" data-index=\"0\" ><div class=\"textwidget\"><p><span class=\"\" style=\"display:block;clear:both;height: 0px;margin-top: -75px;border-top-width:0px;border-bottom-width:0px;\"><\/span><\/p>\n<p><img loading=\"lazy\" decoding=\"async\" class=\"aligncenter size-full wp-image-216\" src=\"https:\/\/www.avancoti.com.br\/novo_site\/wp-content\/uploads\/2016\/09\/banner-servi\u00e7os-CONSULTORIA.jpg\" alt=\"banner-servicos-consultoria\" width=\"1920\" height=\"400\" srcset=\"http:\/\/www.avancoti.com.br\/novo_site\/wp-content\/uploads\/2016\/09\/banner-servi\u00e7os-CONSULTORIA.jpg 1920w, http:\/\/www.avancoti.com.br\/novo_site\/wp-content\/uploads\/2016\/09\/banner-servi\u00e7os-CONSULTORIA-300x63.jpg 300w, http:\/\/www.avancoti.com.br\/novo_site\/wp-content\/uploads\/2016\/09\/banner-servi\u00e7os-CONSULTORIA-768x160.jpg 768w, http:\/\/www.avancoti.com.br\/novo_site\/wp-content\/uploads\/2016\/09\/banner-servi\u00e7os-CONSULTORIA-1024x213.jpg 1024w\" sizes=\"auto, (max-width: 1920px) 100vw, 1920px\" \/><\/p>\n<\/div><\/div><\/div><\/div><\/div><div id=\"pg-49-1\"  class=\"panel-grid panel-no-style\" ><div id=\"pgc-49-1-0\"  class=\"panel-grid-cell\" ><div id=\"panel-49-1-0-0\" class=\"so-panel widget widget_black-studio-tinymce widget_black_studio_tinymce panel-first-child panel-last-child\" data-index=\"1\" ><div class=\"textwidget\"><p><img loading=\"lazy\" decoding=\"async\" class=\"aligncenter size-full wp-image-230\" src=\"https:\/\/www.avancoti.com.br\/novo_site\/wp-content\/uploads\/2016\/09\/consultoria.fw_-1.png\" alt=\"consultoria-fw\" width=\"1200\" height=\"200\" srcset=\"http:\/\/www.avancoti.com.br\/novo_site\/wp-content\/uploads\/2016\/09\/consultoria.fw_-1.png 1200w, http:\/\/www.avancoti.com.br\/novo_site\/wp-content\/uploads\/2016\/09\/consultoria.fw_-1-300x50.png 300w, http:\/\/www.avancoti.com.br\/novo_site\/wp-content\/uploads\/2016\/09\/consultoria.fw_-1-768x128.png 768w, http:\/\/www.avancoti.com.br\/novo_site\/wp-content\/uploads\/2016\/09\/consultoria.fw_-1-1024x171.png 1024w\" sizes=\"auto, (max-width: 1200px) 100vw, 1200px\" \/><\/p>\n<\/div><\/div><\/div><\/div><div id=\"pg-49-2\"  class=\"panel-grid panel-no-style\" ><div id=\"pgc-49-2-0\"  class=\"panel-grid-cell\" ><div id=\"panel-49-2-0-0\" class=\"so-panel widget widget_sow-editor panel-first-child\" data-index=\"2\" ><div\n\t\t\t\n\t\t\tclass=\"so-widget-sow-editor so-widget-sow-editor-base\"\n\t\t\t\n\t\t><h3 class=\"widget-title\">Consultorias em TI<\/h3>\n<div class=\"siteorigin-widget-tinymce textwidget\">\n\t<p>O planejamento de TI bem feito representa uma vantagem competitiva para a empresa, pois impacta diretamente nos seus resultados e pode trazer grandes saltos qualitativos no desempenho geral da companhia! Por\u00e9m, quando isso n\u00e3o ocorre na pr\u00e1tica, \u00e9 necess\u00e1rio contar com auxilio de uma empresa especializada em analisar e sanar problemas que impactam diretamente no desenvolvimento da companhia.\u00a0Para garantir o funcionamento adequado de todas as metodologias, ferramentas e solu\u00e7\u00f5es orientadas pela consultoria de TI e adotadas pela empresa, a Avan\u00e7o Ti oferece aos seus clientes a possibilidade de aloca\u00e7\u00e3o de especialistas dedicados, de acordo com sua demanda.\u00a0<\/p>\n<p>Abaixo, alguns dos nossos principais servi\u00e7os realizados em consultorias: <\/p>\n<\/div>\n<\/div><\/div><div id=\"panel-49-2-0-1\" class=\"so-panel widget widget_sow-editor\" data-index=\"3\" ><div\n\t\t\t\n\t\t\tclass=\"so-widget-sow-editor so-widget-sow-editor-base\"\n\t\t\t\n\t\t><h3 class=\"widget-title\">Cabeamento de Rede<\/h3>\n<div class=\"siteorigin-widget-tinymce textwidget\">\n\t<p>Grande parte dos problemas de rede s\u00e3o por causa do cabeamento. A Avan\u00e7o TI realiza uma visita t\u00e9cnica com equipamentos especializados e extremamente precisos em detectar falhas no cabeamento.<\/p>\n<\/div>\n<\/div><\/div><div id=\"panel-49-2-0-2\" class=\"so-panel widget widget_sow-editor\" data-index=\"4\" ><div\n\t\t\t\n\t\t\tclass=\"so-widget-sow-editor so-widget-sow-editor-base\"\n\t\t\t\n\t\t><h3 class=\"widget-title\">Manuten\u00e7\u00e3o de Computadores<\/h3>\n<div class=\"siteorigin-widget-tinymce textwidget\">\n\t<p>Realizamos manuten\u00e7\u00e3o f\u00edsica e l\u00f3gica em computadores, utilizando softwares e equipamentos de ponta para diagn\u00f3sticos precisos. Atendemos no local.<\/p>\n<\/div>\n<\/div><\/div><div id=\"panel-49-2-0-3\" class=\"so-panel widget widget_sow-editor panel-last-child\" data-index=\"5\" ><div\n\t\t\t\n\t\t\tclass=\"so-widget-sow-editor so-widget-sow-editor-base\"\n\t\t\t\n\t\t><h3 class=\"widget-title\">Servidores<\/h3>\n<div class=\"siteorigin-widget-tinymce textwidget\">\n\t<p>Realizamos manuten\u00e7\u00e3o, instala\u00e7\u00e3o e configura\u00e7\u00e3o de servidores de acordo com a necessidade da empresa. Realizamos implementa\u00e7\u00e3o e organiza\u00e7\u00e3o do Active Directory, DNS, GPO, Dom\u00ednio, Firewall. Servidores Windows e Linux. <\/p>\n<\/div>\n<\/div><\/div><\/div><div id=\"pgc-49-2-1\"  class=\"panel-grid-cell\" ><div id=\"panel-49-2-1-0\" class=\"so-panel widget widget_sow-editor panel-first-child\" data-index=\"6\" ><div\n\t\t\t\n\t\t\tclass=\"so-widget-sow-editor so-widget-sow-editor-base\"\n\t\t\t\n\t\t><h3 class=\"widget-title\">Redes sem Fio<\/h3>\n<div class=\"siteorigin-widget-tinymce textwidget\">\n\t<p>Realizamos instala\u00e7\u00e3o e configura\u00e7\u00e3o de redes sem fio. Al\u00e9m disto, realizamos projetos que visam o alcance do sinal em toda a empresa, disponibilidade da rede sem fio, desempenho, dentre outras.<\/p>\n<\/div>\n<\/div><\/div><div id=\"panel-49-2-1-1\" class=\"so-panel widget widget_sow-editor\" data-index=\"7\" ><div\n\t\t\t\n\t\t\tclass=\"so-widget-sow-editor so-widget-sow-editor-base\"\n\t\t\t\n\t\t><h3 class=\"widget-title\">Firewall<\/h3>\n<div class=\"siteorigin-widget-tinymce textwidget\">\n\t<p>- Instala\u00e7\u00e3o e configura\u00e7\u00e3o de Firewall;<br \/> - Bloqueio de Sites;<br \/> - Bloqueio de Portas;<br \/> - Redirecionamento de portas (DVR, Servidores, sistemas, etc);<br \/> - Controle de tr\u00e1fego;<br \/> - Controle de Banda;<br \/> - Contrato de manuten\u00e7\u00e3o l\u00f3gica.<\/p>\n<\/div>\n<\/div><\/div><div id=\"panel-49-2-1-2\" class=\"so-panel widget widget_sow-editor\" data-index=\"8\" ><div\n\t\t\t\n\t\t\tclass=\"so-widget-sow-editor so-widget-sow-editor-base\"\n\t\t\t\n\t\t><h3 class=\"widget-title\">Load Balance<\/h3>\n<div class=\"siteorigin-widget-tinymce textwidget\">\n\t<p>Para as empresas que utilizam de 2 ou mais links de internet e necessitam de desempenho em rela\u00e7\u00e3o a utiliza\u00e7\u00e3o da internet, realizamos o Load Balance que s\u00e3o regras para um balanceamento da carga de utiliza\u00e7\u00e3o da internet em todos ou parte dos links de internet.<\/p>\n<\/div>\n<\/div><\/div><div id=\"panel-49-2-1-3\" class=\"so-panel widget widget_sow-editor panel-last-child\" data-index=\"9\" ><div\n\t\t\t\n\t\t\tclass=\"so-widget-sow-editor so-widget-sow-editor-base\"\n\t\t\t\n\t\t><h3 class=\"widget-title\">Failover<\/h3>\n<div class=\"siteorigin-widget-tinymce textwidget\">\n\t<p>Para as empresas que utilizam de 2 ou mais links de internet e necessitam de disponibilidade total, o Failover realiza a troca dos links de forma autom\u00e1tica quando o link principal fica indispon\u00edvel.<\/p>\n<\/div>\n<\/div><\/div><\/div><\/div><\/div>","protected":false},"excerpt":{"rendered":"<p>Consultorias em TI O planejamento de TI bem feito representa uma vantagem competitiva para a empresa, pois impacta diretamente nos seus resultados e pode trazer grandes saltos qualitativos no desempenho geral da companhia! Por\u00e9m, quando isso n\u00e3o ocorre na pr\u00e1tica, \u00e9 necess\u00e1rio contar com auxilio de uma empresa especializada em analisar e sanar problemas que [&hellip;]<\/p>\n","protected":false},"author":1,"featured_media":0,"parent":168,"menu_order":0,"comment_status":"closed","ping_status":"closed","template":"home-panels.php","meta":{"footnotes":""},"class_list":["post-49","page","type-page","status-publish","hentry","post"],"yoast_head":"<!-- This site is optimized with the Yoast SEO plugin v26.9 - https:\/\/yoast.com\/product\/yoast-seo-wordpress\/ -->\n<title>Consultoria em TI | Realizamos treinamentos na sua empresa.<\/title>\n<meta name=\"description\" content=\"A consultoria em TI representa uma vantagem competitiva em rela\u00e7\u00e3o as demais empresas, a Avan\u00e7o T.I faz esse acompanhamento junto a empresa.\" \/>\n<meta name=\"robots\" content=\"index, follow, max-snippet:-1, max-image-preview:large, max-video-preview:-1\" \/>\n<link rel=\"canonical\" href=\"http:\/\/www.avancoti.com.br\/novo_site\/servicos\/consultoria-salvador\/\" \/>\n<meta property=\"og:locale\" content=\"pt_BR\" \/>\n<meta property=\"og:type\" content=\"article\" \/>\n<meta property=\"og:title\" content=\"Consultoria em TI | Realizamos treinamentos na sua empresa.\" \/>\n<meta property=\"og:description\" content=\"A consultoria em TI representa uma vantagem competitiva em rela\u00e7\u00e3o as demais empresas, a Avan\u00e7o T.I faz esse acompanhamento junto a empresa.\" \/>\n<meta property=\"og:url\" content=\"http:\/\/www.avancoti.com.br\/novo_site\/servicos\/consultoria-salvador\/\" \/>\n<meta property=\"og:site_name\" content=\"Avan\u00e7o T.I - Solu\u00e7\u00f5es em Tecnologia\" \/>\n<meta property=\"article:publisher\" content=\"https:\/\/www.facebook.com\/avancoti\/\" \/>\n<meta property=\"article:modified_time\" content=\"2020-06-02T23:58:11+00:00\" \/>\n<meta property=\"og:image\" content=\"https:\/\/www.avancoti.com.br\/novo_site\/wp-content\/uploads\/2016\/09\/consultoria.fw_-1.png\" \/>\n<meta name=\"twitter:card\" content=\"summary_large_image\" \/>\n<meta name=\"twitter:label1\" content=\"Est. tempo de leitura\" \/>\n\t<meta name=\"twitter:data1\" content=\"2 minutos\" \/>\n<script type=\"application\/ld+json\" class=\"yoast-schema-graph\">{\"@context\":\"https:\/\/schema.org\",\"@graph\":[{\"@type\":\"WebPage\",\"@id\":\"http:\/\/www.avancoti.com.br\/novo_site\/servicos\/consultoria-salvador\/\",\"url\":\"http:\/\/www.avancoti.com.br\/novo_site\/servicos\/consultoria-salvador\/\",\"name\":\"Consultoria em TI | Realizamos treinamentos na sua empresa.\",\"isPartOf\":{\"@id\":\"http:\/\/www.avancoti.com.br\/novo_site\/#website\"},\"primaryImageOfPage\":{\"@id\":\"http:\/\/www.avancoti.com.br\/novo_site\/servicos\/consultoria-salvador\/#primaryimage\"},\"image\":{\"@id\":\"http:\/\/www.avancoti.com.br\/novo_site\/servicos\/consultoria-salvador\/#primaryimage\"},\"thumbnailUrl\":\"https:\/\/www.avancoti.com.br\/novo_site\/wp-content\/uploads\/2016\/09\/consultoria.fw_-1.png\",\"datePublished\":\"2016-09-12T17:32:51+00:00\",\"dateModified\":\"2020-06-02T23:58:11+00:00\",\"description\":\"A consultoria em TI representa uma vantagem competitiva em rela\u00e7\u00e3o as demais empresas, a Avan\u00e7o T.I faz esse acompanhamento junto a empresa.\",\"breadcrumb\":{\"@id\":\"http:\/\/www.avancoti.com.br\/novo_site\/servicos\/consultoria-salvador\/#breadcrumb\"},\"inLanguage\":\"pt-BR\",\"potentialAction\":[{\"@type\":\"ReadAction\",\"target\":[\"http:\/\/www.avancoti.com.br\/novo_site\/servicos\/consultoria-salvador\/\"]}]},{\"@type\":\"ImageObject\",\"inLanguage\":\"pt-BR\",\"@id\":\"http:\/\/www.avancoti.com.br\/novo_site\/servicos\/consultoria-salvador\/#primaryimage\",\"url\":\"http:\/\/www.avancoti.com.br\/novo_site\/wp-content\/uploads\/2016\/09\/consultoria.fw_-1.png\",\"contentUrl\":\"http:\/\/www.avancoti.com.br\/novo_site\/wp-content\/uploads\/2016\/09\/consultoria.fw_-1.png\",\"width\":1200,\"height\":200},{\"@type\":\"BreadcrumbList\",\"@id\":\"http:\/\/www.avancoti.com.br\/novo_site\/servicos\/consultoria-salvador\/#breadcrumb\",\"itemListElement\":[{\"@type\":\"ListItem\",\"position\":1,\"name\":\"In\u00edcio\",\"item\":\"http:\/\/www.avancoti.com.br\/novo_site\/\"},{\"@type\":\"ListItem\",\"position\":2,\"name\":\"Servi\u00e7os\",\"item\":\"http:\/\/www.avancoti.com.br\/novo_site\/servicos\/\"},{\"@type\":\"ListItem\",\"position\":3,\"name\":\"Consultoria\"}]},{\"@type\":\"WebSite\",\"@id\":\"http:\/\/www.avancoti.com.br\/novo_site\/#website\",\"url\":\"http:\/\/www.avancoti.com.br\/novo_site\/\",\"name\":\"Avan\u00e7o T.I - Solu\u00e7\u00f5es em Tecnologia\",\"description\":\"Solu\u00e7\u00f5es em Tecnologia\",\"publisher\":{\"@id\":\"http:\/\/www.avancoti.com.br\/novo_site\/#organization\"},\"potentialAction\":[{\"@type\":\"SearchAction\",\"target\":{\"@type\":\"EntryPoint\",\"urlTemplate\":\"http:\/\/www.avancoti.com.br\/novo_site\/?s={search_term_string}\"},\"query-input\":{\"@type\":\"PropertyValueSpecification\",\"valueRequired\":true,\"valueName\":\"search_term_string\"}}],\"inLanguage\":\"pt-BR\"},{\"@type\":\"Organization\",\"@id\":\"http:\/\/www.avancoti.com.br\/novo_site\/#organization\",\"name\":\"Avan\u00e7o T.I - Solu\u00e7\u00f5es em Tecnologia\",\"url\":\"http:\/\/www.avancoti.com.br\/novo_site\/\",\"logo\":{\"@type\":\"ImageObject\",\"inLanguage\":\"pt-BR\",\"@id\":\"http:\/\/www.avancoti.com.br\/novo_site\/#\/schema\/logo\/image\/\",\"url\":\"http:\/\/www.avancoti.com.br\/novo_site\/wp-content\/uploads\/2016\/09\/cropped-logo-avanco-verde.png\",\"contentUrl\":\"http:\/\/www.avancoti.com.br\/novo_site\/wp-content\/uploads\/2016\/09\/cropped-logo-avanco-verde.png\",\"width\":1940,\"height\":512,\"caption\":\"Avan\u00e7o T.I - Solu\u00e7\u00f5es em Tecnologia\"},\"image\":{\"@id\":\"http:\/\/www.avancoti.com.br\/novo_site\/#\/schema\/logo\/image\/\"},\"sameAs\":[\"https:\/\/www.facebook.com\/avancoti\/\",\"https:\/\/www.instagram.com\/avancoti\/\"]}]}<\/script>\n<!-- \/ Yoast SEO plugin. -->","yoast_head_json":{"title":"Consultoria em TI | Realizamos treinamentos na sua empresa.","description":"A consultoria em TI representa uma vantagem competitiva em rela\u00e7\u00e3o as demais empresas, a Avan\u00e7o T.I faz esse acompanhamento junto a empresa.","robots":{"index":"index","follow":"follow","max-snippet":"max-snippet:-1","max-image-preview":"max-image-preview:large","max-video-preview":"max-video-preview:-1"},"canonical":"http:\/\/www.avancoti.com.br\/novo_site\/servicos\/consultoria-salvador\/","og_locale":"pt_BR","og_type":"article","og_title":"Consultoria em TI | Realizamos treinamentos na sua empresa.","og_description":"A consultoria em TI representa uma vantagem competitiva em rela\u00e7\u00e3o as demais empresas, a Avan\u00e7o T.I faz esse acompanhamento junto a empresa.","og_url":"http:\/\/www.avancoti.com.br\/novo_site\/servicos\/consultoria-salvador\/","og_site_name":"Avan\u00e7o T.I - Solu\u00e7\u00f5es em Tecnologia","article_publisher":"https:\/\/www.facebook.com\/avancoti\/","article_modified_time":"2020-06-02T23:58:11+00:00","og_image":[{"url":"https:\/\/www.avancoti.com.br\/novo_site\/wp-content\/uploads\/2016\/09\/consultoria.fw_-1.png","type":"","width":"","height":""}],"twitter_card":"summary_large_image","twitter_misc":{"Est. tempo de leitura":"2 minutos"},"schema":{"@context":"https:\/\/schema.org","@graph":[{"@type":"WebPage","@id":"http:\/\/www.avancoti.com.br\/novo_site\/servicos\/consultoria-salvador\/","url":"http:\/\/www.avancoti.com.br\/novo_site\/servicos\/consultoria-salvador\/","name":"Consultoria em TI | Realizamos treinamentos na sua empresa.","isPartOf":{"@id":"http:\/\/www.avancoti.com.br\/novo_site\/#website"},"primaryImageOfPage":{"@id":"http:\/\/www.avancoti.com.br\/novo_site\/servicos\/consultoria-salvador\/#primaryimage"},"image":{"@id":"http:\/\/www.avancoti.com.br\/novo_site\/servicos\/consultoria-salvador\/#primaryimage"},"thumbnailUrl":"https:\/\/www.avancoti.com.br\/novo_site\/wp-content\/uploads\/2016\/09\/consultoria.fw_-1.png","datePublished":"2016-09-12T17:32:51+00:00","dateModified":"2020-06-02T23:58:11+00:00","description":"A consultoria em TI representa uma vantagem competitiva em rela\u00e7\u00e3o as demais empresas, a Avan\u00e7o T.I faz esse acompanhamento junto a empresa.","breadcrumb":{"@id":"http:\/\/www.avancoti.com.br\/novo_site\/servicos\/consultoria-salvador\/#breadcrumb"},"inLanguage":"pt-BR","potentialAction":[{"@type":"ReadAction","target":["http:\/\/www.avancoti.com.br\/novo_site\/servicos\/consultoria-salvador\/"]}]},{"@type":"ImageObject","inLanguage":"pt-BR","@id":"http:\/\/www.avancoti.com.br\/novo_site\/servicos\/consultoria-salvador\/#primaryimage","url":"http:\/\/www.avancoti.com.br\/novo_site\/wp-content\/uploads\/2016\/09\/consultoria.fw_-1.png","contentUrl":"http:\/\/www.avancoti.com.br\/novo_site\/wp-content\/uploads\/2016\/09\/consultoria.fw_-1.png","width":1200,"height":200},{"@type":"BreadcrumbList","@id":"http:\/\/www.avancoti.com.br\/novo_site\/servicos\/consultoria-salvador\/#breadcrumb","itemListElement":[{"@type":"ListItem","position":1,"name":"In\u00edcio","item":"http:\/\/www.avancoti.com.br\/novo_site\/"},{"@type":"ListItem","position":2,"name":"Servi\u00e7os","item":"http:\/\/www.avancoti.com.br\/novo_site\/servicos\/"},{"@type":"ListItem","position":3,"name":"Consultoria"}]},{"@type":"WebSite","@id":"http:\/\/www.avancoti.com.br\/novo_site\/#website","url":"http:\/\/www.avancoti.com.br\/novo_site\/","name":"Avan\u00e7o T.I - Solu\u00e7\u00f5es em Tecnologia","description":"Solu\u00e7\u00f5es em Tecnologia","publisher":{"@id":"http:\/\/www.avancoti.com.br\/novo_site\/#organization"},"potentialAction":[{"@type":"SearchAction","target":{"@type":"EntryPoint","urlTemplate":"http:\/\/www.avancoti.com.br\/novo_site\/?s={search_term_string}"},"query-input":{"@type":"PropertyValueSpecification","valueRequired":true,"valueName":"search_term_string"}}],"inLanguage":"pt-BR"},{"@type":"Organization","@id":"http:\/\/www.avancoti.com.br\/novo_site\/#organization","name":"Avan\u00e7o T.I - Solu\u00e7\u00f5es em Tecnologia","url":"http:\/\/www.avancoti.com.br\/novo_site\/","logo":{"@type":"ImageObject","inLanguage":"pt-BR","@id":"http:\/\/www.avancoti.com.br\/novo_site\/#\/schema\/logo\/image\/","url":"http:\/\/www.avancoti.com.br\/novo_site\/wp-content\/uploads\/2016\/09\/cropped-logo-avanco-verde.png","contentUrl":"http:\/\/www.avancoti.com.br\/novo_site\/wp-content\/uploads\/2016\/09\/cropped-logo-avanco-verde.png","width":1940,"height":512,"caption":"Avan\u00e7o T.I - Solu\u00e7\u00f5es em Tecnologia"},"image":{"@id":"http:\/\/www.avancoti.com.br\/novo_site\/#\/schema\/logo\/image\/"},"sameAs":["https:\/\/www.facebook.com\/avancoti\/","https:\/\/www.instagram.com\/avancoti\/"]}]}},"_links":{"self":[{"href":"http:\/\/www.avancoti.com.br\/novo_site\/wp-json\/wp\/v2\/pages\/49","targetHints":{"allow":["GET"]}}],"collection":[{"href":"http:\/\/www.avancoti.com.br\/novo_site\/wp-json\/wp\/v2\/pages"}],"about":[{"href":"http:\/\/www.avancoti.com.br\/novo_site\/wp-json\/wp\/v2\/types\/page"}],"author":[{"embeddable":true,"href":"http:\/\/www.avancoti.com.br\/novo_site\/wp-json\/wp\/v2\/users\/1"}],"replies":[{"embeddable":true,"href":"http:\/\/www.avancoti.com.br\/novo_site\/wp-json\/wp\/v2\/comments?post=49"}],"version-history":[{"count":5,"href":"http:\/\/www.avancoti.com.br\/novo_site\/wp-json\/wp\/v2\/pages\/49\/revisions"}],"predecessor-version":[{"id":292,"href":"http:\/\/www.avancoti.com.br\/novo_site\/wp-json\/wp\/v2\/pages\/49\/revisions\/292"}],"up":[{"embeddable":true,"href":"http:\/\/www.avancoti.com.br\/novo_site\/wp-json\/wp\/v2\/pages\/168"}],"wp:attachment":[{"href":"http:\/\/www.avancoti.com.br\/novo_site\/wp-json\/wp\/v2\/media?parent=49"}],"curies":[{"name":"wp","href":"https:\/\/api.w.org\/{rel}","templated":true}]}}