{"id":91,"date":"2016-09-14T11:40:31","date_gmt":"2016-09-14T14:40:31","guid":{"rendered":"https:\/\/www.avancoti.com.br\/novo_site\/?page_id=91"},"modified":"2023-01-04T21:49:30","modified_gmt":"2023-01-05T00:49:30","slug":"suporte","status":"publish","type":"page","link":"http:\/\/www.avancoti.com.br\/novo_site\/suporte\/","title":{"rendered":"Suporte"},"content":{"rendered":"<div id=\"pl-91\"  class=\"panel-layout\" ><div id=\"pg-91-0\"  class=\"panel-grid panel-has-style\" ><div class=\"siteorigin-panels-stretch panel-row-style-full-width panel-row-style panel-row-style-for-91-0\" data-stretch-type=\"full-stretched\" ><div id=\"pgc-91-0-0\"  class=\"panel-grid-cell\" ><div id=\"panel-91-0-0-0\" class=\"so-panel widget widget_black-studio-tinymce widget_black_studio_tinymce panel-first-child panel-last-child\" data-index=\"0\" ><div class=\"textwidget\"><p><span class=\"\" style=\"display:block;clear:both;height: 0px;margin-top: -75px;border-top-width:0px;border-bottom-width:0px;\"><\/span><\/p>\n<p><img loading=\"lazy\" decoding=\"async\" class=\"aligncenter size-full wp-image-252\" src=\"https:\/\/www.avancoti.com.br\/novo_site\/wp-content\/uploads\/2016\/09\/banner-SUPORTE.jpg\" alt=\"banner-suporte\" width=\"1920\" height=\"400\" srcset=\"http:\/\/www.avancoti.com.br\/novo_site\/wp-content\/uploads\/2016\/09\/banner-SUPORTE.jpg 1920w, http:\/\/www.avancoti.com.br\/novo_site\/wp-content\/uploads\/2016\/09\/banner-SUPORTE-300x63.jpg 300w, http:\/\/www.avancoti.com.br\/novo_site\/wp-content\/uploads\/2016\/09\/banner-SUPORTE-768x160.jpg 768w, http:\/\/www.avancoti.com.br\/novo_site\/wp-content\/uploads\/2016\/09\/banner-SUPORTE-1024x213.jpg 1024w\" sizes=\"auto, (max-width: 1920px) 100vw, 1920px\" \/><\/p>\n<\/div><\/div><\/div><\/div><\/div><div id=\"pg-91-1\"  class=\"panel-grid panel-no-style\" ><div id=\"pgc-91-1-0\"  class=\"panel-grid-cell\" ><div id=\"panel-91-1-0-0\" class=\"so-panel widget widget_black-studio-tinymce widget_black_studio_tinymce panel-first-child panel-last-child\" data-index=\"1\" ><div class=\"textwidget\"><p><a href=\"https:\/\/avancoti.tomticket.com\/helpdesk\/login?\"><img loading=\"lazy\" decoding=\"async\" class=\"aligncenter wp-image-178\" src=\"https:\/\/www.avancoti.com.br\/novo_site\/wp-content\/uploads\/2016\/09\/abertura-de-chamados.gif\" alt=\"abertura-de-chamados\" width=\"144\" height=\"142\" \/><\/a><\/p>\n<\/div><\/div><\/div><div id=\"pgc-91-1-1\"  class=\"panel-grid-cell\" ><div id=\"panel-91-1-1-0\" class=\"so-panel widget widget_black-studio-tinymce widget_black_studio_tinymce panel-first-child panel-last-child\" data-index=\"2\" ><div class=\"textwidget\"><p><a href=\"http:\/\/avancoti.com.br\/cliente\/CloudBackup.zip\"><img loading=\"lazy\" decoding=\"async\" class=\"aligncenter wp-image-650\" src=\"https:\/\/www.avancoti.com.br\/novo_site\/wp-content\/uploads\/2023\/01\/backup-na-nuvem.png\" alt=\"\" width=\"146\" height=\"146\" srcset=\"http:\/\/www.avancoti.com.br\/novo_site\/wp-content\/uploads\/2023\/01\/backup-na-nuvem.png 1130w, http:\/\/www.avancoti.com.br\/novo_site\/wp-content\/uploads\/2023\/01\/backup-na-nuvem-300x300.png 300w, http:\/\/www.avancoti.com.br\/novo_site\/wp-content\/uploads\/2023\/01\/backup-na-nuvem-1024x1024.png 1024w, http:\/\/www.avancoti.com.br\/novo_site\/wp-content\/uploads\/2023\/01\/backup-na-nuvem-150x150.png 150w, http:\/\/www.avancoti.com.br\/novo_site\/wp-content\/uploads\/2023\/01\/backup-na-nuvem-768x768.png 768w\" sizes=\"auto, (max-width: 146px) 100vw, 146px\" \/><\/a><\/p>\n<\/div><\/div><\/div><div id=\"pgc-91-1-2\"  class=\"panel-grid-cell\" ><div id=\"panel-91-1-2-0\" class=\"so-panel widget widget_black-studio-tinymce widget_black_studio_tinymce panel-first-child panel-last-child\" data-index=\"3\" ><div class=\"textwidget\"><p><a href=\"http:\/\/avancoti.com.br\/cliente\/Suporte-avancoti.exe\"><img loading=\"lazy\" decoding=\"async\" class=\"aligncenter wp-image-128\" src=\"https:\/\/www.avancoti.com.br\/novo_site\/wp-content\/uploads\/2016\/09\/Suporte-Remoto-300x186.png\" alt=\"Suporte Remoto\" width=\"334\" height=\"207\" srcset=\"http:\/\/www.avancoti.com.br\/novo_site\/wp-content\/uploads\/2016\/09\/Suporte-Remoto-300x186.png 300w, http:\/\/www.avancoti.com.br\/novo_site\/wp-content\/uploads\/2016\/09\/Suporte-Remoto.png 336w\" sizes=\"auto, (max-width: 334px) 100vw, 334px\" \/><\/a><\/p>\n<\/div><\/div><\/div><div id=\"pgc-91-1-3\"  class=\"panel-grid-cell\" ><div id=\"panel-91-1-3-0\" class=\"so-panel widget widget_black-studio-tinymce widget_black_studio_tinymce panel-first-child panel-last-child\" data-index=\"4\" ><div class=\"textwidget\"><p><a href=\"https:\/\/www63.bb.com.br\/portalbb\/boleto\/boletos\/hc21e,802,3322,10343.bbx?pk_vid=780ea3fe703bfdee167287757507a6cc&amp;pk_vid=780ea3fe703bfdee167287757507a6cc&amp;pk_vid=780ea3fe703bfdee167287757507a6cc\"><img loading=\"lazy\" decoding=\"async\" class=\"aligncenter wp-image-131\" src=\"https:\/\/www.avancoti.com.br\/novo_site\/wp-content\/uploads\/2016\/09\/2\u00b0via-boleto.png\" alt=\"2via-boleto\" width=\"193\" height=\"136\" \/><\/a><\/p>\n<\/div><\/div><\/div><\/div><\/div>","protected":false},"excerpt":{"rendered":"","protected":false},"author":1,"featured_media":0,"parent":0,"menu_order":0,"comment_status":"closed","ping_status":"closed","template":"home-panels.php","meta":{"footnotes":""},"class_list":["post-91","page","type-page","status-publish","hentry","post"],"yoast_head":"<!-- This site is optimized with the Yoast SEO plugin v26.9 - https:\/\/yoast.com\/product\/yoast-seo-wordpress\/ -->\n<title>Suporte Remoto, Abertura de Chamados e 2\u00ba Via de Boleto | Avan\u00e7o T.I<\/title>\n<meta name=\"description\" content=\"Suporte Remoto, Abertura de Chamados e Suporte por e-mail. Oferecemos 2\u00ba Via do Boleto para facilitar para os nossos clientes.\" \/>\n<meta name=\"robots\" content=\"index, follow, max-snippet:-1, max-image-preview:large, max-video-preview:-1\" \/>\n<link rel=\"canonical\" href=\"http:\/\/www.avancoti.com.br\/novo_site\/suporte\/\" \/>\n<meta property=\"og:locale\" content=\"pt_BR\" \/>\n<meta property=\"og:type\" content=\"article\" \/>\n<meta property=\"og:title\" content=\"Suporte Remoto, Abertura de Chamados e 2\u00ba Via de Boleto | Avan\u00e7o T.I\" \/>\n<meta property=\"og:description\" content=\"Suporte Remoto, Abertura de Chamados e Suporte por e-mail. Oferecemos 2\u00ba Via do Boleto para facilitar para os nossos clientes.\" \/>\n<meta property=\"og:url\" content=\"http:\/\/www.avancoti.com.br\/novo_site\/suporte\/\" \/>\n<meta property=\"og:site_name\" content=\"Avan\u00e7o T.I - Solu\u00e7\u00f5es em Tecnologia\" \/>\n<meta property=\"article:publisher\" content=\"https:\/\/www.facebook.com\/avancoti\/\" \/>\n<meta property=\"article:modified_time\" content=\"2023-01-05T00:49:30+00:00\" \/>\n<meta property=\"og:image\" content=\"https:\/\/www.avancoti.com.br\/novo_site\/wp-content\/uploads\/2016\/09\/banner-SUPORTE.jpg\" \/>\n<meta name=\"twitter:card\" content=\"summary_large_image\" \/>\n<meta name=\"twitter:label1\" content=\"Est. tempo de leitura\" \/>\n\t<meta name=\"twitter:data1\" content=\"2 minutos\" \/>\n<script type=\"application\/ld+json\" class=\"yoast-schema-graph\">{\"@context\":\"https:\/\/schema.org\",\"@graph\":[{\"@type\":\"WebPage\",\"@id\":\"http:\/\/www.avancoti.com.br\/novo_site\/suporte\/\",\"url\":\"http:\/\/www.avancoti.com.br\/novo_site\/suporte\/\",\"name\":\"Suporte Remoto, Abertura de Chamados e 2\u00ba Via de Boleto | Avan\u00e7o T.I\",\"isPartOf\":{\"@id\":\"http:\/\/www.avancoti.com.br\/novo_site\/#website\"},\"primaryImageOfPage\":{\"@id\":\"http:\/\/www.avancoti.com.br\/novo_site\/suporte\/#primaryimage\"},\"image\":{\"@id\":\"http:\/\/www.avancoti.com.br\/novo_site\/suporte\/#primaryimage\"},\"thumbnailUrl\":\"https:\/\/www.avancoti.com.br\/novo_site\/wp-content\/uploads\/2016\/09\/banner-SUPORTE.jpg\",\"datePublished\":\"2016-09-14T14:40:31+00:00\",\"dateModified\":\"2023-01-05T00:49:30+00:00\",\"description\":\"Suporte Remoto, Abertura de Chamados e Suporte por e-mail. Oferecemos 2\u00ba Via do Boleto para facilitar para os nossos clientes.\",\"breadcrumb\":{\"@id\":\"http:\/\/www.avancoti.com.br\/novo_site\/suporte\/#breadcrumb\"},\"inLanguage\":\"pt-BR\",\"potentialAction\":[{\"@type\":\"ReadAction\",\"target\":[\"http:\/\/www.avancoti.com.br\/novo_site\/suporte\/\"]}]},{\"@type\":\"ImageObject\",\"inLanguage\":\"pt-BR\",\"@id\":\"http:\/\/www.avancoti.com.br\/novo_site\/suporte\/#primaryimage\",\"url\":\"https:\/\/www.avancoti.com.br\/novo_site\/wp-content\/uploads\/2016\/09\/banner-SUPORTE.jpg\",\"contentUrl\":\"https:\/\/www.avancoti.com.br\/novo_site\/wp-content\/uploads\/2016\/09\/banner-SUPORTE.jpg\"},{\"@type\":\"BreadcrumbList\",\"@id\":\"http:\/\/www.avancoti.com.br\/novo_site\/suporte\/#breadcrumb\",\"itemListElement\":[{\"@type\":\"ListItem\",\"position\":1,\"name\":\"In\u00edcio\",\"item\":\"http:\/\/www.avancoti.com.br\/novo_site\/\"},{\"@type\":\"ListItem\",\"position\":2,\"name\":\"Suporte\"}]},{\"@type\":\"WebSite\",\"@id\":\"http:\/\/www.avancoti.com.br\/novo_site\/#website\",\"url\":\"http:\/\/www.avancoti.com.br\/novo_site\/\",\"name\":\"Avan\u00e7o T.I - Solu\u00e7\u00f5es em Tecnologia\",\"description\":\"Solu\u00e7\u00f5es em Tecnologia\",\"publisher\":{\"@id\":\"http:\/\/www.avancoti.com.br\/novo_site\/#organization\"},\"potentialAction\":[{\"@type\":\"SearchAction\",\"target\":{\"@type\":\"EntryPoint\",\"urlTemplate\":\"http:\/\/www.avancoti.com.br\/novo_site\/?s={search_term_string}\"},\"query-input\":{\"@type\":\"PropertyValueSpecification\",\"valueRequired\":true,\"valueName\":\"search_term_string\"}}],\"inLanguage\":\"pt-BR\"},{\"@type\":\"Organization\",\"@id\":\"http:\/\/www.avancoti.com.br\/novo_site\/#organization\",\"name\":\"Avan\u00e7o T.I - Solu\u00e7\u00f5es em Tecnologia\",\"url\":\"http:\/\/www.avancoti.com.br\/novo_site\/\",\"logo\":{\"@type\":\"ImageObject\",\"inLanguage\":\"pt-BR\",\"@id\":\"http:\/\/www.avancoti.com.br\/novo_site\/#\/schema\/logo\/image\/\",\"url\":\"http:\/\/www.avancoti.com.br\/novo_site\/wp-content\/uploads\/2016\/09\/cropped-logo-avanco-verde.png\",\"contentUrl\":\"http:\/\/www.avancoti.com.br\/novo_site\/wp-content\/uploads\/2016\/09\/cropped-logo-avanco-verde.png\",\"width\":1940,\"height\":512,\"caption\":\"Avan\u00e7o T.I - Solu\u00e7\u00f5es em Tecnologia\"},\"image\":{\"@id\":\"http:\/\/www.avancoti.com.br\/novo_site\/#\/schema\/logo\/image\/\"},\"sameAs\":[\"https:\/\/www.facebook.com\/avancoti\/\",\"https:\/\/www.instagram.com\/avancoti\/\"]}]}<\/script>\n<!-- \/ Yoast SEO plugin. -->","yoast_head_json":{"title":"Suporte Remoto, Abertura de Chamados e 2\u00ba Via de Boleto | Avan\u00e7o T.I","description":"Suporte Remoto, Abertura de Chamados e Suporte por e-mail. Oferecemos 2\u00ba Via do Boleto para facilitar para os nossos clientes.","robots":{"index":"index","follow":"follow","max-snippet":"max-snippet:-1","max-image-preview":"max-image-preview:large","max-video-preview":"max-video-preview:-1"},"canonical":"http:\/\/www.avancoti.com.br\/novo_site\/suporte\/","og_locale":"pt_BR","og_type":"article","og_title":"Suporte Remoto, Abertura de Chamados e 2\u00ba Via de Boleto | Avan\u00e7o T.I","og_description":"Suporte Remoto, Abertura de Chamados e Suporte por e-mail. Oferecemos 2\u00ba Via do Boleto para facilitar para os nossos clientes.","og_url":"http:\/\/www.avancoti.com.br\/novo_site\/suporte\/","og_site_name":"Avan\u00e7o T.I - Solu\u00e7\u00f5es em Tecnologia","article_publisher":"https:\/\/www.facebook.com\/avancoti\/","article_modified_time":"2023-01-05T00:49:30+00:00","og_image":[{"url":"https:\/\/www.avancoti.com.br\/novo_site\/wp-content\/uploads\/2016\/09\/banner-SUPORTE.jpg","type":"","width":"","height":""}],"twitter_card":"summary_large_image","twitter_misc":{"Est. tempo de leitura":"2 minutos"},"schema":{"@context":"https:\/\/schema.org","@graph":[{"@type":"WebPage","@id":"http:\/\/www.avancoti.com.br\/novo_site\/suporte\/","url":"http:\/\/www.avancoti.com.br\/novo_site\/suporte\/","name":"Suporte Remoto, Abertura de Chamados e 2\u00ba Via de Boleto | Avan\u00e7o T.I","isPartOf":{"@id":"http:\/\/www.avancoti.com.br\/novo_site\/#website"},"primaryImageOfPage":{"@id":"http:\/\/www.avancoti.com.br\/novo_site\/suporte\/#primaryimage"},"image":{"@id":"http:\/\/www.avancoti.com.br\/novo_site\/suporte\/#primaryimage"},"thumbnailUrl":"https:\/\/www.avancoti.com.br\/novo_site\/wp-content\/uploads\/2016\/09\/banner-SUPORTE.jpg","datePublished":"2016-09-14T14:40:31+00:00","dateModified":"2023-01-05T00:49:30+00:00","description":"Suporte Remoto, Abertura de Chamados e Suporte por e-mail. Oferecemos 2\u00ba Via do Boleto para facilitar para os nossos clientes.","breadcrumb":{"@id":"http:\/\/www.avancoti.com.br\/novo_site\/suporte\/#breadcrumb"},"inLanguage":"pt-BR","potentialAction":[{"@type":"ReadAction","target":["http:\/\/www.avancoti.com.br\/novo_site\/suporte\/"]}]},{"@type":"ImageObject","inLanguage":"pt-BR","@id":"http:\/\/www.avancoti.com.br\/novo_site\/suporte\/#primaryimage","url":"https:\/\/www.avancoti.com.br\/novo_site\/wp-content\/uploads\/2016\/09\/banner-SUPORTE.jpg","contentUrl":"https:\/\/www.avancoti.com.br\/novo_site\/wp-content\/uploads\/2016\/09\/banner-SUPORTE.jpg"},{"@type":"BreadcrumbList","@id":"http:\/\/www.avancoti.com.br\/novo_site\/suporte\/#breadcrumb","itemListElement":[{"@type":"ListItem","position":1,"name":"In\u00edcio","item":"http:\/\/www.avancoti.com.br\/novo_site\/"},{"@type":"ListItem","position":2,"name":"Suporte"}]},{"@type":"WebSite","@id":"http:\/\/www.avancoti.com.br\/novo_site\/#website","url":"http:\/\/www.avancoti.com.br\/novo_site\/","name":"Avan\u00e7o T.I - Solu\u00e7\u00f5es em Tecnologia","description":"Solu\u00e7\u00f5es em Tecnologia","publisher":{"@id":"http:\/\/www.avancoti.com.br\/novo_site\/#organization"},"potentialAction":[{"@type":"SearchAction","target":{"@type":"EntryPoint","urlTemplate":"http:\/\/www.avancoti.com.br\/novo_site\/?s={search_term_string}"},"query-input":{"@type":"PropertyValueSpecification","valueRequired":true,"valueName":"search_term_string"}}],"inLanguage":"pt-BR"},{"@type":"Organization","@id":"http:\/\/www.avancoti.com.br\/novo_site\/#organization","name":"Avan\u00e7o T.I - Solu\u00e7\u00f5es em Tecnologia","url":"http:\/\/www.avancoti.com.br\/novo_site\/","logo":{"@type":"ImageObject","inLanguage":"pt-BR","@id":"http:\/\/www.avancoti.com.br\/novo_site\/#\/schema\/logo\/image\/","url":"http:\/\/www.avancoti.com.br\/novo_site\/wp-content\/uploads\/2016\/09\/cropped-logo-avanco-verde.png","contentUrl":"http:\/\/www.avancoti.com.br\/novo_site\/wp-content\/uploads\/2016\/09\/cropped-logo-avanco-verde.png","width":1940,"height":512,"caption":"Avan\u00e7o T.I - Solu\u00e7\u00f5es em Tecnologia"},"image":{"@id":"http:\/\/www.avancoti.com.br\/novo_site\/#\/schema\/logo\/image\/"},"sameAs":["https:\/\/www.facebook.com\/avancoti\/","https:\/\/www.instagram.com\/avancoti\/"]}]}},"_links":{"self":[{"href":"http:\/\/www.avancoti.com.br\/novo_site\/wp-json\/wp\/v2\/pages\/91","targetHints":{"allow":["GET"]}}],"collection":[{"href":"http:\/\/www.avancoti.com.br\/novo_site\/wp-json\/wp\/v2\/pages"}],"about":[{"href":"http:\/\/www.avancoti.com.br\/novo_site\/wp-json\/wp\/v2\/types\/page"}],"author":[{"embeddable":true,"href":"http:\/\/www.avancoti.com.br\/novo_site\/wp-json\/wp\/v2\/users\/1"}],"replies":[{"embeddable":true,"href":"http:\/\/www.avancoti.com.br\/novo_site\/wp-json\/wp\/v2\/comments?post=91"}],"version-history":[{"count":17,"href":"http:\/\/www.avancoti.com.br\/novo_site\/wp-json\/wp\/v2\/pages\/91\/revisions"}],"predecessor-version":[{"id":654,"href":"http:\/\/www.avancoti.com.br\/novo_site\/wp-json\/wp\/v2\/pages\/91\/revisions\/654"}],"wp:attachment":[{"href":"http:\/\/www.avancoti.com.br\/novo_site\/wp-json\/wp\/v2\/media?parent=91"}],"curies":[{"name":"wp","href":"https:\/\/api.w.org\/{rel}","templated":true}]}}