{"id":93,"date":"2020-11-22T20:07:00","date_gmt":"2020-11-22T23:07:00","guid":{"rendered":"https:\/\/www.avancoti.com.br\/novo_site\/?page_id=93"},"modified":"2026-03-27T21:05:25","modified_gmt":"2026-03-28T00:05:25","slug":"contato","status":"publish","type":"page","link":"http:\/\/www.avancoti.com.br\/novo_site\/contato\/","title":{"rendered":"Contato"},"content":{"rendered":"<div id=\"pl-93\"  class=\"panel-layout\" ><div id=\"pg-93-0\"  class=\"panel-grid panel-has-style\" ><div class=\"siteorigin-panels-stretch panel-row-style-full-width panel-row-style panel-row-style-for-93-0\" data-stretch-type=\"full-width-stretch\" ><div id=\"pgc-93-0-0\"  class=\"panel-grid-cell\" ><div id=\"panel-93-0-0-0\" class=\"so-panel widget widget_black-studio-tinymce widget_black_studio_tinymce panel-first-child panel-last-child\" data-index=\"0\" ><div class=\"textwidget\"><p><span class=\"\" style=\"display:block;clear:both;height: 0px;margin-top: -75px;border-top-width:0px;border-bottom-width:0px;\"><\/span><\/p>\n<p><img loading=\"lazy\" decoding=\"async\" class=\"aligncenter size-full wp-image-214\" src=\"https:\/\/www.avancoti.com.br\/novo_site\/wp-content\/uploads\/2016\/09\/banner-CONTATO.jpg\" alt=\"banner-contato\" width=\"1920\" height=\"400\" srcset=\"http:\/\/www.avancoti.com.br\/novo_site\/wp-content\/uploads\/2016\/09\/banner-CONTATO.jpg 1920w, http:\/\/www.avancoti.com.br\/novo_site\/wp-content\/uploads\/2016\/09\/banner-CONTATO-300x63.jpg 300w, http:\/\/www.avancoti.com.br\/novo_site\/wp-content\/uploads\/2016\/09\/banner-CONTATO-768x160.jpg 768w, http:\/\/www.avancoti.com.br\/novo_site\/wp-content\/uploads\/2016\/09\/banner-CONTATO-1024x213.jpg 1024w\" sizes=\"auto, (max-width: 1920px) 100vw, 1920px\" \/><\/p>\n<\/div><\/div><\/div><\/div><\/div><div id=\"pg-93-1\"  class=\"panel-grid panel-no-style\" ><div id=\"pgc-93-1-0\"  class=\"panel-grid-cell\" ><div id=\"panel-93-1-0-0\" class=\"so-panel widget widget_sow-editor panel-first-child\" data-index=\"1\" ><div\n\t\t\t\n\t\t\tclass=\"so-widget-sow-editor so-widget-sow-editor-base\"\n\t\t\t\n\t\t><h3 class=\"widget-title\">Solicite uma Proposta !<\/h3>\n<div class=\"siteorigin-widget-tinymce textwidget\">\n\t<p><span style=\"color: #000000;\">D\u00favidas, sugest\u00f5es, contrata\u00e7\u00e3o de servi\u00e7os e outros.<\/span>\u00a0<\/p>\n<\/div>\n<\/div><\/div><div id=\"panel-93-1-0-1\" class=\"so-panel widget widget_sow-editor panel-last-child\" data-index=\"2\" ><div\n\t\t\t\n\t\t\tclass=\"so-widget-sow-editor so-widget-sow-editor-base\"\n\t\t\t\n\t\t>\n<div class=\"siteorigin-widget-tinymce textwidget\">\n\t\n<div class=\"wpcf7 no-js\" id=\"wpcf7-f134-o1\" lang=\"pt-BR\" dir=\"ltr\" data-wpcf7-id=\"134\">\n<div class=\"screen-reader-response\"><p role=\"status\" aria-live=\"polite\" aria-atomic=\"true\"><\/p> <ul><\/ul><\/div>\n<form action=\"\/novo_site\/wp-json\/wp\/v2\/pages\/93#wpcf7-f134-o1\" method=\"post\" class=\"wpcf7-form init\" aria-label=\"Formul\u00e1rios de contato\" novalidate=\"novalidate\" data-status=\"init\">\n<div style=\"display: none;\">\n<input type=\"hidden\" name=\"_wpcf7\" value=\"134\" \/>\n<input type=\"hidden\" name=\"_wpcf7_version\" value=\"6.0.6\" \/>\n<input type=\"hidden\" name=\"_wpcf7_locale\" value=\"pt_BR\" \/>\n<input type=\"hidden\" name=\"_wpcf7_unit_tag\" value=\"wpcf7-f134-o1\" \/>\n<input type=\"hidden\" name=\"_wpcf7_container_post\" value=\"0\" \/>\n<input type=\"hidden\" name=\"_wpcf7_posted_data_hash\" value=\"\" \/>\n<\/div>\n<p><label> Seu nome (obrigat\u00f3rio)<br \/>\n<span class=\"wpcf7-form-control-wrap\" data-name=\"your-name\"><input size=\"40\" maxlength=\"400\" class=\"wpcf7-form-control wpcf7-text wpcf7-validates-as-required\" aria-required=\"true\" aria-invalid=\"false\" value=\"\" type=\"text\" name=\"your-name\" \/><\/span> <\/label>\n<\/p>\n<p><label> Seu Telefone (obrigat\u00f3rio)<br \/>\n<span class=\"wpcf7-form-control-wrap\" data-name=\"your-phone\"><input size=\"40\" maxlength=\"400\" class=\"wpcf7-form-control wpcf7-tel wpcf7-validates-as-required wpcf7-text wpcf7-validates-as-tel\" aria-required=\"true\" aria-invalid=\"false\" value=\"\" type=\"tel\" name=\"your-phone\" \/><\/span> <\/label>\n<\/p>\n<p><label> Seu e-mail (obrigat\u00f3rio)<br \/>\n<span class=\"wpcf7-form-control-wrap\" data-name=\"your-email\"><input size=\"40\" maxlength=\"400\" class=\"wpcf7-form-control wpcf7-email wpcf7-validates-as-required wpcf7-text wpcf7-validates-as-email\" aria-required=\"true\" aria-invalid=\"false\" value=\"\" type=\"email\" name=\"your-email\" \/><\/span> <\/label>\n<\/p>\n<p><label> Assunto<br \/>\n<span class=\"wpcf7-form-control-wrap\" data-name=\"your-subject\"><input size=\"40\" maxlength=\"400\" class=\"wpcf7-form-control wpcf7-text\" aria-invalid=\"false\" value=\"\" type=\"text\" name=\"your-subject\" \/><\/span> <\/label>\n<\/p>\n<p><label> Sua mensagem<br \/>\n<span class=\"wpcf7-form-control-wrap\" data-name=\"your-message\"><textarea cols=\"40\" rows=\"10\" maxlength=\"2000\" class=\"wpcf7-form-control wpcf7-textarea\" aria-invalid=\"false\" name=\"your-message\"><\/textarea><\/span> <\/label>\n<\/p>\n<p><input class=\"wpcf7-form-control wpcf7-submit has-spinner\" type=\"submit\" value=\"Enviar\" \/>\n<\/p><div class=\"wpcf7-response-output\" aria-hidden=\"true\"><\/div>\n<\/form>\n<\/div>\n\n<\/div>\n<\/div><\/div><\/div><div id=\"pgc-93-1-1\"  class=\"panel-grid-cell\" ><div id=\"panel-93-1-1-0\" class=\"so-panel widget widget_sow-editor panel-first-child\" data-index=\"3\" ><div\n\t\t\t\n\t\t\tclass=\"so-widget-sow-editor so-widget-sow-editor-base\"\n\t\t\t\n\t\t><h3 class=\"widget-title\">E-mail<\/h3>\n<div class=\"siteorigin-widget-tinymce textwidget\">\n\t<p><strong>comercial@avancoti.com.br<\/strong><br \/>\n<strong>contato@avancoti.com.br<\/strong><\/p>\n<\/div>\n<\/div><\/div><div id=\"panel-93-1-1-1\" class=\"so-panel widget widget_sow-editor\" data-index=\"4\" ><div\n\t\t\t\n\t\t\tclass=\"so-widget-sow-editor so-widget-sow-editor-base\"\n\t\t\t\n\t\t><h3 class=\"widget-title\">Salvador<\/h3>\n<div class=\"siteorigin-widget-tinymce textwidget\">\n\t<p><strong>(71) 3190-2604<br \/>\n(71) 9 9148-2864<br \/>\n(71) 9 9654-1617<br \/>\n<\/strong><\/p>\n<\/div>\n<\/div><\/div><div id=\"panel-93-1-1-2\" class=\"so-panel widget widget_sow-editor panel-last-child\" data-index=\"5\" ><div\n\t\t\t\n\t\t\tclass=\"so-widget-sow-editor so-widget-sow-editor-base\"\n\t\t\t\n\t\t><h3 class=\"widget-title\">Belo Horizonte<\/h3>\n<div class=\"siteorigin-widget-tinymce textwidget\">\n\t<div class=\"paragraph\"><strong>(31) 3456-6254 \/ (31) 99489-6390<\/strong><\/div>\n<div class=\"paragraph\">\u00a0<\/div>\n<div class=\"paragraph\">\u00a0<\/div>\n<\/div>\n<\/div><\/div><\/div><div id=\"pgc-93-1-2\"  class=\"panel-grid-cell\" ><div id=\"panel-93-1-2-0\" class=\"so-panel widget widget_sow-image panel-first-child\" data-index=\"6\" ><div\n\t\t\t\n\t\t\tclass=\"so-widget-sow-image so-widget-sow-image-default-8b5b6f678277-93\"\n\t\t\t\n\t\t>\n<div class=\"sow-image-container\">\n\t\t<img \n\tsrc=\"http:\/\/www.avancoti.com.br\/novo_site\/wp-content\/uploads\/2016\/09\/you-cosmeticos-brasil-net-banner-contato.jpg\" width=\"901\" height=\"201\" srcset=\"http:\/\/www.avancoti.com.br\/novo_site\/wp-content\/uploads\/2016\/09\/you-cosmeticos-brasil-net-banner-contato.jpg 901w, http:\/\/www.avancoti.com.br\/novo_site\/wp-content\/uploads\/2016\/09\/you-cosmeticos-brasil-net-banner-contato-300x67.jpg 300w, http:\/\/www.avancoti.com.br\/novo_site\/wp-content\/uploads\/2016\/09\/you-cosmeticos-brasil-net-banner-contato-768x171.jpg 768w\" sizes=\"(max-width: 901px) 100vw, 901px\" title=\"Atendimento ao Cliente\" alt=\"\" \t\tclass=\"so-widget-image\"\/>\n\t<\/div>\n\n<\/div><\/div><div id=\"panel-93-1-2-1\" class=\"so-panel widget widget_vantage-social-media panel-last-child\" data-index=\"7\" ><div class=\"panel-widget-style panel-widget-style-for-93-1-2-1\" ><a class=\"social-media-icon social-media-icon-facebook social-media-icon-size-large\" href=\"https:\/\/www.facebook.com\/avancoti\" title=\"Avan\u00e7o T.I - Solu\u00e7\u00f5es em Tecnologia Facebook\" ><span class=\"fa fa-facebook\"><\/span><\/a><a class=\"social-media-icon social-media-icon-instagram social-media-icon-size-large\" href=\"https:\/\/www.instagram.com\/avancoti\/\" title=\"Avan\u00e7o T.I - Solu\u00e7\u00f5es em Tecnologia Instagram\" ><span class=\"fa fa-instagram\"><\/span><\/a><a class=\"social-media-icon social-media-icon-envelope social-media-icon-size-large\" href=\"mailto:contato@www.avancoti.com.br\" title=\"Avan\u00e7o T.I - Solu\u00e7\u00f5es em Tecnologia Email\" ><span class=\"fa fa-envelope\"><\/span><\/a><\/div><\/div><\/div><\/div><\/div>","protected":false},"excerpt":{"rendered":"<p>D\u00favidas, sugest\u00f5es, contrata\u00e7\u00e3o de servi\u00e7os e outros.\u00a0 comercial@avancoti.com.br contato@avancoti.com.br (71) 3190-2604 (71) 9 9148-2864 (71) 9 9654-1617 (31) 3456-6254 \/ (31) 99489-6390\u00a0\u00a0<\/p>\n","protected":false},"author":1,"featured_media":0,"parent":0,"menu_order":8,"comment_status":"closed","ping_status":"closed","template":"home-panels.php","meta":{"footnotes":""},"class_list":["post-93","page","type-page","status-publish","hentry","post"],"yoast_head":"<!-- This site is optimized with the Yoast SEO plugin v26.9 - https:\/\/yoast.com\/product\/yoast-seo-wordpress\/ -->\n<title>Solicite uma proposta de or\u00e7amento | avancoti.com.br<\/title>\n<meta name=\"description\" content=\"Solicite uma proposta, envie d\u00favidas, sugest\u00f5es e criticas para o nosso e-mail. Ficaremos contentes em respond\u00ea-lo.\" \/>\n<meta name=\"robots\" content=\"index, follow, max-snippet:-1, max-image-preview:large, max-video-preview:-1\" \/>\n<link rel=\"canonical\" href=\"http:\/\/www.avancoti.com.br\/novo_site\/contato\/\" \/>\n<meta property=\"og:locale\" content=\"pt_BR\" \/>\n<meta property=\"og:type\" content=\"article\" \/>\n<meta property=\"og:title\" content=\"Solicite uma proposta de or\u00e7amento | avancoti.com.br\" \/>\n<meta property=\"og:description\" content=\"Solicite uma proposta, envie d\u00favidas, sugest\u00f5es e criticas para o nosso e-mail. Ficaremos contentes em respond\u00ea-lo.\" \/>\n<meta property=\"og:url\" content=\"http:\/\/www.avancoti.com.br\/novo_site\/contato\/\" \/>\n<meta property=\"og:site_name\" content=\"Avan\u00e7o T.I - Solu\u00e7\u00f5es em Tecnologia\" \/>\n<meta property=\"article:publisher\" content=\"https:\/\/www.facebook.com\/avancoti\/\" \/>\n<meta property=\"article:modified_time\" content=\"2026-03-28T00:05:25+00:00\" \/>\n<meta property=\"og:image\" content=\"https:\/\/www.avancoti.com.br\/novo_site\/wp-content\/uploads\/2016\/09\/banner-CONTATO.jpg\" \/>\n<meta name=\"twitter:card\" content=\"summary_large_image\" \/>\n<meta name=\"twitter:label1\" content=\"Est. tempo de leitura\" \/>\n\t<meta name=\"twitter:data1\" content=\"1 minuto\" \/>\n<script type=\"application\/ld+json\" class=\"yoast-schema-graph\">{\"@context\":\"https:\/\/schema.org\",\"@graph\":[{\"@type\":\"WebPage\",\"@id\":\"http:\/\/www.avancoti.com.br\/novo_site\/contato\/\",\"url\":\"http:\/\/www.avancoti.com.br\/novo_site\/contato\/\",\"name\":\"Solicite uma proposta de or\u00e7amento | avancoti.com.br\",\"isPartOf\":{\"@id\":\"http:\/\/www.avancoti.com.br\/novo_site\/#website\"},\"primaryImageOfPage\":{\"@id\":\"http:\/\/www.avancoti.com.br\/novo_site\/contato\/#primaryimage\"},\"image\":{\"@id\":\"http:\/\/www.avancoti.com.br\/novo_site\/contato\/#primaryimage\"},\"thumbnailUrl\":\"https:\/\/www.avancoti.com.br\/novo_site\/wp-content\/uploads\/2016\/09\/banner-CONTATO.jpg\",\"datePublished\":\"2020-11-22T23:07:00+00:00\",\"dateModified\":\"2026-03-28T00:05:25+00:00\",\"description\":\"Solicite uma proposta, envie d\u00favidas, sugest\u00f5es e criticas para o nosso e-mail. Ficaremos contentes em respond\u00ea-lo.\",\"breadcrumb\":{\"@id\":\"http:\/\/www.avancoti.com.br\/novo_site\/contato\/#breadcrumb\"},\"inLanguage\":\"pt-BR\",\"potentialAction\":[{\"@type\":\"ReadAction\",\"target\":[\"http:\/\/www.avancoti.com.br\/novo_site\/contato\/\"]}]},{\"@type\":\"ImageObject\",\"inLanguage\":\"pt-BR\",\"@id\":\"http:\/\/www.avancoti.com.br\/novo_site\/contato\/#primaryimage\",\"url\":\"http:\/\/www.avancoti.com.br\/novo_site\/wp-content\/uploads\/2016\/09\/banner-CONTATO.jpg\",\"contentUrl\":\"http:\/\/www.avancoti.com.br\/novo_site\/wp-content\/uploads\/2016\/09\/banner-CONTATO.jpg\",\"width\":1920,\"height\":400},{\"@type\":\"BreadcrumbList\",\"@id\":\"http:\/\/www.avancoti.com.br\/novo_site\/contato\/#breadcrumb\",\"itemListElement\":[{\"@type\":\"ListItem\",\"position\":1,\"name\":\"In\u00edcio\",\"item\":\"http:\/\/www.avancoti.com.br\/novo_site\/\"},{\"@type\":\"ListItem\",\"position\":2,\"name\":\"Contato\"}]},{\"@type\":\"WebSite\",\"@id\":\"http:\/\/www.avancoti.com.br\/novo_site\/#website\",\"url\":\"http:\/\/www.avancoti.com.br\/novo_site\/\",\"name\":\"Avan\u00e7o T.I - Solu\u00e7\u00f5es em Tecnologia\",\"description\":\"Solu\u00e7\u00f5es em Tecnologia\",\"publisher\":{\"@id\":\"http:\/\/www.avancoti.com.br\/novo_site\/#organization\"},\"potentialAction\":[{\"@type\":\"SearchAction\",\"target\":{\"@type\":\"EntryPoint\",\"urlTemplate\":\"http:\/\/www.avancoti.com.br\/novo_site\/?s={search_term_string}\"},\"query-input\":{\"@type\":\"PropertyValueSpecification\",\"valueRequired\":true,\"valueName\":\"search_term_string\"}}],\"inLanguage\":\"pt-BR\"},{\"@type\":\"Organization\",\"@id\":\"http:\/\/www.avancoti.com.br\/novo_site\/#organization\",\"name\":\"Avan\u00e7o T.I - Solu\u00e7\u00f5es em Tecnologia\",\"url\":\"http:\/\/www.avancoti.com.br\/novo_site\/\",\"logo\":{\"@type\":\"ImageObject\",\"inLanguage\":\"pt-BR\",\"@id\":\"http:\/\/www.avancoti.com.br\/novo_site\/#\/schema\/logo\/image\/\",\"url\":\"http:\/\/www.avancoti.com.br\/novo_site\/wp-content\/uploads\/2016\/09\/cropped-logo-avanco-verde.png\",\"contentUrl\":\"http:\/\/www.avancoti.com.br\/novo_site\/wp-content\/uploads\/2016\/09\/cropped-logo-avanco-verde.png\",\"width\":1940,\"height\":512,\"caption\":\"Avan\u00e7o T.I - Solu\u00e7\u00f5es em Tecnologia\"},\"image\":{\"@id\":\"http:\/\/www.avancoti.com.br\/novo_site\/#\/schema\/logo\/image\/\"},\"sameAs\":[\"https:\/\/www.facebook.com\/avancoti\/\",\"https:\/\/www.instagram.com\/avancoti\/\"]}]}<\/script>\n<!-- \/ Yoast SEO plugin. -->","yoast_head_json":{"title":"Solicite uma proposta de or\u00e7amento | avancoti.com.br","description":"Solicite uma proposta, envie d\u00favidas, sugest\u00f5es e criticas para o nosso e-mail. Ficaremos contentes em respond\u00ea-lo.","robots":{"index":"index","follow":"follow","max-snippet":"max-snippet:-1","max-image-preview":"max-image-preview:large","max-video-preview":"max-video-preview:-1"},"canonical":"http:\/\/www.avancoti.com.br\/novo_site\/contato\/","og_locale":"pt_BR","og_type":"article","og_title":"Solicite uma proposta de or\u00e7amento | avancoti.com.br","og_description":"Solicite uma proposta, envie d\u00favidas, sugest\u00f5es e criticas para o nosso e-mail. Ficaremos contentes em respond\u00ea-lo.","og_url":"http:\/\/www.avancoti.com.br\/novo_site\/contato\/","og_site_name":"Avan\u00e7o T.I - Solu\u00e7\u00f5es em Tecnologia","article_publisher":"https:\/\/www.facebook.com\/avancoti\/","article_modified_time":"2026-03-28T00:05:25+00:00","og_image":[{"url":"https:\/\/www.avancoti.com.br\/novo_site\/wp-content\/uploads\/2016\/09\/banner-CONTATO.jpg","type":"","width":"","height":""}],"twitter_card":"summary_large_image","twitter_misc":{"Est. tempo de leitura":"1 minuto"},"schema":{"@context":"https:\/\/schema.org","@graph":[{"@type":"WebPage","@id":"http:\/\/www.avancoti.com.br\/novo_site\/contato\/","url":"http:\/\/www.avancoti.com.br\/novo_site\/contato\/","name":"Solicite uma proposta de or\u00e7amento | avancoti.com.br","isPartOf":{"@id":"http:\/\/www.avancoti.com.br\/novo_site\/#website"},"primaryImageOfPage":{"@id":"http:\/\/www.avancoti.com.br\/novo_site\/contato\/#primaryimage"},"image":{"@id":"http:\/\/www.avancoti.com.br\/novo_site\/contato\/#primaryimage"},"thumbnailUrl":"https:\/\/www.avancoti.com.br\/novo_site\/wp-content\/uploads\/2016\/09\/banner-CONTATO.jpg","datePublished":"2020-11-22T23:07:00+00:00","dateModified":"2026-03-28T00:05:25+00:00","description":"Solicite uma proposta, envie d\u00favidas, sugest\u00f5es e criticas para o nosso e-mail. Ficaremos contentes em respond\u00ea-lo.","breadcrumb":{"@id":"http:\/\/www.avancoti.com.br\/novo_site\/contato\/#breadcrumb"},"inLanguage":"pt-BR","potentialAction":[{"@type":"ReadAction","target":["http:\/\/www.avancoti.com.br\/novo_site\/contato\/"]}]},{"@type":"ImageObject","inLanguage":"pt-BR","@id":"http:\/\/www.avancoti.com.br\/novo_site\/contato\/#primaryimage","url":"http:\/\/www.avancoti.com.br\/novo_site\/wp-content\/uploads\/2016\/09\/banner-CONTATO.jpg","contentUrl":"http:\/\/www.avancoti.com.br\/novo_site\/wp-content\/uploads\/2016\/09\/banner-CONTATO.jpg","width":1920,"height":400},{"@type":"BreadcrumbList","@id":"http:\/\/www.avancoti.com.br\/novo_site\/contato\/#breadcrumb","itemListElement":[{"@type":"ListItem","position":1,"name":"In\u00edcio","item":"http:\/\/www.avancoti.com.br\/novo_site\/"},{"@type":"ListItem","position":2,"name":"Contato"}]},{"@type":"WebSite","@id":"http:\/\/www.avancoti.com.br\/novo_site\/#website","url":"http:\/\/www.avancoti.com.br\/novo_site\/","name":"Avan\u00e7o T.I - Solu\u00e7\u00f5es em Tecnologia","description":"Solu\u00e7\u00f5es em Tecnologia","publisher":{"@id":"http:\/\/www.avancoti.com.br\/novo_site\/#organization"},"potentialAction":[{"@type":"SearchAction","target":{"@type":"EntryPoint","urlTemplate":"http:\/\/www.avancoti.com.br\/novo_site\/?s={search_term_string}"},"query-input":{"@type":"PropertyValueSpecification","valueRequired":true,"valueName":"search_term_string"}}],"inLanguage":"pt-BR"},{"@type":"Organization","@id":"http:\/\/www.avancoti.com.br\/novo_site\/#organization","name":"Avan\u00e7o T.I - Solu\u00e7\u00f5es em Tecnologia","url":"http:\/\/www.avancoti.com.br\/novo_site\/","logo":{"@type":"ImageObject","inLanguage":"pt-BR","@id":"http:\/\/www.avancoti.com.br\/novo_site\/#\/schema\/logo\/image\/","url":"http:\/\/www.avancoti.com.br\/novo_site\/wp-content\/uploads\/2016\/09\/cropped-logo-avanco-verde.png","contentUrl":"http:\/\/www.avancoti.com.br\/novo_site\/wp-content\/uploads\/2016\/09\/cropped-logo-avanco-verde.png","width":1940,"height":512,"caption":"Avan\u00e7o T.I - Solu\u00e7\u00f5es em Tecnologia"},"image":{"@id":"http:\/\/www.avancoti.com.br\/novo_site\/#\/schema\/logo\/image\/"},"sameAs":["https:\/\/www.facebook.com\/avancoti\/","https:\/\/www.instagram.com\/avancoti\/"]}]}},"_links":{"self":[{"href":"http:\/\/www.avancoti.com.br\/novo_site\/wp-json\/wp\/v2\/pages\/93","targetHints":{"allow":["GET"]}}],"collection":[{"href":"http:\/\/www.avancoti.com.br\/novo_site\/wp-json\/wp\/v2\/pages"}],"about":[{"href":"http:\/\/www.avancoti.com.br\/novo_site\/wp-json\/wp\/v2\/types\/page"}],"author":[{"embeddable":true,"href":"http:\/\/www.avancoti.com.br\/novo_site\/wp-json\/wp\/v2\/users\/1"}],"replies":[{"embeddable":true,"href":"http:\/\/www.avancoti.com.br\/novo_site\/wp-json\/wp\/v2\/comments?post=93"}],"version-history":[{"count":0,"href":"http:\/\/www.avancoti.com.br\/novo_site\/wp-json\/wp\/v2\/pages\/93\/revisions"}],"wp:attachment":[{"href":"http:\/\/www.avancoti.com.br\/novo_site\/wp-json\/wp\/v2\/media?parent=93"}],"curies":[{"name":"wp","href":"https:\/\/api.w.org\/{rel}","templated":true}]}}